{"id":731708,"date":"2025-08-27T21:37:09","date_gmt":"2025-08-27T18:37:09","guid":{"rendered":"https:\/\/roveyayinevi.com.tr\/index.php\/urun\/devlet-ve-fert\/"},"modified":"2026-04-14T02:49:25","modified_gmt":"2026-04-13T23:49:25","slug":"devlet-ve-fert","status":"publish","type":"product","link":"https:\/\/roveyayinevi.com.tr\/index.php\/urun\/devlet-ve-fert\/","title":{"rendered":"Devlet Ve Fert"},"content":{"rendered":"<p>\u015eevket S\u00fcreyya, \u201cKadro\u201dda yay\u0131mlad\u0131\u011f\u0131 yaz\u0131lar\u0131n\u0131 biraraya getirip 1932 y\u0131l\u0131nda \u0130nk\u0131lap ve Kadro ad\u0131yla yay\u0131mlar. Ayn\u0131 y\u0131l Cumhuriyet gazetesinde, A\u011fao\u011flu Ahmet Bey\u2019in bu kitab\u0131 ele\u015ftiren yaz\u0131lar\u0131 yay\u0131mlan\u0131r. Bu ele\u015ftiri yaz\u0131lar\u0131na, yine ayn\u0131 gazetede, \u015eevket S\u00fcreyya ile Yakup Kadri\u2019nin verdi\u011fi cevaplar da yay\u0131mlan\u0131r. 1933 y\u0131l\u0131nda A\u011fao\u011flu Ahmet Bey kendi yaz\u0131lar\u0131 ile kendisine y\u00f6neltilen ele\u015ftirilere verdi\u011fi cevaplar\u0131 i\u00e7eren Devlet ve Fert adl\u0131 kitab\u0131 yay\u0131mlar.   \u0130nk\u0131lap ve Kadro\u2019nun sonradan bask\u0131lar\u0131 yap\u0131lsa da (ayr\u0131ca \u201cKadro\u201dnun toplu bas\u0131m\u0131 da ger\u00e7ekle\u015ftirilmi\u015ftir) Devlet ve Fert bu ilk bask\u0131s\u0131ndan sonra bir daha yay\u0131mlanmaz. Dolay\u0131s\u0131yla, otuzlu y\u0131llar\u0131n ba\u015flar\u0131nda, T\u00fcrk d\u00fc\u015f\u00fcnce tarihinde \u00f6nemli bir yeri olan bu tart\u0131\u015fma, g\u00fcn\u00fcm\u00fcze tek tarafl\u0131 olarak gelir, Devlet ve Fert unutulur.   Devlet ve Fert\u2019in bu bask\u0131s\u0131, birtak\u0131m yaz\u0131m yanl\u0131\u015flar\u0131n\u0131n d\u00fczeltilmesi d\u0131\u015f\u0131nda, ilk bask\u0131daki haliyle yap\u0131lm\u0131\u015ft\u0131r. Yaln\u0131z, bug\u00fcn metni okumay\u0131 g\u00fc\u00e7le\u015ftirdi\u011fi d\u00fc\u015f\u00fcn\u00fclen baz\u0131 tabirlerin yerine, k\u00f6\u015feli ayra\u00e7 i\u00e7erisinde bu tabirlerin bug\u00fcnk\u00fc kullan\u0131mlar\u0131 verilmi\u015ftir. \u015eevket S\u00fcreyya, \u201cKadro\u201dda yay\u0131mlad\u0131\u011f\u0131 yaz\u0131lar\u0131n\u0131 biraraya getirip 1932 y\u0131l\u0131nda \u0130nk\u0131lap ve Kadro ad\u0131yla yay\u0131mlar. Ayn\u0131 y\u0131l Cumhuriyet gazetesinde, A\u011fao\u011flu Ahmet Bey\u2019in bu kitab\u0131 ele\u015ftiren yaz\u0131lar\u0131 yay\u0131mlan\u0131r. Bu ele\u015ftiri yaz\u0131lar\u0131na, yine ayn\u0131 gazetede, \u015eevket S\u00fcreyya ile Yakup Kadri\u2019nin verdi\u011fi cevaplar da yay\u0131mlan\u0131r. 1933 y\u0131l\u0131nda A\u011fao\u011flu Ahmet Bey kendi yaz\u0131lar\u0131 ile kendisine y\u00f6neltilen ele\u015ftirilere verdi\u011fi cevaplar\u0131 i\u00e7eren Devlet ve Fert adl\u0131 kitab\u0131 yay\u0131mlar.   \u0130nk\u0131lap ve Kadro\u2019nun sonradan bask\u0131lar\u0131 yap\u0131lsa da (ayr\u0131ca \u201cKadro\u201dnun toplu bas\u0131m\u0131 da ger\u00e7ekle\u015ftirilmi\u015ftir) Devlet ve Fert bu ilk bask\u0131s\u0131ndan sonra bir daha yay\u0131mlanmaz. Dolay\u0131s\u0131yla, otuzlu y\u0131llar\u0131n ba\u015flar\u0131nda, T\u00fcrk d\u00fc\u015f\u00fcnce tarihinde \u00f6nemli bir yeri olan bu tart\u0131\u015fma, g\u00fcn\u00fcm\u00fcze tek tarafl\u0131 olarak gelir, Devlet ve Fert unutulur.   Devlet ve Fert\u2019in bu bask\u0131s\u0131, birtak\u0131m yaz\u0131m yanl\u0131\u015flar\u0131n\u0131n d\u00fczeltilmesi d\u0131\u015f\u0131nda, ilk bask\u0131daki haliyle yap\u0131lm\u0131\u015ft\u0131r. Yaln\u0131z, bug\u00fcn metni okumay\u0131 g\u00fc\u00e7le\u015ftirdi\u011fi d\u00fc\u015f\u00fcn\u00fclen baz\u0131 tabirlerin yerine, k\u00f6\u015feli ayra\u00e7 i\u00e7erisinde bu tabirlerin bug\u00fcnk\u00fc kullan\u0131mlar\u0131 verilmi\u015ftir. <\/p>\n","protected":false},"excerpt":{"rendered":"<p>\u015eevket S\u00fcreyya, \u201cKadro\u201dda yay\u0131mlad\u0131\u011f\u0131 yaz\u0131lar\u0131n\u0131 biraraya getirip 1932 y\u0131l\u0131nda \u0130nk\u0131lap ve Kadro ad\u0131yla yay\u0131mlar. Ayn\u0131 y\u0131l Cumhuriyet gazetesinde, A\u011fao\u011flu Ahmet Bey\u2019in bu kitab\u0131 ele\u015ftiren yaz\u0131lar\u0131 yay\u0131mlan\u0131r.<span class=\"excerpt-hellip\"> [\u2026]<\/span><\/p>\n","protected":false},"featured_media":0,"template":"","meta":{"_monsterinsights_skip_tracking":false,"_monsterinsights_sitenote_active":false,"_monsterinsights_sitenote_note":"","_monsterinsights_sitenote_category":0},"product_brand":[],"product_cat":[13590,12337],"product_tag":[],"class_list":{"0":"post-731708","1":"product","2":"type-product","3":"status-publish","5":"product_cat-arastirma-inceleme-politika-siyaset","6":"product_cat-politika-siyaset","7":"pa_cilt-ciltsiz","8":"pa_tur-kitap","9":"pa_yayinevi-bilgesu-yayincilik","10":"pa_yazar-ahmet-agaoglu","12":"first","13":"instock","14":"sale","15":"shipping-taxable","16":"purchasable","17":"product-type-simple"},"_links":{"self":[{"href":"https:\/\/roveyayinevi.com.tr\/index.php\/wp-json\/wp\/v2\/product\/731708","targetHints":{"allow":["GET"]}}],"collection":[{"href":"https:\/\/roveyayinevi.com.tr\/index.php\/wp-json\/wp\/v2\/product"}],"about":[{"href":"https:\/\/roveyayinevi.com.tr\/index.php\/wp-json\/wp\/v2\/types\/product"}],"wp:attachment":[{"href":"https:\/\/roveyayinevi.com.tr\/index.php\/wp-json\/wp\/v2\/media?parent=731708"}],"wp:term":[{"taxonomy":"product_brand","embeddable":true,"href":"https:\/\/roveyayinevi.com.tr\/index.php\/wp-json\/wp\/v2\/product_brand?post=731708"},{"taxonomy":"product_cat","embeddable":true,"href":"https:\/\/roveyayinevi.com.tr\/index.php\/wp-json\/wp\/v2\/product_cat?post=731708"},{"taxonomy":"product_tag","embeddable":true,"href":"https:\/\/roveyayinevi.com.tr\/index.php\/wp-json\/wp\/v2\/product_tag?post=731708"}],"curies":[{"name":"wp","href":"https:\/\/api.w.org\/{rel}","templated":true}]}}