{"id":731706,"date":"2025-08-27T21:37:07","date_gmt":"2025-08-27T18:37:07","guid":{"rendered":"https:\/\/roveyayinevi.com.tr\/index.php\/urun\/neden-simdi-kaygi-bozuklukluklarina-klinik-bir-bakis\/"},"modified":"2026-04-16T02:39:45","modified_gmt":"2026-04-15T23:39:45","slug":"neden-simdi-kaygi-bozuklukluklarina-klinik-bir-bakis","status":"publish","type":"product","link":"https:\/\/roveyayinevi.com.tr\/index.php\/urun\/neden-simdi-kaygi-bozuklukluklarina-klinik-bir-bakis\/","title":{"rendered":"Neden \u015eimdi  Kayg\u0131 Bozuklukluklar\u0131na Klinik Bir Bak\u0131\u015f"},"content":{"rendered":"<p>Kayg\u0131, ki\u015finin kendini savunmas\u0131n\u0131 sa\u011flayan ve ruhsal ya\u015fam\u0131 i\u00e7in ilerletici bir g\u00fc\u00e7 unsurudur. \u00d6te yandan kayg\u0131n\u0131n ne zaman ve nas\u0131l, hangi ko\u015fullar alt\u0131nda uyumsuz bir i\u015fleve sahip oldu\u011fu \u00f6nemli bir konudur. S\u00fcrekli kayg\u0131 hissetmek ki\u015fiyi yoran ve ya\u015fam i\u015flevini azaltan bir durumdur. Kayg\u0131 bozuklu\u011funda tedavi hedefi, ki\u015finin kayg\u0131s\u0131n\u0131 tamamen yok etmek de\u011fil, yararl\u0131 olmayan ve ya\u015fam i\u015flevselli\u011fini bozan tasalanma d\u00fczeyini azaltmakt\u0131r. Neden \u015eimdi? kayg\u0131 bozukluklar\u0131na klinik bir bak\u0131\u015f sunarak, kayg\u0131 bozukluklar\u0131n\u0131n t\u00fcrlerini, nedenlerini ve tedavi y\u00f6ntemlerini ele alarak, bilimsel olarak test edilmi\u015f teknikleri ele alm\u0131\u015ft\u0131r. Ger\u00e7ekle\u015ftirilmi\u015f ara\u015ft\u0131rmalar sonucu ortaya \u00e7\u0131kan bulgularla desteklenen kitap, kayg\u0131n\u0131n do\u011fumdan itibaren olan geli\u015fimini ve \u00f6zelliklerini tan\u0131tarak pratik uygulamalarla zenginle\u015ftirilmi\u015ftir<\/p>\n","protected":false},"excerpt":{"rendered":"<p>Kayg\u0131, ki\u015finin kendini savunmas\u0131n\u0131 sa\u011flayan ve ruhsal ya\u015fam\u0131 i\u00e7in ilerletici bir g\u00fc\u00e7 unsurudur. \u00d6te yandan kayg\u0131n\u0131n ne zaman ve nas\u0131l, hangi ko\u015fullar alt\u0131nda uyumsuz bir i\u015fleve<span class=\"excerpt-hellip\"> [\u2026]<\/span><\/p>\n","protected":false},"featured_media":0,"template":"","meta":{"_monsterinsights_skip_tracking":false,"_monsterinsights_sitenote_active":false,"_monsterinsights_sitenote_note":"","_monsterinsights_sitenote_category":0},"product_brand":[],"product_cat":[17996,12364],"product_tag":[],"class_list":{"0":"post-731706","1":"product","2":"type-product","3":"status-publish","5":"product_cat-ebeveyn-kitaplari","6":"product_cat-genel-konular","7":"pa_cilt-ciltsiz","8":"pa_tur-kitap","9":"pa_yayinevi-egiten-kitap","10":"pa_yazar-kahraman-guler-bahar-akoglu","12":"first","13":"instock","14":"sale","15":"shipping-taxable","16":"purchasable","17":"product-type-simple"},"_links":{"self":[{"href":"https:\/\/roveyayinevi.com.tr\/index.php\/wp-json\/wp\/v2\/product\/731706","targetHints":{"allow":["GET"]}}],"collection":[{"href":"https:\/\/roveyayinevi.com.tr\/index.php\/wp-json\/wp\/v2\/product"}],"about":[{"href":"https:\/\/roveyayinevi.com.tr\/index.php\/wp-json\/wp\/v2\/types\/product"}],"wp:attachment":[{"href":"https:\/\/roveyayinevi.com.tr\/index.php\/wp-json\/wp\/v2\/media?parent=731706"}],"wp:term":[{"taxonomy":"product_brand","embeddable":true,"href":"https:\/\/roveyayinevi.com.tr\/index.php\/wp-json\/wp\/v2\/product_brand?post=731706"},{"taxonomy":"product_cat","embeddable":true,"href":"https:\/\/roveyayinevi.com.tr\/index.php\/wp-json\/wp\/v2\/product_cat?post=731706"},{"taxonomy":"product_tag","embeddable":true,"href":"https:\/\/roveyayinevi.com.tr\/index.php\/wp-json\/wp\/v2\/product_tag?post=731706"}],"curies":[{"name":"wp","href":"https:\/\/api.w.org\/{rel}","templated":true}]}}