{"id":731705,"date":"2025-08-27T21:37:06","date_gmt":"2025-08-27T18:37:06","guid":{"rendered":"https:\/\/roveyayinevi.com.tr\/index.php\/urun\/gercegi-arayis-insanligin-bitmeyen-savasi\/"},"modified":"2026-04-16T02:39:45","modified_gmt":"2026-04-15T23:39:45","slug":"gercegi-arayis-insanligin-bitmeyen-savasi","status":"publish","type":"product","link":"https:\/\/roveyayinevi.com.tr\/index.php\/urun\/gercegi-arayis-insanligin-bitmeyen-savasi\/","title":{"rendered":"Ger\u00e7e\u011fi Aray\u0131\u015f \u0130nsanl\u0131\u011f\u0131n Bitmeyen Sava\u015f\u0131"},"content":{"rendered":"<p>\u201c\u2026\u0130nsanl\u0131k tarih \u00f6ncesinden beri b\u00fcy\u00fck bir m\u00fccadele i\u00e7inde: Ger\u00e7e\u011fi Aray\u0131\u015f\u2026  Bu sava\u015f hi\u00e7 bitmiyor, bitmeyecek de. \u0130nsan ya\u015famak ister; neslini s\u00fcrd\u00fcrmek ister. \u00d6te yandan merak eder, ya\u015fad\u0131\u011f\u0131 evrenin ger\u00e7eklerini \u00f6\u011frenmek ister.       Ger\u00e7ekleri \u00f6\u011frenmek insano\u011flunun temel bir i\u00e7g\u00fcd\u00fcs\u00fcd\u00fcr. Bug\u00fcn biz ger\u00e7ekleri bilimler sayesinde \u00f6\u011freniyoruz. Bilimler, ger\u00e7ekleri Bilimsel metotla ke\u015ffediyor. \u0130nsanl\u0131k; ger\u00e7ekleri, duyumsal bilgilerden rasyonel bilgilere y\u00fckselerek, duyumlar\u0131n\u0131 ak\u0131l yetene\u011fiyle i\u015fleyerek bulmaktad\u0131r. Bu ger\u00e7eklere uyum sa\u011flayarak da ya\u015fam\u0131n\u0131 s\u00fcrd\u00fcrmeye ve kalitece y\u00fckseltmeye \u00e7al\u0131\u015f\u0131yor. Elinizdeki kitap insanl\u0131\u011f\u0131n, ger\u00e7e\u011fi aray\u0131\u015f ser\u00fcveninde u\u011frad\u0131\u011f\u0131 ba\u015fl\u0131ca konaklar\u0131n \u00f6zl\u00fc bir sunumudur. Bu b\u00fcy\u00fck tarih\u00ee yolculuk d\u00fcmd\u00fcz bir yolda, hi\u00e7bir engelle kar\u015f\u0131la\u015fmadan, sorunsuz bir \u015fekilde mi ger\u00e7ekle\u015fti? Elbette hay\u0131r! \u00c7\u00fcnk\u00fc insan akl\u0131 ve duyu organlar\u0131 m\u00fckemmel de\u011fil. Ayr\u0131ca \u00e7\u0131kar kayg\u0131lar\u0131 var. Yan\u0131lmalar, d\u00fc\u015f\u00fcnme hatalar\u0131, sapt\u0131rmalar oluyor. Engeller g\u00fcn\u00fcm\u00fczde de her yerde, T\u00fcrkiye\u2019de de varl\u0131\u011f\u0131n\u0131 s\u00fcrd\u00fcr\u00fcyor. Kitapta bunlar hakk\u0131nda da geni\u015f bilgi veriliyor. Bu yap\u0131t\u0131n temelinde \u00f6\u011fretim \u00fcyesi olarak \u00e7al\u0131\u015ft\u0131\u011f\u0131m uzun y\u0131llar boyunca verdi\u011fim ara\u015ft\u0131rma y\u00f6ntemleri dersinin birikimi vard\u0131r. Gerek sunum gerekse anlat\u0131m bak\u0131m\u0131ndan ilk kayg\u0131lar\u0131mdan biri herkes\u00e7e kolay anla\u015f\u0131l\u0131r bir \u00fcslup kullanmak oldu. Umar\u0131m, ba\u015fta gen\u00e7 ku\u015faklar olmak \u00fczere yurtta\u015flar\u0131ma faydal\u0131 olacak bir yap\u0131t ortaya koymu\u015fumdur\u2026\u201d Prof. Dr. Cihan Dura                                                                      \u0130yi Okumalar\u2026 <\/p>\n","protected":false},"excerpt":{"rendered":"<p>\u201c\u2026\u0130nsanl\u0131k tarih \u00f6ncesinden beri b\u00fcy\u00fck bir m\u00fccadele i\u00e7inde: Ger\u00e7e\u011fi Aray\u0131\u015f\u2026 Bu sava\u015f hi\u00e7 bitmiyor, bitmeyecek de. \u0130nsan ya\u015famak ister; neslini s\u00fcrd\u00fcrmek ister. \u00d6te yandan merak eder,<span class=\"excerpt-hellip\"> [\u2026]<\/span><\/p>\n","protected":false},"featured_media":0,"template":"","meta":{"_monsterinsights_skip_tracking":false,"_monsterinsights_sitenote_active":false,"_monsterinsights_sitenote_note":"","_monsterinsights_sitenote_category":0},"product_brand":[],"product_cat":[20351,12388],"product_tag":[],"class_list":{"0":"post-731705","1":"product","2":"type-product","3":"status-publish","5":"product_cat-dusunce","6":"product_cat-felsefe","7":"pa_cilt-ciltsiz","8":"pa_tur-kitap","9":"pa_yayinevi-galeati-yayincilik","10":"pa_yazar-cihan-dura","12":"first","13":"instock","14":"sale","15":"shipping-taxable","16":"purchasable","17":"product-type-simple"},"_links":{"self":[{"href":"https:\/\/roveyayinevi.com.tr\/index.php\/wp-json\/wp\/v2\/product\/731705","targetHints":{"allow":["GET"]}}],"collection":[{"href":"https:\/\/roveyayinevi.com.tr\/index.php\/wp-json\/wp\/v2\/product"}],"about":[{"href":"https:\/\/roveyayinevi.com.tr\/index.php\/wp-json\/wp\/v2\/types\/product"}],"wp:attachment":[{"href":"https:\/\/roveyayinevi.com.tr\/index.php\/wp-json\/wp\/v2\/media?parent=731705"}],"wp:term":[{"taxonomy":"product_brand","embeddable":true,"href":"https:\/\/roveyayinevi.com.tr\/index.php\/wp-json\/wp\/v2\/product_brand?post=731705"},{"taxonomy":"product_cat","embeddable":true,"href":"https:\/\/roveyayinevi.com.tr\/index.php\/wp-json\/wp\/v2\/product_cat?post=731705"},{"taxonomy":"product_tag","embeddable":true,"href":"https:\/\/roveyayinevi.com.tr\/index.php\/wp-json\/wp\/v2\/product_tag?post=731705"}],"curies":[{"name":"wp","href":"https:\/\/api.w.org\/{rel}","templated":true}]}}