{"id":731703,"date":"2025-08-27T21:37:05","date_gmt":"2025-08-27T18:37:05","guid":{"rendered":"https:\/\/roveyayinevi.com.tr\/index.php\/urun\/jupiterin-mirasi-cilt-3\/"},"modified":"2026-04-16T02:39:45","modified_gmt":"2026-04-15T23:39:45","slug":"jupiterin-mirasi-cilt-3","status":"publish","type":"product","link":"https:\/\/roveyayinevi.com.tr\/index.php\/urun\/jupiterin-mirasi-cilt-3\/","title":{"rendered":"J\u00fcpiter\u2019in Miras\u0131 Cilt 3"},"content":{"rendered":"<p>Gizemli bir adada s\u00fcper g\u00fc\u00e7ler kazanan be\u015f yak\u0131n arkada\u015f \u00e7\u00f6kmek \u00fczere olan 1920\u2019ler Amerika\u2019s\u0131n\u0131 kurtarm\u0131\u015ft\u0131. Doksan y\u0131l sonra, Amerika tekrar bir\u00e7ok krizle y\u00fczle\u015fiyordu. S\u00fcperkahraman grubunun lideri \u00dctopyac\u0131 sisteme g\u00fcvenirken karde\u015fi Walter ise de\u011fi\u015fiklikten yanayd\u0131. Art\u0131k ya\u015flanm\u0131\u015f olan s\u00fcperkahramanlar hem birbirleriyle hem de s\u00fcper g\u00fc\u00e7l\u00fc \u00e7ocuklar\u0131yla s\u0131k\u0131nt\u0131lar ya\u015farken bir ailenin da\u011f\u0131lmas\u0131 sadece Amerika\u2019y\u0131 de\u011fil, t\u00fcm d\u00fcnyay\u0131 kaosun e\u015fi\u011fine getirecekti.   KICK-ASS ve MARVEL\/\u0130\u00c7 SAVA\u015e\u2019\u0131n yarat\u0131c\u0131s\u0131 Mark Millar\u2019\u0131n yazd\u0131\u011f\u0131 ve Frank Quitely\u2019nin (3\u00dcZ, ALL-STAR SUPERMAN) \u00e7izdi\u011fi J\u00fcpiter\u2019in Miras\u0131 Cilt 3, s\u00fcperkahramanlar\u0131n gizli kapakl\u0131, problemli ya\u015famlar\u0131na yak\u0131ndan bakan, Watchmen ve The Boys sevenlerin bay\u0131laca\u011f\u0131 bir \u00e7izgi roman. <\/p>\n","protected":false},"excerpt":{"rendered":"<p>Gizemli bir adada s\u00fcper g\u00fc\u00e7ler kazanan be\u015f yak\u0131n arkada\u015f \u00e7\u00f6kmek \u00fczere olan 1920\u2019ler Amerika\u2019s\u0131n\u0131 kurtarm\u0131\u015ft\u0131. Doksan y\u0131l sonra, Amerika tekrar bir\u00e7ok krizle y\u00fczle\u015fiyordu. S\u00fcperkahraman grubunun lideri<span class=\"excerpt-hellip\"> [\u2026]<\/span><\/p>\n","protected":false},"featured_media":0,"template":"","meta":{"_monsterinsights_skip_tracking":false,"_monsterinsights_sitenote_active":false,"_monsterinsights_sitenote_note":"","_monsterinsights_sitenote_category":0},"product_brand":[],"product_cat":[12689,12274],"product_tag":[],"class_list":{"0":"post-731703","1":"product","2":"type-product","3":"status-publish","5":"product_cat-cizgi-roman-cocuk-ve-genclik-kitaplari","6":"product_cat-cocuk-ve-genclik-kitaplari","7":"pa_cilt-ciltsiz","8":"pa_tur-kitap","9":"pa_yayinevi-ithaki-yayinlari","10":"pa_yazar-mark-millar","12":"first","13":"instock","14":"sale","15":"shipping-taxable","16":"purchasable","17":"product-type-simple"},"_links":{"self":[{"href":"https:\/\/roveyayinevi.com.tr\/index.php\/wp-json\/wp\/v2\/product\/731703","targetHints":{"allow":["GET"]}}],"collection":[{"href":"https:\/\/roveyayinevi.com.tr\/index.php\/wp-json\/wp\/v2\/product"}],"about":[{"href":"https:\/\/roveyayinevi.com.tr\/index.php\/wp-json\/wp\/v2\/types\/product"}],"wp:attachment":[{"href":"https:\/\/roveyayinevi.com.tr\/index.php\/wp-json\/wp\/v2\/media?parent=731703"}],"wp:term":[{"taxonomy":"product_brand","embeddable":true,"href":"https:\/\/roveyayinevi.com.tr\/index.php\/wp-json\/wp\/v2\/product_brand?post=731703"},{"taxonomy":"product_cat","embeddable":true,"href":"https:\/\/roveyayinevi.com.tr\/index.php\/wp-json\/wp\/v2\/product_cat?post=731703"},{"taxonomy":"product_tag","embeddable":true,"href":"https:\/\/roveyayinevi.com.tr\/index.php\/wp-json\/wp\/v2\/product_tag?post=731703"}],"curies":[{"name":"wp","href":"https:\/\/api.w.org\/{rel}","templated":true}]}}