{"id":731702,"date":"2025-08-27T21:37:04","date_gmt":"2025-08-27T18:37:04","guid":{"rendered":"https:\/\/roveyayinevi.com.tr\/index.php\/urun\/minik-madam-tussaudnun-olaganustu-hayati\/"},"modified":"2026-04-16T02:39:45","modified_gmt":"2026-04-15T23:39:45","slug":"minik-madam-tussaudnun-olaganustu-hayati","status":"publish","type":"product","link":"https:\/\/roveyayinevi.com.tr\/index.php\/urun\/minik-madam-tussaudnun-olaganustu-hayati\/","title":{"rendered":"Minik: Madam Tussaud\u2019nun Ola\u011fan\u00fcst\u00fc Hayat\u0131"},"content":{"rendered":"<p>1761\u2019de, \u0130svi\u00e7re\u2019nin bir k\u00f6y\u00fcnde ufac\u0131k, tuhaf g\u00f6r\u00fcn\u00fc\u015fl\u00fc, Marie ad\u0131nda bir k\u0131z do\u011facak. B\u00fcy\u00fcd\u00fc\u011f\u00fcnde kendini Madam Tussaud\u2019ya d\u00f6n\u00fc\u015ft\u00fcrecek bu minik k\u0131z, ailesinin \u00f6l\u00fcm\u00fcnden sonra s\u0131rad\u0131\u015f\u0131 bir balmumu heykelt\u0131ra\u015f\u0131n\u0131n yan\u0131nda \u00e7\u0131rakl\u0131k edecek ve b\u00f6ylece yolu, zorba bir dul ve onun sessiz, solgun o\u011fluyla tan\u0131\u015faca\u011f\u0131 Paris\u2019in bi\u00e7imsiz sokaklar\u0131na d\u00fc\u015fecek.   Marie yeni dostlar\u0131yla birlikte, harabe durumdaki bir oteli balmumu b\u00fcstlerin sergilendi\u011fi bir salona d\u00f6n\u00fc\u015ft\u00fcrecek ve bu sergileriyle bir sansasyon yarat\u0131rken, sanatsal becerilerinin \u00fcn\u00fc de gittik\u00e7e yay\u0131lacak elbette. Hatta Versailles Saray\u0131\u2019na bile \u00e7a\u011fr\u0131lacak, Marie Antoinette\u2019e dan\u0131\u015fmanl\u0131k edecek, prenses do\u011fum yapt\u0131\u011f\u0131 s\u0131rada onun hayat\u0131n\u0131 da kurtaracak. Hem de saray duvarlar\u0131n\u0131n d\u0131\u015f\u0131ndaki Paris devrim ate\u015fiyle ke\u015fmeke\u015f i\u00e7indeyken.   Edward Carey\u2019nin, Devrim Paris\u2019inde hem kraliyet yanl\u0131lar\u0131 hem de radikallerle ahbapl\u0131k eden h\u0131rsl\u0131 bir vizyoneri, efsanevi Madam Tussaud\u2019yu anlatt\u0131\u011f\u0131 Minik, sanata, s\u0131n\u0131f \u00e7at\u0131\u015fmas\u0131na, iradeye ve sevdiklerimize nas\u0131l tutundu\u011fumuza dair, g\u00f6steri\u015fli ge\u00e7it t\u00f6renlerine benzeyen cazibeli bir roman ve \u00e7arp\u0131k, deh\u015fetli, s\u00fcr\u00fckleyici bir hik\u00e2ye.   \u201cYalan hik\u00e2yeleri sahicilerinden daima ay\u0131rt edebiliyordun \u00e7\u00fcnk\u00fc yalan hik\u00e2yeler her anlat\u0131\u015fta de\u011fi\u015fiyordu. Sahici olanlarsa hi\u00e7 de\u011fi\u015fmiyordu. Hayat nedir? Bize kalan tek \u015fey hik\u00e2yelerdi. Hik\u00e2yeler bizim giysilerimizdi.\u201d   \u201cBu b\u00fcy\u00fcl\u00fc roman\u0131 ka\u00e7\u0131rmay\u0131n! Balmumu heykelleriyle nam salan Madame Tussaud hayat \u00f6yk\u00fcs\u00fcn\u00fc kendi a\u011fz\u0131ndan anlat\u0131yor.\u201d \u2013Margaret Atwood   \u201cS\u0131rad\u0131\u015f\u0131 bir atmosfer, \u00fcrk\u00fct\u00fcc\u00fc bir mizah, co\u015fku dolu bir anlat\u0131. Ka\u00e7\u0131r\u0131lmamas\u0131 gereken bir kitap.\u201d \u2013Olga Tokarczuk   \u201cMinik, insan do\u011fas\u0131n\u0131n s\u0131cakl\u0131\u011f\u0131, co\u015fkusu, ne\u015fesi, kederi ve tuhafl\u0131klar\u0131na dair son derece samimi bir eser. Yazar\u0131n elinde, insan y\u00fcre\u011finin gizemlerini g\u00f6steren bir de\u011fnek var sanki.\u201d \u2013Kelly Link <\/p>\n","protected":false},"excerpt":{"rendered":"<p>1761\u2019de, \u0130svi\u00e7re\u2019nin bir k\u00f6y\u00fcnde ufac\u0131k, tuhaf g\u00f6r\u00fcn\u00fc\u015fl\u00fc, Marie ad\u0131nda bir k\u0131z do\u011facak. B\u00fcy\u00fcd\u00fc\u011f\u00fcnde kendini Madam Tussaud\u2019ya d\u00f6n\u00fc\u015ft\u00fcrecek bu minik k\u0131z, ailesinin \u00f6l\u00fcm\u00fcnden sonra s\u0131rad\u0131\u015f\u0131 bir balmumu<span class=\"excerpt-hellip\"> [\u2026]<\/span><\/p>\n","protected":false},"featured_media":0,"template":"","meta":{"_monsterinsights_skip_tracking":false,"_monsterinsights_sitenote_active":false,"_monsterinsights_sitenote_note":"","_monsterinsights_sitenote_category":0},"product_brand":[],"product_cat":[12291,12711],"product_tag":[],"class_list":{"0":"post-731702","1":"product","2":"type-product","3":"status-publish","5":"product_cat-edebiyat","6":"product_cat-roman-oyku","7":"pa_cilt-ciltsiz","8":"pa_tur-kitap","9":"pa_yayinevi-ithaki-yayinlari","10":"pa_yazar-edward-carey","12":"first","13":"instock","14":"sale","15":"shipping-taxable","16":"purchasable","17":"product-type-simple"},"_links":{"self":[{"href":"https:\/\/roveyayinevi.com.tr\/index.php\/wp-json\/wp\/v2\/product\/731702","targetHints":{"allow":["GET"]}}],"collection":[{"href":"https:\/\/roveyayinevi.com.tr\/index.php\/wp-json\/wp\/v2\/product"}],"about":[{"href":"https:\/\/roveyayinevi.com.tr\/index.php\/wp-json\/wp\/v2\/types\/product"}],"wp:attachment":[{"href":"https:\/\/roveyayinevi.com.tr\/index.php\/wp-json\/wp\/v2\/media?parent=731702"}],"wp:term":[{"taxonomy":"product_brand","embeddable":true,"href":"https:\/\/roveyayinevi.com.tr\/index.php\/wp-json\/wp\/v2\/product_brand?post=731702"},{"taxonomy":"product_cat","embeddable":true,"href":"https:\/\/roveyayinevi.com.tr\/index.php\/wp-json\/wp\/v2\/product_cat?post=731702"},{"taxonomy":"product_tag","embeddable":true,"href":"https:\/\/roveyayinevi.com.tr\/index.php\/wp-json\/wp\/v2\/product_tag?post=731702"}],"curies":[{"name":"wp","href":"https:\/\/api.w.org\/{rel}","templated":true}]}}