{"id":731700,"date":"2025-08-27T21:37:02","date_gmt":"2025-08-27T18:37:02","guid":{"rendered":"https:\/\/roveyayinevi.com.tr\/index.php\/urun\/orfun-aydini-gurbuz-azak\/"},"modified":"2026-04-16T02:39:45","modified_gmt":"2026-04-15T23:39:45","slug":"orfun-aydini-gurbuz-azak","status":"publish","type":"product","link":"https:\/\/roveyayinevi.com.tr\/index.php\/urun\/orfun-aydini-gurbuz-azak\/","title":{"rendered":"\u00d6rf\u00fcn Ayd\u0131n\u0131 G\u00fcrb\u00fcz Azak"},"content":{"rendered":"<p>G\u00fcrb\u00fcz Azak&#8217;\u0131n yaz\u0131lar\u0131, kitaplar\u0131, resimleri ve doyumsuz sohbetleri sayesinde; y\u00f6remizin, \u00fclkemizin ve k\u00fclt\u00fcr\u00fcm\u00fcz\u00fcn gizli ve k\u0131y\u0131da k\u00f6\u015fede kalm\u0131\u015f nice g\u00fczellikleriyle tan\u0131\u015ft\u0131m. \u015e\u00fcphesiz onun anlatt\u0131klar\u0131 burada kayda ge\u00e7irdiklerimden ibaret de\u011fil. Bu konu\u015fmalarda daha \u00e7ok G\u00fcrb\u00fcz Bey&#8217;in \u015fahsi maceras\u0131 ile birlikte baz\u0131 hususlara temas edilmi\u015ftir. As\u0131l zenginlik onun eserlerindedir. \u00d6rf\u00fcn Ayd\u0131n\u0131 G\u00fcrb\u00fcz Azak kitab\u0131, okuyucuyu onun eserlerine ula\u015ft\u0131racak bir kap\u0131 aralamak i\u00e7in haz\u0131rland\u0131. Buyurun bu kap\u0131dan birlikte girelim&#8230;<\/p>\n","protected":false},"excerpt":{"rendered":"<p>G\u00fcrb\u00fcz Azak&#8217;\u0131n yaz\u0131lar\u0131, kitaplar\u0131, resimleri ve doyumsuz sohbetleri sayesinde; y\u00f6remizin, \u00fclkemizin ve k\u00fclt\u00fcr\u00fcm\u00fcz\u00fcn gizli ve k\u0131y\u0131da k\u00f6\u015fede kalm\u0131\u015f nice g\u00fczellikleriyle tan\u0131\u015ft\u0131m. \u015e\u00fcphesiz onun anlatt\u0131klar\u0131 burada kayda<span class=\"excerpt-hellip\"> [\u2026]<\/span><\/p>\n","protected":false},"featured_media":0,"template":"","meta":{"_monsterinsights_skip_tracking":false,"_monsterinsights_sitenote_active":false,"_monsterinsights_sitenote_note":"","_monsterinsights_sitenote_category":0},"product_brand":[],"product_cat":[14009,12291],"product_tag":[],"class_list":{"0":"post-731700","1":"product","2":"type-product","3":"status-publish","5":"product_cat-biyografi-otobiyografi-edebiyat","6":"product_cat-edebiyat","7":"pa_cilt-ciltsiz","8":"pa_tur-kitap","9":"pa_yayinevi-biyografi-net-yayincilik","10":"pa_yazar-mustafa-nadir-onay","12":"first","13":"instock","14":"sale","15":"shipping-taxable","16":"purchasable","17":"product-type-simple"},"_links":{"self":[{"href":"https:\/\/roveyayinevi.com.tr\/index.php\/wp-json\/wp\/v2\/product\/731700","targetHints":{"allow":["GET"]}}],"collection":[{"href":"https:\/\/roveyayinevi.com.tr\/index.php\/wp-json\/wp\/v2\/product"}],"about":[{"href":"https:\/\/roveyayinevi.com.tr\/index.php\/wp-json\/wp\/v2\/types\/product"}],"wp:attachment":[{"href":"https:\/\/roveyayinevi.com.tr\/index.php\/wp-json\/wp\/v2\/media?parent=731700"}],"wp:term":[{"taxonomy":"product_brand","embeddable":true,"href":"https:\/\/roveyayinevi.com.tr\/index.php\/wp-json\/wp\/v2\/product_brand?post=731700"},{"taxonomy":"product_cat","embeddable":true,"href":"https:\/\/roveyayinevi.com.tr\/index.php\/wp-json\/wp\/v2\/product_cat?post=731700"},{"taxonomy":"product_tag","embeddable":true,"href":"https:\/\/roveyayinevi.com.tr\/index.php\/wp-json\/wp\/v2\/product_tag?post=731700"}],"curies":[{"name":"wp","href":"https:\/\/api.w.org\/{rel}","templated":true}]}}