{"id":731699,"date":"2025-08-27T21:37:01","date_gmt":"2025-08-27T18:37:01","guid":{"rendered":"https:\/\/roveyayinevi.com.tr\/index.php\/urun\/fotograftan-sonra-imajlarin-istilasi\/"},"modified":"2026-04-16T02:39:45","modified_gmt":"2026-04-15T23:39:45","slug":"fotograftan-sonra-imajlarin-istilasi","status":"publish","type":"product","link":"https:\/\/roveyayinevi.com.tr\/index.php\/urun\/fotograftan-sonra-imajlarin-istilasi\/","title":{"rendered":"Foto\u011fraftan Sonra \u0130majlar\u0131n \u0130stilas\u0131"},"content":{"rendered":"<p>Ka\u011f\u0131t \u00f6ncesi yaz\u0131l\u0131 tarih d\u00f6nemine girdi\u011fimiz \u00fczerine yap\u0131lan tart\u0131\u015fmalar temel dayanaklar\u0131n\u0131 kaybetmi\u015ftir. Petir Burke B\u00fct\u00fcn bir enformasyon teorisi, g\u00f6rsel etkile\u015fim \u00fczerine in\u015fa edilmi\u015ftir. G\u00f6rselle\u015ftirme amac\u0131yla donat\u0131lm\u0131\u015f bir toplum, g\u00f6rselle\u015ftirme g\u00f6revi i\u00e7in olu\u015fturulmu\u015f bir toplumdur. Her \u015fey g\u00f6rselle\u015ftirmeye tabi tutulur, onun d\u0131\u015f\u0131nda hi\u00e7bir \u015feyin anlam\u0131 yoktur. G\u00f6rselle\u015femeyen bir \u015fey zaman\u0131m\u0131za ait de\u011filmi\u015f gibi g\u00f6r\u00fcn\u00fcr. G\u00f6rme bize, naho\u015f ger\u00e7ekli\u011fi, onu hakikat d\u00fczeninden kopartarak sahte bir gizleme yetene\u011fi kazand\u0131r\u0131r ve giderek imajlar sorgulanamaz hale gelirler. S\u00fcrekli de\u011fi\u015fen bu imajlar\u0131n renkleri b\u00fcy\u00fcl\u00fc bir deniz feneri gibi bizi uzaklardan karas\u0131 olmayan bir limana \u00e7\u0131kmaya \u00e7a\u011f\u0131r\u0131r. Gen\u00e7lik \u00e7ok az okuyor, \u00e7ok az hat\u0131raya sahipler, okulda \u00f6\u011frendiklerini evde unutuyorlar, ekranda \u00f6\u011frendiklerini k\u0131sa zaman i\u00e7inde hat\u0131rlam\u0131yorlar. Bilin\u00e7sizce k\u00fclt\u00fcr\u00fcn k\u00f6kenlerine yerle\u015fen bu imajlar kitaplardaki resimler gibi de de\u011fil, bir tu\u015fa dokunup siliniyor. Duygulara aktar\u0131lamayan heyecan, hat\u0131ra ve bilgiler \u0131\u015f\u0131ldayan uzak bir fener gibi kolayca haf\u0131zadan kaybolup gidiyorlar.<\/p>\n","protected":false},"excerpt":{"rendered":"<p>Ka\u011f\u0131t \u00f6ncesi yaz\u0131l\u0131 tarih d\u00f6nemine girdi\u011fimiz \u00fczerine yap\u0131lan tart\u0131\u015fmalar temel dayanaklar\u0131n\u0131 kaybetmi\u015ftir. Petir Burke B\u00fct\u00fcn bir enformasyon teorisi, g\u00f6rsel etkile\u015fim \u00fczerine in\u015fa edilmi\u015ftir. G\u00f6rselle\u015ftirme amac\u0131yla donat\u0131lm\u0131\u015f<span class=\"excerpt-hellip\"> [\u2026]<\/span><\/p>\n","protected":false},"featured_media":0,"template":"","meta":{"_monsterinsights_skip_tracking":false,"_monsterinsights_sitenote_active":false,"_monsterinsights_sitenote_note":"","_monsterinsights_sitenote_category":0},"product_brand":[],"product_cat":[12409,12408],"product_tag":[],"class_list":{"0":"post-731699","1":"product","2":"type-product","3":"status-publish","5":"product_cat-fotograf-sinema-tiyatro","6":"product_cat-sanat","7":"pa_cilt-ciltsiz","8":"pa_tur-kitap","9":"pa_yayinevi-biyografi-net-yayincilik","10":"pa_yazar-h-murat-filinte","12":"first","13":"instock","14":"sale","15":"shipping-taxable","16":"purchasable","17":"product-type-simple"},"_links":{"self":[{"href":"https:\/\/roveyayinevi.com.tr\/index.php\/wp-json\/wp\/v2\/product\/731699","targetHints":{"allow":["GET"]}}],"collection":[{"href":"https:\/\/roveyayinevi.com.tr\/index.php\/wp-json\/wp\/v2\/product"}],"about":[{"href":"https:\/\/roveyayinevi.com.tr\/index.php\/wp-json\/wp\/v2\/types\/product"}],"wp:attachment":[{"href":"https:\/\/roveyayinevi.com.tr\/index.php\/wp-json\/wp\/v2\/media?parent=731699"}],"wp:term":[{"taxonomy":"product_brand","embeddable":true,"href":"https:\/\/roveyayinevi.com.tr\/index.php\/wp-json\/wp\/v2\/product_brand?post=731699"},{"taxonomy":"product_cat","embeddable":true,"href":"https:\/\/roveyayinevi.com.tr\/index.php\/wp-json\/wp\/v2\/product_cat?post=731699"},{"taxonomy":"product_tag","embeddable":true,"href":"https:\/\/roveyayinevi.com.tr\/index.php\/wp-json\/wp\/v2\/product_tag?post=731699"}],"curies":[{"name":"wp","href":"https:\/\/api.w.org\/{rel}","templated":true}]}}