{"id":731697,"date":"2025-08-27T21:36:59","date_gmt":"2025-08-27T18:36:59","guid":{"rendered":"https:\/\/roveyayinevi.com.tr\/index.php\/urun\/buyuk-dusunurlerle-felsefe-yolculugu-ciltli\/"},"modified":"2026-04-11T02:48:44","modified_gmt":"2026-04-10T23:48:44","slug":"buyuk-dusunurlerle-felsefe-yolculugu-ciltli","status":"publish","type":"product","link":"https:\/\/roveyayinevi.com.tr\/index.php\/urun\/buyuk-dusunurlerle-felsefe-yolculugu-ciltli\/","title":{"rendered":"B\u00fcy\u00fck D\u00fc\u015f\u00fcn\u00fcrlerle Felsefe Yolculu\u011fu (Ciltli)"},"content":{"rendered":"<p>Okulun ilk g\u00fcn\u00fc&#8230; Sven ve Bram t\u0131pk\u0131 di\u011fer arkada\u015flar\u0131 gibi d\u00f6nemin ilk felsefe dersinde s\u0131k\u0131lacaklar\u0131ndan emindiler, ta ki yeni felsefe \u00f6\u011fretmenleri Bay Swart ile tan\u0131\u015f\u0131ncaya kadar.Bu s\u0131rad\u0131\u015f\u0131 \u00f6\u011fretmen i\u00e7in felsefe ders kitab\u0131 pek bir \u015fey ifade etmiyor. S\u0131navlar\u0131n ya da uzun ve s\u0131k\u0131c\u0131 \u00f6devlerin de dersinde yeri yok. Onun as\u0131l \u00f6nceli\u011fi \u00f6\u011frencilerini d\u00fc\u015f\u00fcnd\u00fcrtmek ve birka\u00e7 filozofla tan\u0131\u015ft\u0131rmak. S\u0131n\u0131fta oturmak da her zaman ona g\u00f6re de\u011fil. \u00d6\u011frenciler bazen kendilerini okulun bodrumunda Platon\u2019un ma\u011fara alegorisini \u00f6\u011frenirken, bazen de parkta dola\u015farak Aristoteles\u2019in hareketin d\u00fc\u015f\u00fcnceler \u00fczerine etkisi hakk\u0131nda savunduklar\u0131n\u0131 test ederken bulabiliyorlar.Janny van der Molen\u2019in bu kitab\u0131nda, do\u011fru zamanda do\u011fru sorular\u0131 soran bir felsefe \u00f6\u011fretmenini ve \u00f6\u011frencilerinin zamanla felsefeye artan ilgisini, felsefenin onlar\u0131n g\u00fcnl\u00fck hayatlar\u0131nda nas\u0131l yer edinmeye ba\u015flad\u0131\u011f\u0131n\u0131 izliyoruz. Platon\u2019dan Aristoteles\u2019e, Nietzsche\u2019den Marx\u2019a, Augustinus\u2019tan Locke\u2019a, Arendt\u2019ten Kristeva\u2019ya bir\u00e7ok filozofun e\u015flik etti\u011fi bu felsefe ser\u00fcvenine okuyucular da Bay Swart\u2019\u0131n \u00f6\u011frencileri gibi hevesle kat\u0131lacaklar.<\/p>\n","protected":false},"excerpt":{"rendered":"<p>Okulun ilk g\u00fcn\u00fc&#8230; Sven ve Bram t\u0131pk\u0131 di\u011fer arkada\u015flar\u0131 gibi d\u00f6nemin ilk felsefe dersinde s\u0131k\u0131lacaklar\u0131ndan emindiler, ta ki yeni felsefe \u00f6\u011fretmenleri Bay Swart ile tan\u0131\u015f\u0131ncaya kadar.Bu<span class=\"excerpt-hellip\"> [\u2026]<\/span><\/p>\n","protected":false},"featured_media":0,"template":"","meta":{"_monsterinsights_skip_tracking":false,"_monsterinsights_sitenote_active":false,"_monsterinsights_sitenote_note":"","_monsterinsights_sitenote_category":0},"product_brand":[],"product_cat":[12275,12274],"product_tag":[],"class_list":{"0":"post-731697","1":"product","2":"type-product","3":"status-publish","5":"product_cat-6-12-yas-kitaplari","6":"product_cat-cocuk-ve-genclik-kitaplari","7":"pa_cilt-ciltli","8":"pa_tur-kitap","9":"pa_yayinevi-epsilon-yayinlari","10":"pa_yazar-janny-van-der-molen","12":"first","13":"instock","14":"sale","15":"shipping-taxable","16":"purchasable","17":"product-type-simple"},"_links":{"self":[{"href":"https:\/\/roveyayinevi.com.tr\/index.php\/wp-json\/wp\/v2\/product\/731697","targetHints":{"allow":["GET"]}}],"collection":[{"href":"https:\/\/roveyayinevi.com.tr\/index.php\/wp-json\/wp\/v2\/product"}],"about":[{"href":"https:\/\/roveyayinevi.com.tr\/index.php\/wp-json\/wp\/v2\/types\/product"}],"wp:attachment":[{"href":"https:\/\/roveyayinevi.com.tr\/index.php\/wp-json\/wp\/v2\/media?parent=731697"}],"wp:term":[{"taxonomy":"product_brand","embeddable":true,"href":"https:\/\/roveyayinevi.com.tr\/index.php\/wp-json\/wp\/v2\/product_brand?post=731697"},{"taxonomy":"product_cat","embeddable":true,"href":"https:\/\/roveyayinevi.com.tr\/index.php\/wp-json\/wp\/v2\/product_cat?post=731697"},{"taxonomy":"product_tag","embeddable":true,"href":"https:\/\/roveyayinevi.com.tr\/index.php\/wp-json\/wp\/v2\/product_tag?post=731697"}],"curies":[{"name":"wp","href":"https:\/\/api.w.org\/{rel}","templated":true}]}}