{"id":731696,"date":"2025-08-27T21:36:59","date_gmt":"2025-08-27T18:36:59","guid":{"rendered":"https:\/\/roveyayinevi.com.tr\/index.php\/urun\/irki-mahkemeye-cikarmak\/"},"modified":"2026-01-22T03:04:49","modified_gmt":"2026-01-22T00:04:49","slug":"irki-mahkemeye-cikarmak","status":"publish","type":"product","link":"https:\/\/roveyayinevi.com.tr\/index.php\/urun\/irki-mahkemeye-cikarmak\/","title":{"rendered":"Irk\u0131 Mahkemeye \u00c7\u0131karmak"},"content":{"rendered":"<p>Irklar aras\u0131 ili\u015fkiler Amerikan tarihinin en \u00f6nemli ve belki de en utan\u00e7 verici y\u00f6nlerinden biridir. Gerek k\u00f6lelik gerekse \u0131rk temelli ayr\u0131mc\u0131l\u0131k, ABD\u2019de uzun s\u00fcre yasal dayanaklara sahip olmas\u0131 sebebiyle mahkemeler s\u0131kl\u0131kla \u0131rk\u0131n ba\u015frolde oldu\u011fu davalara bakmak durumunda kalm\u0131\u015ft\u0131r. Elinizdeki kitap, ABD\u2019deki hukuk ve \u0131rk ili\u015fkisine ili\u015fkin en \u00f6nemli davalar\u0131 konu eden on iki makaleden olu\u015fuyor. Amistad\u2019dan ba\u015flay\u0131p O. J. Simpson\u2019a dek giden bu davalara ili\u015fkin kapsaml\u0131 incelemeler yoluyla okur, ABD\u2019de beyaz \u00fcst\u00fcnl\u00fc\u011f\u00fcn\u00fc hukukile\u015ftiren d\u00fczenlemeleri, toplumdaki bask\u0131n durumda olan \u0131rk\u00e7\u0131 kanaatlerin mahkemelerdeki yans\u0131mas\u0131n\u0131, hukuku kullanmak suretiyle \u0131rk ayr\u0131mc\u0131l\u0131\u011f\u0131na kar\u015f\u0131 m\u00fccadele olanaklar\u0131n\u0131, mahkemelerin kimi zaman verdikleri e\u015fitlik\u00e7i kararlar\u0131n toplumdaki kar\u015f\u0131l\u0131\u011f\u0131, Amerikan tarihinde beyaz \u00fcst\u00fcnl\u00fc\u011f\u00fcn\u00fcn yegane hedefinin siyahlar olmad\u0131\u011f\u0131 gibi hususlar\u0131 g\u00f6rme imkan\u0131na sahip oluyor. <\/p>\n","protected":false},"excerpt":{"rendered":"<p>Irklar aras\u0131 ili\u015fkiler Amerikan tarihinin en \u00f6nemli ve belki de en utan\u00e7 verici y\u00f6nlerinden biridir. Gerek k\u00f6lelik gerekse \u0131rk temelli ayr\u0131mc\u0131l\u0131k, ABD\u2019de uzun s\u00fcre yasal dayanaklara<span class=\"excerpt-hellip\"> [\u2026]<\/span><\/p>\n","protected":false},"featured_media":0,"template":"","meta":{"_monsterinsights_skip_tracking":false,"_monsterinsights_sitenote_active":false,"_monsterinsights_sitenote_note":"","_monsterinsights_sitenote_category":0},"product_brand":[],"product_cat":[12370,12304],"product_tag":[],"class_list":{"0":"post-731696","1":"product","2":"type-product","3":"status-publish","5":"product_cat-arastirma-inceleme","6":"product_cat-tarih","7":"pa_cilt-ciltsiz","8":"pa_tur-kitap","9":"pa_yayinevi-zoe-kitap","10":"pa_yazar-zoe-kitap-kolektif","12":"first","13":"instock","14":"sale","15":"shipping-taxable","16":"purchasable","17":"product-type-simple"},"_links":{"self":[{"href":"https:\/\/roveyayinevi.com.tr\/index.php\/wp-json\/wp\/v2\/product\/731696","targetHints":{"allow":["GET"]}}],"collection":[{"href":"https:\/\/roveyayinevi.com.tr\/index.php\/wp-json\/wp\/v2\/product"}],"about":[{"href":"https:\/\/roveyayinevi.com.tr\/index.php\/wp-json\/wp\/v2\/types\/product"}],"wp:attachment":[{"href":"https:\/\/roveyayinevi.com.tr\/index.php\/wp-json\/wp\/v2\/media?parent=731696"}],"wp:term":[{"taxonomy":"product_brand","embeddable":true,"href":"https:\/\/roveyayinevi.com.tr\/index.php\/wp-json\/wp\/v2\/product_brand?post=731696"},{"taxonomy":"product_cat","embeddable":true,"href":"https:\/\/roveyayinevi.com.tr\/index.php\/wp-json\/wp\/v2\/product_cat?post=731696"},{"taxonomy":"product_tag","embeddable":true,"href":"https:\/\/roveyayinevi.com.tr\/index.php\/wp-json\/wp\/v2\/product_tag?post=731696"}],"curies":[{"name":"wp","href":"https:\/\/api.w.org\/{rel}","templated":true}]}}