{"id":731695,"date":"2025-08-27T21:36:58","date_gmt":"2025-08-27T18:36:58","guid":{"rendered":"https:\/\/roveyayinevi.com.tr\/index.php\/urun\/sanatta-maneviyat-uzerine\/"},"modified":"2026-04-16T02:39:44","modified_gmt":"2026-04-15T23:39:44","slug":"sanatta-maneviyat-uzerine","status":"publish","type":"product","link":"https:\/\/roveyayinevi.com.tr\/index.php\/urun\/sanatta-maneviyat-uzerine\/","title":{"rendered":"Sanatta Maneviyat \u00dczerine"},"content":{"rendered":"<p>Modern sanat\u0131n geli\u015fiminde b\u00fcy\u00fck bir \u00f6neme sahip olan bu \u00e7al\u0131\u015fma, Wassily Kandinsky (1866\u20131944) taraf\u0131ndan kaleme al\u0131nd\u0131. Yay\u0131mland\u0131\u011f\u0131 1910 y\u0131l\u0131ndan bu yana halen g\u00fcn\u00fcm\u00fczde de sanatta bir rehber niteli\u011fi ta\u015f\u0131yan bu eser, hem sanat\u00e7\u0131lara hem de sanatseverlere yol g\u00f6steriyor. Sanat\u0131, geleneksel ba\u011flar\u0131ndan kopar\u0131p \u00f6zg\u00fcrle\u015ftiren sanat hareketinin \u00f6nc\u00fc kuramlar\u0131n\u0131n yer ald\u0131\u011f\u0131 bu yap\u0131tta, resimdeki tinsel devrim olarak adland\u0131rabilece\u011fimiz, maddesel olandan uzakla\u015f\u0131p soyuta y\u00f6nelen d\u0131\u015favurumculu\u011fun temelleri at\u0131l\u0131yor. Kandinsky, bu kitab\u0131nda, bi\u00e7im ve rengin kendine \u00f6zg\u00fc dilini if\u015fa ediyor. <\/p>\n","protected":false},"excerpt":{"rendered":"<p>Modern sanat\u0131n geli\u015fiminde b\u00fcy\u00fck bir \u00f6neme sahip olan bu \u00e7al\u0131\u015fma, Wassily Kandinsky (1866\u20131944) taraf\u0131ndan kaleme al\u0131nd\u0131. Yay\u0131mland\u0131\u011f\u0131 1910 y\u0131l\u0131ndan bu yana halen g\u00fcn\u00fcm\u00fczde de sanatta bir<span class=\"excerpt-hellip\"> [\u2026]<\/span><\/p>\n","protected":false},"featured_media":0,"template":"","meta":{"_monsterinsights_skip_tracking":false,"_monsterinsights_sitenote_active":false,"_monsterinsights_sitenote_note":"","_monsterinsights_sitenote_category":0},"product_brand":[],"product_cat":[15733,12408],"product_tag":[],"class_list":{"0":"post-731695","1":"product","2":"type-product","3":"status-publish","5":"product_cat-resim","6":"product_cat-sanat","7":"pa_cilt-ciltsiz","8":"pa_tur-kitap","9":"pa_yayinevi-yitik-ulke-yayinlari","10":"pa_yazar-wassily-kandinsky","12":"first","13":"instock","14":"sale","15":"shipping-taxable","16":"purchasable","17":"product-type-simple"},"_links":{"self":[{"href":"https:\/\/roveyayinevi.com.tr\/index.php\/wp-json\/wp\/v2\/product\/731695","targetHints":{"allow":["GET"]}}],"collection":[{"href":"https:\/\/roveyayinevi.com.tr\/index.php\/wp-json\/wp\/v2\/product"}],"about":[{"href":"https:\/\/roveyayinevi.com.tr\/index.php\/wp-json\/wp\/v2\/types\/product"}],"wp:attachment":[{"href":"https:\/\/roveyayinevi.com.tr\/index.php\/wp-json\/wp\/v2\/media?parent=731695"}],"wp:term":[{"taxonomy":"product_brand","embeddable":true,"href":"https:\/\/roveyayinevi.com.tr\/index.php\/wp-json\/wp\/v2\/product_brand?post=731695"},{"taxonomy":"product_cat","embeddable":true,"href":"https:\/\/roveyayinevi.com.tr\/index.php\/wp-json\/wp\/v2\/product_cat?post=731695"},{"taxonomy":"product_tag","embeddable":true,"href":"https:\/\/roveyayinevi.com.tr\/index.php\/wp-json\/wp\/v2\/product_tag?post=731695"}],"curies":[{"name":"wp","href":"https:\/\/api.w.org\/{rel}","templated":true}]}}