{"id":731694,"date":"2025-08-27T21:36:57","date_gmt":"2025-08-27T18:36:57","guid":{"rendered":"https:\/\/roveyayinevi.com.tr\/index.php\/urun\/yatak-odasindaki-kalabalik\/"},"modified":"2025-11-21T06:55:41","modified_gmt":"2025-11-21T03:55:41","slug":"yatak-odasindaki-kalabalik","status":"publish","type":"product","link":"https:\/\/roveyayinevi.com.tr\/index.php\/urun\/yatak-odasindaki-kalabalik\/","title":{"rendered":"Yatak Odas\u0131ndaki Kalabal\u0131k"},"content":{"rendered":"<p>Vajinismus, yani kad\u0131n\u0131n bedenindeki kimi tepkiler nedeniyle cinsel ili\u015fkinin \u201ctamamlanamamas\u0131\u201d, genellikle t\u0131p alan\u0131nda ele al\u0131n\u0131r. \u00dclkemizde s\u0131kl\u0131kla kad\u0131n\u0131n \u201cevlilik kurumu i\u00e7indeki g\u00f6revi\u201dni yerine getirememesi \u00fczerinden tan\u0131mlan\u0131r ve beden par\u00e7alar\u0131na odaklanm\u0131\u015f tedavilerle, kad\u0131n\u0131n ihtiya\u00e7 ve taleplerine pek de kulak verilmeksizin, acilen \u00e7\u00f6z\u00fclmeye \u00e7al\u0131\u015f\u0131l\u0131r. Oysa cinsel ili\u015fkinin verilmi\u015f roller uyar\u0131nca kolayca ger\u00e7ekle\u015ftirilmesi gereken &#8220;do\u011fal&#8221; bir \u015fey oldu\u011fu \u00f6nkabul\u00fc, toplumun cinsellik \u00fczerindeki yo\u011fun etkisini g\u00f6zard\u0131 eder. Cinselli\u011fi \u00e7evreleyen k\u00fclt\u00fcrel, ki\u015fileraras\u0131 ve i\u00e7sel senaryolara odaklanan Yatak Odas\u0131ndaki Kalabal\u0131k, s\u00f6z\u00fc vajinismus deneyimi ya\u015fam\u0131\u015f kad\u0131nlara veriyor ilk kez. Kat\u0131l\u0131mc\u0131lar\u0131n aile hayatlar\u0131, partnerleriyle ili\u015fkileri ve t\u0131bbi \u00e7\u00f6z\u00fcm ararken kar\u015f\u0131la\u015ft\u0131klar\u0131 sorunlar \u00fczerine anlat\u0131lar\u0131n\u0131 aktar\u0131rken \u201cHer biri benzer deneyimleri kendi kabuklar\u0131nda ya\u015fam\u0131\u015f, kendilerini yaln\u0131z hissetmi\u015flerdi,\u201d diyor Yeliz Turan Yunuso\u011flu. \u201cBu \u00e7al\u0131\u015fmay\u0131 yapmaktaki hedefim, kad\u0131nlar\u0131n ya\u015fad\u0131klar\u0131 g\u00fc\u00e7l\u00fckleri sadece tasvir etmek de\u011fil, ayn\u0131 zamanda i\u00e7inde bulunduklar\u0131 durumu de\u011fi\u015ftirmelerine yard\u0131mc\u0131 olmakt\u0131. Kad\u0131nlar\u0131 cinsel olarak sa\u011fl\u0131kl\u0131 k\u0131lmak i\u00e7in cinsel arzular\u0131n\u0131 daha iyi y\u00f6netme, karar s\u00fcrecine aktif kat\u0131l\u0131mlar\u0131n\u0131 sa\u011flama ve cinselli\u011fi kendi kontrollerinde ya\u015fama konusunda cesaretlendirmeye ihtiya\u00e7 oldu\u011funu d\u00fc\u015f\u00fcn\u00fcyorum.\u201d <\/p>\n","protected":false},"excerpt":{"rendered":"<p>Vajinismus, yani kad\u0131n\u0131n bedenindeki kimi tepkiler nedeniyle cinsel ili\u015fkinin \u201ctamamlanamamas\u0131\u201d, genellikle t\u0131p alan\u0131nda ele al\u0131n\u0131r. \u00dclkemizde s\u0131kl\u0131kla kad\u0131n\u0131n \u201cevlilik kurumu i\u00e7indeki g\u00f6revi\u201dni yerine getirememesi \u00fczerinden tan\u0131mlan\u0131r<span class=\"excerpt-hellip\"> [\u2026]<\/span><\/p>\n","protected":false},"featured_media":0,"template":"","meta":{"_monsterinsights_skip_tracking":false,"_monsterinsights_sitenote_active":false,"_monsterinsights_sitenote_note":"","_monsterinsights_sitenote_category":0},"product_brand":[],"product_cat":[13252,12324],"product_tag":[],"class_list":{"0":"post-731694","1":"product","2":"type-product","3":"status-publish","5":"product_cat-kadin-calismalari","6":"product_cat-sosyoloji","7":"pa_cilt-ciltsiz","8":"pa_tur-kitap","9":"pa_yayinevi-metis-yayinlari","10":"pa_yazar-yeliz-turan-yunusoglu","12":"first","13":"instock","14":"sale","15":"shipping-taxable","16":"purchasable","17":"product-type-simple"},"_links":{"self":[{"href":"https:\/\/roveyayinevi.com.tr\/index.php\/wp-json\/wp\/v2\/product\/731694","targetHints":{"allow":["GET"]}}],"collection":[{"href":"https:\/\/roveyayinevi.com.tr\/index.php\/wp-json\/wp\/v2\/product"}],"about":[{"href":"https:\/\/roveyayinevi.com.tr\/index.php\/wp-json\/wp\/v2\/types\/product"}],"wp:attachment":[{"href":"https:\/\/roveyayinevi.com.tr\/index.php\/wp-json\/wp\/v2\/media?parent=731694"}],"wp:term":[{"taxonomy":"product_brand","embeddable":true,"href":"https:\/\/roveyayinevi.com.tr\/index.php\/wp-json\/wp\/v2\/product_brand?post=731694"},{"taxonomy":"product_cat","embeddable":true,"href":"https:\/\/roveyayinevi.com.tr\/index.php\/wp-json\/wp\/v2\/product_cat?post=731694"},{"taxonomy":"product_tag","embeddable":true,"href":"https:\/\/roveyayinevi.com.tr\/index.php\/wp-json\/wp\/v2\/product_tag?post=731694"}],"curies":[{"name":"wp","href":"https:\/\/api.w.org\/{rel}","templated":true}]}}