{"id":731693,"date":"2025-08-27T21:36:57","date_gmt":"2025-08-27T18:36:57","guid":{"rendered":"https:\/\/roveyayinevi.com.tr\/index.php\/urun\/zombilerle-tartismak\/"},"modified":"2026-04-16T02:39:44","modified_gmt":"2026-04-15T23:39:44","slug":"zombilerle-tartismak","status":"publish","type":"product","link":"https:\/\/roveyayinevi.com.tr\/index.php\/urun\/zombilerle-tartismak\/","title":{"rendered":"Zombilerle Tart\u0131\u015fmak"},"content":{"rendered":"<p>Ger\u00e7eklerin s\u0131kl\u0131kla \u00e7arp\u0131t\u0131ld\u0131\u011f\u0131 ya da yok say\u0131ld\u0131\u011f\u0131 g\u00fcn\u00fcm\u00fczde, Zombilerle Tart\u0131\u015fmak, Nobel \u00f6d\u00fcll\u00fc ekonomist Paul Krugman\u2019\u0131n muhafazak\u00e2r sa\u011f\u0131n yak\u0131n ge\u00e7mi\u015fte ABD\u2019de ve t\u00fcm d\u00fcnyada yaratt\u0131\u011f\u0131 ekonomik \u00e7\u0131kmaz\u0131 cesurca ortaya koydu\u011fu makalelerinin se\u00e7ilmi\u015f bir koleksiyonunu sunuyor.   Zombilerle Tart\u0131\u015fmak, ABD\u2019nin ekonomik alanda nereden gelip nereye gitti\u011fini \u00f6zl\u00fc, hazm\u0131 kolay b\u00f6l\u00fcmler halinde ele alarak, \u00e7o\u011funlukla yazar\u0131n pop\u00fcler New York Times k\u00f6\u015fe yaz\u0131lar\u0131ndan olu\u015fan makalelerle iklim de\u011fi\u015fikli\u011finden sosyal g\u00fcvenlik yasalar\u0131na, Trump\u2019\u0131n gerici sosyal ve ekonomik politikalar\u0131ndan AB ve Euro krizine geni\u015f kapsaml\u0131 bir ekonomik analizi, tematik bir bi\u00e7imde d\u00fczenlenmi\u015f ve daha evrensel bir ekonomik tart\u0131\u015fmaya zemin haz\u0131rlar halde sunuyor.   Zombilerle Tart\u0131\u015fmak, ABD ve d\u00fcnyadaki son yirmi y\u0131ll\u0131k siyasi ve ekonomik s\u00f6ylemi anlamak ve zaman\u0131m\u0131z\u0131n en \u00f6nemli ekonomik sorunlar\u0131n\u0131n alt\u0131nda yatan temel olgular\u0131 \u00e7\u00f6z\u00fcmlemek i\u00e7in vazge\u00e7ilmez bir rehber. <\/p>\n","protected":false},"excerpt":{"rendered":"<p>Ger\u00e7eklerin s\u0131kl\u0131kla \u00e7arp\u0131t\u0131ld\u0131\u011f\u0131 ya da yok say\u0131ld\u0131\u011f\u0131 g\u00fcn\u00fcm\u00fczde, Zombilerle Tart\u0131\u015fmak, Nobel \u00f6d\u00fcll\u00fc ekonomist Paul Krugman\u2019\u0131n muhafazak\u00e2r sa\u011f\u0131n yak\u0131n ge\u00e7mi\u015fte ABD\u2019de ve t\u00fcm d\u00fcnyada yaratt\u0131\u011f\u0131 ekonomik \u00e7\u0131kmaz\u0131<span class=\"excerpt-hellip\"> [\u2026]<\/span><\/p>\n","protected":false},"featured_media":0,"template":"","meta":{"_monsterinsights_skip_tracking":false,"_monsterinsights_sitenote_active":false,"_monsterinsights_sitenote_note":"","_monsterinsights_sitenote_category":0},"product_brand":[],"product_cat":[13043,14381],"product_tag":[],"class_list":{"0":"post-731693","1":"product","2":"type-product","3":"status-publish","5":"product_cat-ekonomi","6":"product_cat-isletme-muhasebe-maliye","7":"pa_cilt-ciltsiz","8":"pa_tur-kitap","9":"pa_yayinevi-literatur-yayinevi","10":"pa_yazar-paul-krugman","12":"first","13":"instock","14":"sale","15":"shipping-taxable","16":"purchasable","17":"product-type-simple"},"_links":{"self":[{"href":"https:\/\/roveyayinevi.com.tr\/index.php\/wp-json\/wp\/v2\/product\/731693","targetHints":{"allow":["GET"]}}],"collection":[{"href":"https:\/\/roveyayinevi.com.tr\/index.php\/wp-json\/wp\/v2\/product"}],"about":[{"href":"https:\/\/roveyayinevi.com.tr\/index.php\/wp-json\/wp\/v2\/types\/product"}],"wp:attachment":[{"href":"https:\/\/roveyayinevi.com.tr\/index.php\/wp-json\/wp\/v2\/media?parent=731693"}],"wp:term":[{"taxonomy":"product_brand","embeddable":true,"href":"https:\/\/roveyayinevi.com.tr\/index.php\/wp-json\/wp\/v2\/product_brand?post=731693"},{"taxonomy":"product_cat","embeddable":true,"href":"https:\/\/roveyayinevi.com.tr\/index.php\/wp-json\/wp\/v2\/product_cat?post=731693"},{"taxonomy":"product_tag","embeddable":true,"href":"https:\/\/roveyayinevi.com.tr\/index.php\/wp-json\/wp\/v2\/product_tag?post=731693"}],"curies":[{"name":"wp","href":"https:\/\/api.w.org\/{rel}","templated":true}]}}