{"id":731692,"date":"2025-08-27T21:36:56","date_gmt":"2025-08-27T18:36:56","guid":{"rendered":"https:\/\/roveyayinevi.com.tr\/index.php\/urun\/sevginin-kokleri\/"},"modified":"2026-04-16T02:39:44","modified_gmt":"2026-04-15T23:39:44","slug":"sevginin-kokleri","status":"publish","type":"product","link":"https:\/\/roveyayinevi.com.tr\/index.php\/urun\/sevginin-kokleri\/","title":{"rendered":"Sevginin K\u00f6kleri"},"content":{"rendered":"<p>Sorunlar\u0131m\u0131z\u0131n ne kadar\u0131 ger\u00e7ekten bize ait? Elinizde tuttu\u011funuz bu kitap, son y\u0131llarda ad\u0131n\u0131 giderek daha s\u0131k duymaya ba\u015flad\u0131\u011f\u0131m\u0131z g\u00fc\u00e7l\u00fc bir terapi \u00e7e\u015fidi olan Aile Dizimi y\u00f6ntemiyle bu soruya \u00e7ok \u00e7arp\u0131c\u0131 cevaplar veriyor. Hayatlar\u0131m\u0131z boyunca deneyimledi\u011fimiz, akl\u0131m\u0131za gelebilecek her t\u00fcrl\u00fc sorunun kayna\u011f\u0131nda, atalar\u0131m\u0131z\u0131n \u00e7\u00f6z\u00fclmemi\u015f meselelerinin yatt\u0131\u011f\u0131 fikrini temel alan Aile Dizimi, basit ama etkili ad\u0131mlarla aile sistemlerinde y\u0131llarca gizli kalm\u0131\u015f kilitleri tek tek bulup \u00e7\u00f6zerek i\u00e7sel huzura giden yolu ayd\u0131nlat\u0131yor. \u00dcstelik k\u00fcsk\u00fcnl\u00fckler yerini kar\u015f\u0131l\u0131kl\u0131 sayg\u0131ya, ac\u0131 anlay\u0131\u015fa b\u0131rak\u0131rken k\u00f6klerimizde var olan ger\u00e7ek sevgiyi deneyimlememize de olanak sa\u011fl\u0131yor. Sade ve anla\u015f\u0131l\u0131r diliyle Sevginin K\u00f6kleri sadece bu terapi sisteminin uygulay\u0131c\u0131s\u0131 olmak isteyenler i\u00e7in de\u011fil, ayn\u0131 zamanda Aile Dizimi sitemini, aile dinamiklerinin temelini anlay\u0131p \u00f6\u011frenmek isteyen herkes i\u00e7in tam anlam\u0131yla bir k\u0131lavuz niteli\u011finde. <\/p>\n","protected":false},"excerpt":{"rendered":"<p>Sorunlar\u0131m\u0131z\u0131n ne kadar\u0131 ger\u00e7ekten bize ait? Elinizde tuttu\u011funuz bu kitap, son y\u0131llarda ad\u0131n\u0131 giderek daha s\u0131k duymaya ba\u015flad\u0131\u011f\u0131m\u0131z g\u00fc\u00e7l\u00fc bir terapi \u00e7e\u015fidi olan Aile Dizimi y\u00f6ntemiyle<span class=\"excerpt-hellip\"> [\u2026]<\/span><\/p>\n","protected":false},"featured_media":0,"template":"","meta":{"_monsterinsights_skip_tracking":false,"_monsterinsights_sitenote_active":false,"_monsterinsights_sitenote_note":"","_monsterinsights_sitenote_category":0},"product_brand":[],"product_cat":[12364,12376],"product_tag":[],"class_list":{"0":"post-731692","1":"product","2":"type-product","3":"status-publish","5":"product_cat-genel-konular","6":"product_cat-kisisel-gelisim","7":"pa_cilt-ciltsiz","8":"pa_tur-kitap","9":"pa_yayinevi-koridor-yayincilik","10":"pa_yazar-svagito-r-liebermeister","12":"first","13":"instock","14":"sale","15":"shipping-taxable","16":"purchasable","17":"product-type-simple"},"_links":{"self":[{"href":"https:\/\/roveyayinevi.com.tr\/index.php\/wp-json\/wp\/v2\/product\/731692","targetHints":{"allow":["GET"]}}],"collection":[{"href":"https:\/\/roveyayinevi.com.tr\/index.php\/wp-json\/wp\/v2\/product"}],"about":[{"href":"https:\/\/roveyayinevi.com.tr\/index.php\/wp-json\/wp\/v2\/types\/product"}],"wp:attachment":[{"href":"https:\/\/roveyayinevi.com.tr\/index.php\/wp-json\/wp\/v2\/media?parent=731692"}],"wp:term":[{"taxonomy":"product_brand","embeddable":true,"href":"https:\/\/roveyayinevi.com.tr\/index.php\/wp-json\/wp\/v2\/product_brand?post=731692"},{"taxonomy":"product_cat","embeddable":true,"href":"https:\/\/roveyayinevi.com.tr\/index.php\/wp-json\/wp\/v2\/product_cat?post=731692"},{"taxonomy":"product_tag","embeddable":true,"href":"https:\/\/roveyayinevi.com.tr\/index.php\/wp-json\/wp\/v2\/product_tag?post=731692"}],"curies":[{"name":"wp","href":"https:\/\/api.w.org\/{rel}","templated":true}]}}