{"id":731691,"date":"2025-08-27T21:36:55","date_gmt":"2025-08-27T18:36:55","guid":{"rendered":"https:\/\/roveyayinevi.com.tr\/index.php\/urun\/boceklerin-savasi\/"},"modified":"2026-04-05T02:47:21","modified_gmt":"2026-04-04T23:47:21","slug":"boceklerin-savasi","status":"publish","type":"product","link":"https:\/\/roveyayinevi.com.tr\/index.php\/urun\/boceklerin-savasi\/","title":{"rendered":"B\u00f6ceklerin Sava\u015f\u0131"},"content":{"rendered":"<p>STEAM \u00c7OCUK K\u0130TAPLARI \u00d6D\u00dcL\u00dc   \u00c7ok sevilen ve pek \u00e7ok \u00f6d\u00fcle lay\u0131k g\u00f6r\u00fclen B\u00d6CEK \u00c7OCUK \u00fc\u00e7lemesinin finalinde, Darkus ve arkada\u015flar\u0131 ile unutulmaz bir maceraya haz\u0131r m\u0131s\u0131n?  Lucretia Cutter ormanda kurdu\u011fu gizli Biyom\u2019dan k\u00f6t\u00fcl\u00fck ya\u011fd\u0131rmay\u0131 planl\u0131yor; tabii Darkus, Virginia ve Bertolt onu durdurman\u0131n bir yolunu bulamazlarsa.  Ba\u015farmak zorundalar. Yoksa Lucretia,  yaratt\u0131\u011f\u0131 dev b\u00f6cek s\u00fcr\u00fcs\u00fcn\u00fc d\u00fcnyan\u0131n \u00fcst\u00fcne salacak ve gezegen bir daha  asla ayn\u0131 olmayacak. \u0130nsanl\u0131k, ku\u015fatma alt\u0131nda. Gelecek, \u00fc\u00e7 \u00e7ocu\u011fa ve onlar\u0131n b\u00f6ceklerine ba\u011fl\u0131&#8230;  \u2018\u2018Anneler, babalar, uyarmad\u0131 demeyin: Bu b\u00fcy\u00fcleyici \u00f6yk\u00fc, b\u00f6cekleri pop\u00fcler ev hayvanlar\u0131na d\u00f6n\u00fc\u015ft\u00fcrebilir.\u2019\u2019 DAILY TELEGRAPH  \u2018\u2018B\u00f6cek \u00e7\u0131lg\u0131nl\u0131\u011f\u0131 ba\u015flatabilir.\u2019\u2019 TIMES <\/p>\n","protected":false},"excerpt":{"rendered":"<p>STEAM \u00c7OCUK K\u0130TAPLARI \u00d6D\u00dcL\u00dc \u00c7ok sevilen ve pek \u00e7ok \u00f6d\u00fcle lay\u0131k g\u00f6r\u00fclen B\u00d6CEK \u00c7OCUK \u00fc\u00e7lemesinin finalinde, Darkus ve arkada\u015flar\u0131 ile unutulmaz bir maceraya haz\u0131r m\u0131s\u0131n? Lucretia<span class=\"excerpt-hellip\"> [\u2026]<\/span><\/p>\n","protected":false},"featured_media":0,"template":"","meta":{"_monsterinsights_skip_tracking":false,"_monsterinsights_sitenote_active":false,"_monsterinsights_sitenote_note":"","_monsterinsights_sitenote_category":0},"product_brand":[],"product_cat":[12275,12274],"product_tag":[],"class_list":{"0":"post-731691","1":"product","2":"type-product","3":"status-publish","5":"product_cat-6-12-yas-kitaplari","6":"product_cat-cocuk-ve-genclik-kitaplari","7":"pa_cilt-ciltsiz","8":"pa_tur-kitap","9":"pa_yayinevi-domingo-yayinevi","10":"pa_yazar-m-g-leonard","12":"first","13":"instock","14":"sale","15":"shipping-taxable","16":"purchasable","17":"product-type-simple"},"_links":{"self":[{"href":"https:\/\/roveyayinevi.com.tr\/index.php\/wp-json\/wp\/v2\/product\/731691","targetHints":{"allow":["GET"]}}],"collection":[{"href":"https:\/\/roveyayinevi.com.tr\/index.php\/wp-json\/wp\/v2\/product"}],"about":[{"href":"https:\/\/roveyayinevi.com.tr\/index.php\/wp-json\/wp\/v2\/types\/product"}],"wp:attachment":[{"href":"https:\/\/roveyayinevi.com.tr\/index.php\/wp-json\/wp\/v2\/media?parent=731691"}],"wp:term":[{"taxonomy":"product_brand","embeddable":true,"href":"https:\/\/roveyayinevi.com.tr\/index.php\/wp-json\/wp\/v2\/product_brand?post=731691"},{"taxonomy":"product_cat","embeddable":true,"href":"https:\/\/roveyayinevi.com.tr\/index.php\/wp-json\/wp\/v2\/product_cat?post=731691"},{"taxonomy":"product_tag","embeddable":true,"href":"https:\/\/roveyayinevi.com.tr\/index.php\/wp-json\/wp\/v2\/product_tag?post=731691"}],"curies":[{"name":"wp","href":"https:\/\/api.w.org\/{rel}","templated":true}]}}