{"id":731690,"date":"2025-08-27T21:36:54","date_gmt":"2025-08-27T18:36:54","guid":{"rendered":"https:\/\/roveyayinevi.com.tr\/index.php\/urun\/omurname\/"},"modified":"2026-04-16T02:39:44","modified_gmt":"2026-04-15T23:39:44","slug":"omurname","status":"publish","type":"product","link":"https:\/\/roveyayinevi.com.tr\/index.php\/urun\/omurname\/","title":{"rendered":"\u00d6m\u00fcrname"},"content":{"rendered":"<p>\u00d6M\u00dcRNAME \u201c \u2026 Alt\u0131n yanmaz ate\u015fte, g\u00fcn g\u00fcne\u015fte erimez Ak\u0131n yoksa atiye, asil atlar y\u00fcr\u00fcmez Ba\u015f e\u011filir secdede, y\u00fcrek bir ba\u015fka vurur Yi\u011fitlik ona derler ki da\u011flarca dik durur Zulme kar\u015f\u0131 dik duran ba\u015flar elbette merttir Mazlumun imdad\u0131na ses vermeyen namerttir Belki de g\u00f6n\u00fcllerde dumanl\u0131 da\u011flar kadar Hi\u00e7 hat\u0131ra gelmeyen sonsuz hazineler var   Kul haddini bilirse g\u00fcl kokar emelleri Yumruk olup g\u00f6\u011fs\u00fcne inmez kendi elleri Bir g\u00fcn sen de anlars\u0131n g\u00fcne\u015fin soldu\u011funu Bu d\u00fcnya hayat\u0131n\u0131n hep yalan oldu\u011funu Kim arar seni sonra, yoklu\u011funda kim \u00f6zler Kim bakar bulutlara, ya\u011fmurlar\u0131 kim g\u00f6zler Sat\u0131n almaz kimseler bir dirheme satsan da Yer seni kabul etmez iki b\u00fckl\u00fcm yatsan da   Al\u0131nlarda ak, kara ya\u015fan\u0131rken yaz\u0131lar Y\u00fcreklere y\u00fcklenir bazen hazlar, s\u0131z\u0131lar G\u00fcn olur g\u00fcnler ge\u00e7er gencecik bir bedende G\u00fcn olur g\u00fcnler biter, \u00f6z \u00f6l\u00fcr sende, bende Ay akar, aylar akar, y\u0131llar akar yel gibi Bazen olur g\u00f6zlerin sana bakar el gibi Can akar, canlar akar her nefeste, her anda \u00d6m\u00fcr b\u00f6yle ya\u015fan\u0131r, b\u00f6yle ge\u00e7er bu handa   Hayalden ibarettir hayat denen heng\u00e2me Sonunda demir al\u0131r d\u00fcnyadan \u00f6m\u00fcrname \u201d <\/p>\n","protected":false},"excerpt":{"rendered":"<p>\u00d6M\u00dcRNAME \u201c \u2026 Alt\u0131n yanmaz ate\u015fte, g\u00fcn g\u00fcne\u015fte erimez Ak\u0131n yoksa atiye, asil atlar y\u00fcr\u00fcmez Ba\u015f e\u011filir secdede, y\u00fcrek bir ba\u015fka vurur Yi\u011fitlik ona derler ki<span class=\"excerpt-hellip\"> [\u2026]<\/span><\/p>\n","protected":false},"featured_media":0,"template":"","meta":{"_monsterinsights_skip_tracking":false,"_monsterinsights_sitenote_active":false,"_monsterinsights_sitenote_note":"","_monsterinsights_sitenote_category":0},"product_brand":[],"product_cat":[12291,12509],"product_tag":[],"class_list":{"0":"post-731690","1":"product","2":"type-product","3":"status-publish","5":"product_cat-edebiyat","6":"product_cat-siir","7":"pa_cilt-ciltsiz","8":"pa_tur-kitap","9":"pa_yayinevi-gulnar-yayinlari","10":"pa_yazar-hamit-goksoy","12":"first","13":"instock","14":"sale","15":"shipping-taxable","16":"purchasable","17":"product-type-simple"},"_links":{"self":[{"href":"https:\/\/roveyayinevi.com.tr\/index.php\/wp-json\/wp\/v2\/product\/731690","targetHints":{"allow":["GET"]}}],"collection":[{"href":"https:\/\/roveyayinevi.com.tr\/index.php\/wp-json\/wp\/v2\/product"}],"about":[{"href":"https:\/\/roveyayinevi.com.tr\/index.php\/wp-json\/wp\/v2\/types\/product"}],"wp:attachment":[{"href":"https:\/\/roveyayinevi.com.tr\/index.php\/wp-json\/wp\/v2\/media?parent=731690"}],"wp:term":[{"taxonomy":"product_brand","embeddable":true,"href":"https:\/\/roveyayinevi.com.tr\/index.php\/wp-json\/wp\/v2\/product_brand?post=731690"},{"taxonomy":"product_cat","embeddable":true,"href":"https:\/\/roveyayinevi.com.tr\/index.php\/wp-json\/wp\/v2\/product_cat?post=731690"},{"taxonomy":"product_tag","embeddable":true,"href":"https:\/\/roveyayinevi.com.tr\/index.php\/wp-json\/wp\/v2\/product_tag?post=731690"}],"curies":[{"name":"wp","href":"https:\/\/api.w.org\/{rel}","templated":true}]}}