{"id":731686,"date":"2025-08-27T21:36:50","date_gmt":"2025-08-27T18:36:50","guid":{"rendered":"https:\/\/roveyayinevi.com.tr\/index.php\/urun\/karmantik\/"},"modified":"2026-04-16T02:39:44","modified_gmt":"2026-04-15T23:39:44","slug":"karmantik","status":"publish","type":"product","link":"https:\/\/roveyayinevi.com.tr\/index.php\/urun\/karmantik\/","title":{"rendered":"Karmant\u0131k"},"content":{"rendered":"<p>Zeka oyunlar\u0131na ilgi duyanlar! \u00d6zg\u00fcn ve farkl\u0131 tarzdaki mant\u0131k sorular\u0131n\u0131 \u00e7\u00f6zmekten keyif alanlar! \u201c\u00c7ok ilgili de\u011filim, bana da hitap eden sorular var m\u0131d\u0131r?\u201d diyenler! Zeka oyunlar\u0131 tutkunu bir denizcinin kaptanl\u0131\u011f\u0131nda KARMANTIK gemisi sizler i\u00e7in yola \u00e7\u0131k\u0131yor\u2026 Kimi zaman s\u00fct liman bir denizden, kimi zaman da f\u0131rt\u0131nalar\u0131n aras\u0131ndan ge\u00e7ece\u011finiz bu yolculukta acaba sizleri neler bekliyor? S\u00f6zel-Say\u0131sal Mant\u0131k b\u00f6l\u00fcm\u00fcnde; \u00f6r\u00fcnt\u00fcler, s\u00f6zc\u00fck oyunlar\u0131, d\u00f6rt i\u015flem, asal say\u0131lar ve kibrit oyunlar\u0131 gibi farkl\u0131 temal\u0131 sorularla kar\u015f\u0131la\u015facak, Bulmaca b\u00f6l\u00fcm\u00fcnde; ak\u0131l y\u00fcr\u00fcterek bir \u00e7ok t\u00fcrdeki oyunlar\u0131 keyifle \u00e7\u00f6zecek, Steganografi b\u00f6l\u00fcm\u00fcnde; adeta bir dedektif gibi izleri takip ederek gizlenmi\u015f bilgiye ula\u015facak, Yar\u0131\u015fMant\u0131k b\u00f6l\u00fcm\u00fcnde ise soru \u00e7\u00f6zme keyfinize yar\u0131\u015fma heyecan\u0131 katacaks\u0131n\u0131z.Haydi! Zeka Oyunlar\u0131 denizinde KARMANTIK gemisiyle birlikte yol alal\u0131m\u2026<\/p>\n","protected":false},"excerpt":{"rendered":"<p>Zeka oyunlar\u0131na ilgi duyanlar! \u00d6zg\u00fcn ve farkl\u0131 tarzdaki mant\u0131k sorular\u0131n\u0131 \u00e7\u00f6zmekten keyif alanlar! \u201c\u00c7ok ilgili de\u011filim, bana da hitap eden sorular var m\u0131d\u0131r?\u201d diyenler! Zeka oyunlar\u0131<span class=\"excerpt-hellip\"> [\u2026]<\/span><\/p>\n","protected":false},"featured_media":0,"template":"","meta":{"_monsterinsights_skip_tracking":false,"_monsterinsights_sitenote_active":false,"_monsterinsights_sitenote_note":"","_monsterinsights_sitenote_category":0},"product_brand":[],"product_cat":[16943,15563],"product_tag":[],"class_list":{"0":"post-731686","1":"product","2":"type-product","3":"status-publish","5":"product_cat-bilmeceler-bulmacalar","6":"product_cat-hobi","7":"pa_cilt-ciltsiz","8":"pa_tur-kitap10","9":"pa_yayinevi-nar-agaci-yayinlari","10":"pa_yazar-saban-erdogan","12":"first","13":"instock","14":"sale","15":"shipping-taxable","16":"purchasable","17":"product-type-simple"},"_links":{"self":[{"href":"https:\/\/roveyayinevi.com.tr\/index.php\/wp-json\/wp\/v2\/product\/731686","targetHints":{"allow":["GET"]}}],"collection":[{"href":"https:\/\/roveyayinevi.com.tr\/index.php\/wp-json\/wp\/v2\/product"}],"about":[{"href":"https:\/\/roveyayinevi.com.tr\/index.php\/wp-json\/wp\/v2\/types\/product"}],"wp:attachment":[{"href":"https:\/\/roveyayinevi.com.tr\/index.php\/wp-json\/wp\/v2\/media?parent=731686"}],"wp:term":[{"taxonomy":"product_brand","embeddable":true,"href":"https:\/\/roveyayinevi.com.tr\/index.php\/wp-json\/wp\/v2\/product_brand?post=731686"},{"taxonomy":"product_cat","embeddable":true,"href":"https:\/\/roveyayinevi.com.tr\/index.php\/wp-json\/wp\/v2\/product_cat?post=731686"},{"taxonomy":"product_tag","embeddable":true,"href":"https:\/\/roveyayinevi.com.tr\/index.php\/wp-json\/wp\/v2\/product_tag?post=731686"}],"curies":[{"name":"wp","href":"https:\/\/api.w.org\/{rel}","templated":true}]}}