{"id":731682,"date":"2025-08-27T21:36:45","date_gmt":"2025-08-27T18:36:45","guid":{"rendered":"https:\/\/roveyayinevi.com.tr\/index.php\/urun\/j-d-salinger-ben-bu-dunyadayim-ama-bu-dunyadan-degilim\/"},"modified":"2026-04-16T02:39:44","modified_gmt":"2026-04-15T23:39:44","slug":"j-d-salinger-ben-bu-dunyadayim-ama-bu-dunyadan-degilim","status":"publish","type":"product","link":"https:\/\/roveyayinevi.com.tr\/index.php\/urun\/j-d-salinger-ben-bu-dunyadayim-ama-bu-dunyadan-degilim\/","title":{"rendered":"J. D. Salinger-Ben Bu D\u00fcnyaday\u0131m Ama Bu D\u00fcnyadan De\u011filim"},"content":{"rendered":"<p>\u201cOlgunla\u015fmam\u0131\u015f insan\u0131n \u00f6zelli\u011fi, bir dava i\u00e7in soylu bir \u015fekilde \u00f6lmek istemesidir, olgun insan\u0131n \u00f6zelli\u011fiyse bu dava i\u00e7in g\u00f6steri\u015fsizce ya\u015famak istemesidir.\u201d \u2013 J. D. Salinger S\u00fcrd\u00fcrd\u00fc\u011f\u00fc m\u00fcnzevi ya\u015fam\u0131 boyunca d\u00fcnyan\u0131n en \u00e7ok okunan yazarlar\u0131ndan biri olan J. D. Salinger\u2019\u0131n hayat\u0131 en az yazd\u0131klar\u0131 kadar \u00e7arp\u0131c\u0131 ve d\u00fc\u015f\u00fcnd\u00fcr\u00fcc\u00fc&#8230; Kitaplar\u0131n\u0131n kapa\u011f\u0131n\u0131n g\u00f6steri\u015fsiz olmas\u0131n\u0131 isteyen, insanlardan m\u00fcmk\u00fcn oldu\u011funca uzak durmaya \u00e7al\u0131\u015fan ve t\u00fcm hayat\u0131n\u0131 yazmaya adayan bir yazar o. \u00c7avdar Tarlas\u0131nda \u00c7ocuklar\u2019\u0131n yay\u0131mlamas\u0131n\u0131n ard\u0131ndan g\u00f6sterilen ilgiyi hep bir tuzak gibi g\u00f6rd\u00fc. Uzun y\u0131llar kitaplar\u0131n\u0131 yay\u0131mlamad\u0131. \u00d6nemli olan yay\u0131mlamak de\u011fil, yazmakt\u0131 ona g\u00f6re&#8230; Mahremiyetini korumak isterken ba\u015f\u0131na gelmeyen kalmad\u0131. Hayat, en yak\u0131n\u0131ndakilere bile g\u00fcvenmemesi gerekti\u011fini \u00f6\u011fretti ona. II. D\u00fcnya Sava\u015f\u0131\u2019n\u0131n en \u015fiddetli zaman\u0131nda askerlik yaparken g\u00f6rd\u00fckleri y\u00fcz\u00fcnden delirme noktas\u0131na geldi. Bilinmeyenlerle dolu hayat\u0131na yakla\u015fmak bile heyecan ve ilham verici bir deneyim&#8230; Yay\u0131mlanmam\u0131\u015f eserleri milyonlarca insan taraf\u0131ndan merakla beklenen bu huysuz yazar, uzun zaman okunmaya ve konu\u015fulmaya devam edecek. <\/p>\n","protected":false},"excerpt":{"rendered":"<p>\u201cOlgunla\u015fmam\u0131\u015f insan\u0131n \u00f6zelli\u011fi, bir dava i\u00e7in soylu bir \u015fekilde \u00f6lmek istemesidir, olgun insan\u0131n \u00f6zelli\u011fiyse bu dava i\u00e7in g\u00f6steri\u015fsizce ya\u015famak istemesidir.\u201d \u2013 J. D. Salinger S\u00fcrd\u00fcrd\u00fc\u011f\u00fc m\u00fcnzevi<span class=\"excerpt-hellip\"> [\u2026]<\/span><\/p>\n","protected":false},"featured_media":0,"template":"","meta":{"_monsterinsights_skip_tracking":false,"_monsterinsights_sitenote_active":false,"_monsterinsights_sitenote_note":"","_monsterinsights_sitenote_category":0},"product_brand":[],"product_cat":[14009,12291],"product_tag":[],"class_list":{"0":"post-731682","1":"product","2":"type-product","3":"status-publish","5":"product_cat-biyografi-otobiyografi-edebiyat","6":"product_cat-edebiyat","7":"pa_cilt-ciltsiz","8":"pa_tur-kitap","9":"pa_yayinevi-destek-yayinlari","10":"pa_yazar-devrim-horlu","12":"first","13":"instock","14":"sale","15":"shipping-taxable","16":"purchasable","17":"product-type-simple"},"_links":{"self":[{"href":"https:\/\/roveyayinevi.com.tr\/index.php\/wp-json\/wp\/v2\/product\/731682","targetHints":{"allow":["GET"]}}],"collection":[{"href":"https:\/\/roveyayinevi.com.tr\/index.php\/wp-json\/wp\/v2\/product"}],"about":[{"href":"https:\/\/roveyayinevi.com.tr\/index.php\/wp-json\/wp\/v2\/types\/product"}],"wp:attachment":[{"href":"https:\/\/roveyayinevi.com.tr\/index.php\/wp-json\/wp\/v2\/media?parent=731682"}],"wp:term":[{"taxonomy":"product_brand","embeddable":true,"href":"https:\/\/roveyayinevi.com.tr\/index.php\/wp-json\/wp\/v2\/product_brand?post=731682"},{"taxonomy":"product_cat","embeddable":true,"href":"https:\/\/roveyayinevi.com.tr\/index.php\/wp-json\/wp\/v2\/product_cat?post=731682"},{"taxonomy":"product_tag","embeddable":true,"href":"https:\/\/roveyayinevi.com.tr\/index.php\/wp-json\/wp\/v2\/product_tag?post=731682"}],"curies":[{"name":"wp","href":"https:\/\/api.w.org\/{rel}","templated":true}]}}