{"id":731681,"date":"2025-08-27T21:36:45","date_gmt":"2025-08-27T18:36:45","guid":{"rendered":"https:\/\/roveyayinevi.com.tr\/index.php\/urun\/cocugum-ustun-zekali-mi\/"},"modified":"2026-04-16T02:39:44","modified_gmt":"2026-04-15T23:39:44","slug":"cocugum-ustun-zekali-mi","status":"publish","type":"product","link":"https:\/\/roveyayinevi.com.tr\/index.php\/urun\/cocugum-ustun-zekali-mi\/","title":{"rendered":"\u00c7ocu\u011fum \u00dcst\u00fcn Zekal\u0131 m\u0131?"},"content":{"rendered":"<p>\u201cAs\u0131l zek\u00e2 kalptedir.\u201d \u2013 Antik M\u0131s\u0131r deyi\u015fi Her anne baba, \u00e7ocu\u011funu b\u00fcy\u00fct\u00fcrken onun zek\u00e2 geli\u015fimini ya da zihinsel kapasitesini merak eder. \u00c7ocuklar\u0131n zihinsel geli\u015fimini fark etmek, desteklemek ve geli\u015ftirmek kendi potansiyellerini ortaya koyabilmeleri a\u00e7\u0131s\u0131ndan \u00e7ok \u00f6nemlidir. \u00c7\u00fcnk\u00fc zek\u00e2 \u015fansa b\u0131rak\u0131lacak bir konu de\u011fildir. Yetenekler ve zek\u00e2, ruh serbest kalabildi\u011fi ve ki\u015fi kendisi olabilmeyi ba\u015farabildi\u011fi \u00f6l\u00e7\u00fcde su y\u00fcz\u00fcne \u00e7\u0131kar. Gelece\u011fin mimarlar\u0131 olan \u00e7ocuklar\u0131n ger\u00e7ek potansiyellerine kavu\u015fmalar\u0131 i\u00e7in kal\u0131plardan kurtulmalar\u0131 gerekir. \u00d6zel Yetenekliler E\u011fitimi Anabilim Dal\u0131 \u00f6\u011fretim \u00fcyesi Do\u00e7. Dr. Marilena Z. Leana-Ta\u015fc\u0131lar, anne babalara, bak\u0131m-verenlere, \u00f6\u011fretmenlere, uzmanlara rehberlik edecek bu kitab\u0131nda \u00f6zellikle zek\u00e2, yetenek, \u00fcst\u00fcn zek\u00e2, duygusal zek\u00e2, duygusal dayan\u0131kl\u0131l\u0131k, bibliyoterapi ve otonom \u00f6\u011frenme konular\u0131na de\u011finiyor. \u00c7ocuklar\u0131n geli\u015fimini destekleyecek pratik uygulamalarla ebeveynlerin yoluna \u0131\u015f\u0131k tutuyor. <\/p>\n","protected":false},"excerpt":{"rendered":"<p>\u201cAs\u0131l zek\u00e2 kalptedir.\u201d \u2013 Antik M\u0131s\u0131r deyi\u015fi Her anne baba, \u00e7ocu\u011funu b\u00fcy\u00fct\u00fcrken onun zek\u00e2 geli\u015fimini ya da zihinsel kapasitesini merak eder. \u00c7ocuklar\u0131n zihinsel geli\u015fimini fark etmek,<span class=\"excerpt-hellip\"> [\u2026]<\/span><\/p>\n","protected":false},"featured_media":0,"template":"","meta":{"_monsterinsights_skip_tracking":false,"_monsterinsights_sitenote_active":false,"_monsterinsights_sitenote_note":"","_monsterinsights_sitenote_category":0},"product_brand":[],"product_cat":[12679,12357],"product_tag":[],"class_list":{"0":"post-731681","1":"product","2":"type-product","3":"status-publish","5":"product_cat-cocuk-psikolojisi","6":"product_cat-psikoloji","7":"pa_cilt-ciltsiz","8":"pa_tur-kitap","9":"pa_yayinevi-destek-yayinlari","10":"pa_yazar-marilena-z-leana-tascilar","12":"first","13":"instock","14":"sale","15":"shipping-taxable","16":"purchasable","17":"product-type-simple"},"_links":{"self":[{"href":"https:\/\/roveyayinevi.com.tr\/index.php\/wp-json\/wp\/v2\/product\/731681","targetHints":{"allow":["GET"]}}],"collection":[{"href":"https:\/\/roveyayinevi.com.tr\/index.php\/wp-json\/wp\/v2\/product"}],"about":[{"href":"https:\/\/roveyayinevi.com.tr\/index.php\/wp-json\/wp\/v2\/types\/product"}],"wp:attachment":[{"href":"https:\/\/roveyayinevi.com.tr\/index.php\/wp-json\/wp\/v2\/media?parent=731681"}],"wp:term":[{"taxonomy":"product_brand","embeddable":true,"href":"https:\/\/roveyayinevi.com.tr\/index.php\/wp-json\/wp\/v2\/product_brand?post=731681"},{"taxonomy":"product_cat","embeddable":true,"href":"https:\/\/roveyayinevi.com.tr\/index.php\/wp-json\/wp\/v2\/product_cat?post=731681"},{"taxonomy":"product_tag","embeddable":true,"href":"https:\/\/roveyayinevi.com.tr\/index.php\/wp-json\/wp\/v2\/product_tag?post=731681"}],"curies":[{"name":"wp","href":"https:\/\/api.w.org\/{rel}","templated":true}]}}