{"id":731680,"date":"2025-08-27T21:36:44","date_gmt":"2025-08-27T18:36:44","guid":{"rendered":"https:\/\/roveyayinevi.com.tr\/index.php\/urun\/kucukler-icin-buyuk-cizim-kitabi\/"},"modified":"2026-04-16T02:39:44","modified_gmt":"2026-04-15T23:39:44","slug":"kucukler-icin-buyuk-cizim-kitabi","status":"publish","type":"product","link":"https:\/\/roveyayinevi.com.tr\/index.php\/urun\/kucukler-icin-buyuk-cizim-kitabi\/","title":{"rendered":"K\u00fc\u00e7\u00fckler \u0130\u00e7in B\u00fcy\u00fck \u00c7izim Kitab\u0131"},"content":{"rendered":"<p>Bu kitapla, resim yapmak \u00e7ok kolay ve e\u011flenceli! \u00c7ok basit ad\u0131mlar\u0131 izleyerek denize dalan yunuslar, bir kaleyi koruyan \u015f\u00f6valyeler, canavar suratlar\u0131, v\u0131z\u0131ldayan ar\u0131lar ve \u00e7ok daha fazlas\u0131n\u0131 \u00e7izebilirsiniz. <\/p>\n","protected":false},"excerpt":{"rendered":"<p>Bu kitapla, resim yapmak \u00e7ok kolay ve e\u011flenceli! \u00c7ok basit ad\u0131mlar\u0131 izleyerek denize dalan yunuslar, bir kaleyi koruyan \u015f\u00f6valyeler, canavar suratlar\u0131, v\u0131z\u0131ldayan ar\u0131lar ve \u00e7ok daha<span class=\"excerpt-hellip\"> [\u2026]<\/span><\/p>\n","protected":false},"featured_media":0,"template":"","meta":{"_monsterinsights_skip_tracking":false,"_monsterinsights_sitenote_active":false,"_monsterinsights_sitenote_note":"","_monsterinsights_sitenote_category":0},"product_brand":[],"product_cat":[12274,12518],"product_tag":[],"class_list":{"0":"post-731680","1":"product","2":"type-product","3":"status-publish","5":"product_cat-cocuk-ve-genclik-kitaplari","6":"product_cat-okul-oncesi-kitaplar","7":"pa_cilt-ciltsiz","8":"pa_tur-kitap","9":"pa_yayinevi-1001-cicek-kitaplar","10":"pa_yazar-fiona-watt","12":"first","13":"instock","14":"sale","15":"shipping-taxable","16":"purchasable","17":"product-type-simple"},"_links":{"self":[{"href":"https:\/\/roveyayinevi.com.tr\/index.php\/wp-json\/wp\/v2\/product\/731680","targetHints":{"allow":["GET"]}}],"collection":[{"href":"https:\/\/roveyayinevi.com.tr\/index.php\/wp-json\/wp\/v2\/product"}],"about":[{"href":"https:\/\/roveyayinevi.com.tr\/index.php\/wp-json\/wp\/v2\/types\/product"}],"wp:attachment":[{"href":"https:\/\/roveyayinevi.com.tr\/index.php\/wp-json\/wp\/v2\/media?parent=731680"}],"wp:term":[{"taxonomy":"product_brand","embeddable":true,"href":"https:\/\/roveyayinevi.com.tr\/index.php\/wp-json\/wp\/v2\/product_brand?post=731680"},{"taxonomy":"product_cat","embeddable":true,"href":"https:\/\/roveyayinevi.com.tr\/index.php\/wp-json\/wp\/v2\/product_cat?post=731680"},{"taxonomy":"product_tag","embeddable":true,"href":"https:\/\/roveyayinevi.com.tr\/index.php\/wp-json\/wp\/v2\/product_tag?post=731680"}],"curies":[{"name":"wp","href":"https:\/\/api.w.org\/{rel}","templated":true}]}}