{"id":731675,"date":"2025-08-27T21:36:39","date_gmt":"2025-08-27T18:36:39","guid":{"rendered":"https:\/\/roveyayinevi.com.tr\/index.php\/urun\/karaburunun-gizemi\/"},"modified":"2026-04-16T02:39:44","modified_gmt":"2026-04-15T23:39:44","slug":"karaburunun-gizemi","status":"publish","type":"product","link":"https:\/\/roveyayinevi.com.tr\/index.php\/urun\/karaburunun-gizemi\/","title":{"rendered":"Karaburun&#8217;un Gizemi"},"content":{"rendered":"<p>\u201c\u015e\u015f\u015ft! Susun biraz.\u201d\u201cNiye, ne oldu ki?\u201d\u201c\u00c7al\u0131lar\u0131n aras\u0131nda bir \u015fey k\u0131p\u0131rd\u0131yor, ar\u0131 kovanlar\u0131na do\u011fru ilerliyor gibi&#8230; Evet, evet. Ger\u00e7ekten de bir \u015fey var. Hem de b\u00fcy\u00fck bir \u015fey!\u201dYazlar\u0131 Karaburun\u2019da bulu\u015fan d\u00f6rt kafadar Ela, R\u00fczg\u00e2r, Ya\u011fmur ve Eren gizemli bir olaya tan\u0131kl\u0131k ederler. \u00c7al\u0131l\u0131kta gezinen bir karalt\u0131 g\u00f6rmeleri, ya\u015fayacaklar\u0131 b\u00fcy\u00fck maceran\u0131n ba\u015flang\u0131c\u0131 olur. Nedir bu karalt\u0131, neden Karaburun\u2019dad\u0131r? \u00c7ocuklar bu gizemin pe\u015fine d\u00fc\u015ferler ve kendilerini y\u0131llar \u00f6ncesine uzanan ilgin\u00e7 bir olay\u0131n ortas\u0131nda bulurlar.Karaburun\u2019un Gizemi, merakla okunacak s\u00fcr\u00fckleyici bir macera.<\/p>\n","protected":false},"excerpt":{"rendered":"<p>\u201c\u015e\u015f\u015ft! Susun biraz.\u201d\u201cNiye, ne oldu ki?\u201d\u201c\u00c7al\u0131lar\u0131n aras\u0131nda bir \u015fey k\u0131p\u0131rd\u0131yor, ar\u0131 kovanlar\u0131na do\u011fru ilerliyor gibi&#8230; Evet, evet. Ger\u00e7ekten de bir \u015fey var. Hem de b\u00fcy\u00fck bir<span class=\"excerpt-hellip\"> [\u2026]<\/span><\/p>\n","protected":false},"featured_media":0,"template":"","meta":{"_monsterinsights_skip_tracking":false,"_monsterinsights_sitenote_active":false,"_monsterinsights_sitenote_note":"","_monsterinsights_sitenote_category":0},"product_brand":[],"product_cat":[12275,12274],"product_tag":[],"class_list":{"0":"post-731675","1":"product","2":"type-product","3":"status-publish","5":"product_cat-6-12-yas-kitaplari","6":"product_cat-cocuk-ve-genclik-kitaplari","7":"pa_cilt-ciltsiz","8":"pa_tur-kitap","9":"pa_yayinevi-redhouse-kidz-yayinlari","10":"pa_yazar-irem-almac-yuce","12":"first","13":"instock","14":"sale","15":"shipping-taxable","16":"purchasable","17":"product-type-simple"},"_links":{"self":[{"href":"https:\/\/roveyayinevi.com.tr\/index.php\/wp-json\/wp\/v2\/product\/731675","targetHints":{"allow":["GET"]}}],"collection":[{"href":"https:\/\/roveyayinevi.com.tr\/index.php\/wp-json\/wp\/v2\/product"}],"about":[{"href":"https:\/\/roveyayinevi.com.tr\/index.php\/wp-json\/wp\/v2\/types\/product"}],"wp:attachment":[{"href":"https:\/\/roveyayinevi.com.tr\/index.php\/wp-json\/wp\/v2\/media?parent=731675"}],"wp:term":[{"taxonomy":"product_brand","embeddable":true,"href":"https:\/\/roveyayinevi.com.tr\/index.php\/wp-json\/wp\/v2\/product_brand?post=731675"},{"taxonomy":"product_cat","embeddable":true,"href":"https:\/\/roveyayinevi.com.tr\/index.php\/wp-json\/wp\/v2\/product_cat?post=731675"},{"taxonomy":"product_tag","embeddable":true,"href":"https:\/\/roveyayinevi.com.tr\/index.php\/wp-json\/wp\/v2\/product_tag?post=731675"}],"curies":[{"name":"wp","href":"https:\/\/api.w.org\/{rel}","templated":true}]}}