{"id":731668,"date":"2025-08-27T21:36:34","date_gmt":"2025-08-27T18:36:34","guid":{"rendered":"https:\/\/roveyayinevi.com.tr\/index.php\/urun\/kanguru-renkleri-ogreniyor\/"},"modified":"2026-04-16T02:39:44","modified_gmt":"2026-04-15T23:39:44","slug":"kanguru-renkleri-ogreniyor","status":"publish","type":"product","link":"https:\/\/roveyayinevi.com.tr\/index.php\/urun\/kanguru-renkleri-ogreniyor\/","title":{"rendered":"Kanguru Renkleri \u00d6\u011freniyor"},"content":{"rendered":"<p>Minik kanguru, z\u0131p z\u0131p z\u0131pl\u0131yor, z\u0131plarken \u015fark\u0131lar s\u00f6yl\u00fcyor. Ama minik kanguru, sadece mavi rengi biliyor. Rastlad\u0131\u011f\u0131 her \u015feyin mavi oldu\u011funu s\u00f6yl\u00fcyor. D\u00fcnyam\u0131z, mavi kadar g\u00fczel renklerle dolu. Ba\u015fka renkler de \u00f6\u011frenecek minik kanguru! <\/p>\n","protected":false},"excerpt":{"rendered":"<p>Minik kanguru, z\u0131p z\u0131p z\u0131pl\u0131yor, z\u0131plarken \u015fark\u0131lar s\u00f6yl\u00fcyor. Ama minik kanguru, sadece mavi rengi biliyor. Rastlad\u0131\u011f\u0131 her \u015feyin mavi oldu\u011funu s\u00f6yl\u00fcyor. D\u00fcnyam\u0131z, mavi kadar g\u00fczel renklerle<span class=\"excerpt-hellip\"> [\u2026]<\/span><\/p>\n","protected":false},"featured_media":0,"template":"","meta":{"_monsterinsights_skip_tracking":false,"_monsterinsights_sitenote_active":false,"_monsterinsights_sitenote_note":"","_monsterinsights_sitenote_category":0},"product_brand":[],"product_cat":[12274,12518],"product_tag":[],"class_list":{"0":"post-731668","1":"product","2":"type-product","3":"status-publish","5":"product_cat-cocuk-ve-genclik-kitaplari","6":"product_cat-okul-oncesi-kitaplar","7":"pa_cilt-ciltsiz","8":"pa_tur-kitap","9":"pa_yayinevi-is-bankasi-kultur-yayinlari","10":"pa_yazar-renee-treml","12":"first","13":"instock","14":"sale","15":"shipping-taxable","16":"purchasable","17":"product-type-simple"},"_links":{"self":[{"href":"https:\/\/roveyayinevi.com.tr\/index.php\/wp-json\/wp\/v2\/product\/731668","targetHints":{"allow":["GET"]}}],"collection":[{"href":"https:\/\/roveyayinevi.com.tr\/index.php\/wp-json\/wp\/v2\/product"}],"about":[{"href":"https:\/\/roveyayinevi.com.tr\/index.php\/wp-json\/wp\/v2\/types\/product"}],"wp:attachment":[{"href":"https:\/\/roveyayinevi.com.tr\/index.php\/wp-json\/wp\/v2\/media?parent=731668"}],"wp:term":[{"taxonomy":"product_brand","embeddable":true,"href":"https:\/\/roveyayinevi.com.tr\/index.php\/wp-json\/wp\/v2\/product_brand?post=731668"},{"taxonomy":"product_cat","embeddable":true,"href":"https:\/\/roveyayinevi.com.tr\/index.php\/wp-json\/wp\/v2\/product_cat?post=731668"},{"taxonomy":"product_tag","embeddable":true,"href":"https:\/\/roveyayinevi.com.tr\/index.php\/wp-json\/wp\/v2\/product_tag?post=731668"}],"curies":[{"name":"wp","href":"https:\/\/api.w.org\/{rel}","templated":true}]}}