{"id":731667,"date":"2025-08-27T21:36:33","date_gmt":"2025-08-27T18:36:33","guid":{"rendered":"https:\/\/roveyayinevi.com.tr\/index.php\/urun\/makarna-avcilari\/"},"modified":"2026-04-16T02:39:44","modified_gmt":"2026-04-15T23:39:44","slug":"makarna-avcilari","status":"publish","type":"product","link":"https:\/\/roveyayinevi.com.tr\/index.php\/urun\/makarna-avcilari\/","title":{"rendered":"Makarna Avc\u0131lar\u0131"},"content":{"rendered":"<p>\u00d6rdek ve Minik At, en zor bulunan makarnay\u0131 ar\u0131yorlar\u2026 SPAGETT\u0130! \u00d6d\u00fcll\u00fc yazar Morag Hood\u2019un bu komik \u00f6yk\u00fcs\u00fc herkesi \u00e7ok g\u00fcld\u00fcrecek! \u201cS\u0131ra d\u0131\u015f\u0131 ve e\u011flenceli\u2026 \u00c7ocuklar yemek zamanlar\u0131n\u0131 kahkahalarla ge\u00e7irecek.\u201d Sunday Times \u201cKeyifli ve komik, hem okuyan hem de dinleyen i\u00e7in \u00e7ok e\u011flenceli.\u201d Guardian <\/p>\n","protected":false},"excerpt":{"rendered":"<p>\u00d6rdek ve Minik At, en zor bulunan makarnay\u0131 ar\u0131yorlar\u2026 SPAGETT\u0130! \u00d6d\u00fcll\u00fc yazar Morag Hood\u2019un bu komik \u00f6yk\u00fcs\u00fc herkesi \u00e7ok g\u00fcld\u00fcrecek! \u201cS\u0131ra d\u0131\u015f\u0131 ve e\u011flenceli\u2026 \u00c7ocuklar yemek<span class=\"excerpt-hellip\"> [\u2026]<\/span><\/p>\n","protected":false},"featured_media":0,"template":"","meta":{"_monsterinsights_skip_tracking":false,"_monsterinsights_sitenote_active":false,"_monsterinsights_sitenote_note":"","_monsterinsights_sitenote_category":0},"product_brand":[],"product_cat":[12274,12518],"product_tag":[],"class_list":{"0":"post-731667","1":"product","2":"type-product","3":"status-publish","5":"product_cat-cocuk-ve-genclik-kitaplari","6":"product_cat-okul-oncesi-kitaplar","7":"pa_cilt-ciltsiz","8":"pa_tur-kitap","9":"pa_yayinevi-is-bankasi-kultur-yayinlari","10":"pa_yazar-morag-hood-ella-okstad","12":"first","13":"instock","14":"sale","15":"shipping-taxable","16":"purchasable","17":"product-type-simple"},"_links":{"self":[{"href":"https:\/\/roveyayinevi.com.tr\/index.php\/wp-json\/wp\/v2\/product\/731667","targetHints":{"allow":["GET"]}}],"collection":[{"href":"https:\/\/roveyayinevi.com.tr\/index.php\/wp-json\/wp\/v2\/product"}],"about":[{"href":"https:\/\/roveyayinevi.com.tr\/index.php\/wp-json\/wp\/v2\/types\/product"}],"wp:attachment":[{"href":"https:\/\/roveyayinevi.com.tr\/index.php\/wp-json\/wp\/v2\/media?parent=731667"}],"wp:term":[{"taxonomy":"product_brand","embeddable":true,"href":"https:\/\/roveyayinevi.com.tr\/index.php\/wp-json\/wp\/v2\/product_brand?post=731667"},{"taxonomy":"product_cat","embeddable":true,"href":"https:\/\/roveyayinevi.com.tr\/index.php\/wp-json\/wp\/v2\/product_cat?post=731667"},{"taxonomy":"product_tag","embeddable":true,"href":"https:\/\/roveyayinevi.com.tr\/index.php\/wp-json\/wp\/v2\/product_tag?post=731667"}],"curies":[{"name":"wp","href":"https:\/\/api.w.org\/{rel}","templated":true}]}}