{"id":731666,"date":"2025-08-27T21:36:32","date_gmt":"2025-08-27T18:36:32","guid":{"rendered":"https:\/\/roveyayinevi.com.tr\/index.php\/urun\/boncukun-not-defteri\/"},"modified":"2026-04-16T02:39:44","modified_gmt":"2026-04-15T23:39:44","slug":"boncukun-not-defteri","status":"publish","type":"product","link":"https:\/\/roveyayinevi.com.tr\/index.php\/urun\/boncukun-not-defteri\/","title":{"rendered":"Boncuk\u2019un Not Defteri"},"content":{"rendered":"<p>Ba\u015fl\u0131yor macera! At bakal\u0131m Boncuk ilk \u0131s\u0131r\u0131\u011f\u0131 Kopar ya\u015famdan ilk lokmay\u0131 \u015eu upuzun yol \u00f6n\u00fcnde uzanan Senin hayat hikayendir Ve SEN olacaks\u0131n onu yazan. Sevimli hayat dersleriyle dolu bu e\u011flenceli kitap, sadece Boncuk\u2019a de\u011fil hepimize sesleniyor; hepimizi kendi \u00f6yk\u00fcm\u00fcz\u00fc yazmaya, ya\u015fam\u0131n \u00f6nemli D\u00d6N\u00dcM NOKTALARI \u00fczerinde d\u00fc\u015f\u00fcnmeye \u00e7a\u011f\u0131r\u0131yor.<\/p>\n","protected":false},"excerpt":{"rendered":"<p>Ba\u015fl\u0131yor macera! At bakal\u0131m Boncuk ilk \u0131s\u0131r\u0131\u011f\u0131 Kopar ya\u015famdan ilk lokmay\u0131 \u015eu upuzun yol \u00f6n\u00fcnde uzanan Senin hayat hikayendir Ve SEN olacaks\u0131n onu yazan. Sevimli hayat<span class=\"excerpt-hellip\"> [\u2026]<\/span><\/p>\n","protected":false},"featured_media":0,"template":"","meta":{"_monsterinsights_skip_tracking":false,"_monsterinsights_sitenote_active":false,"_monsterinsights_sitenote_note":"","_monsterinsights_sitenote_category":0},"product_brand":[],"product_cat":[12274,12518],"product_tag":[],"class_list":{"0":"post-731666","1":"product","2":"type-product","3":"status-publish","5":"product_cat-cocuk-ve-genclik-kitaplari","6":"product_cat-okul-oncesi-kitaplar","7":"pa_cilt-ciltsiz","8":"pa_tur-kitap","9":"pa_yayinevi-is-bankasi-kultur-yayinlari","10":"pa_yazar-michael-rosen","12":"first","13":"instock","14":"sale","15":"shipping-taxable","16":"purchasable","17":"product-type-simple"},"_links":{"self":[{"href":"https:\/\/roveyayinevi.com.tr\/index.php\/wp-json\/wp\/v2\/product\/731666","targetHints":{"allow":["GET"]}}],"collection":[{"href":"https:\/\/roveyayinevi.com.tr\/index.php\/wp-json\/wp\/v2\/product"}],"about":[{"href":"https:\/\/roveyayinevi.com.tr\/index.php\/wp-json\/wp\/v2\/types\/product"}],"wp:attachment":[{"href":"https:\/\/roveyayinevi.com.tr\/index.php\/wp-json\/wp\/v2\/media?parent=731666"}],"wp:term":[{"taxonomy":"product_brand","embeddable":true,"href":"https:\/\/roveyayinevi.com.tr\/index.php\/wp-json\/wp\/v2\/product_brand?post=731666"},{"taxonomy":"product_cat","embeddable":true,"href":"https:\/\/roveyayinevi.com.tr\/index.php\/wp-json\/wp\/v2\/product_cat?post=731666"},{"taxonomy":"product_tag","embeddable":true,"href":"https:\/\/roveyayinevi.com.tr\/index.php\/wp-json\/wp\/v2\/product_tag?post=731666"}],"curies":[{"name":"wp","href":"https:\/\/api.w.org\/{rel}","templated":true}]}}