{"id":731664,"date":"2025-08-27T21:36:30","date_gmt":"2025-08-27T18:36:30","guid":{"rendered":"https:\/\/roveyayinevi.com.tr\/index.php\/urun\/populer-sinemanin-mitolojisi-ii-suc-filmleri\/"},"modified":"2026-04-16T02:39:44","modified_gmt":"2026-04-15T23:39:44","slug":"populer-sinemanin-mitolojisi-ii-suc-filmleri","status":"publish","type":"product","link":"https:\/\/roveyayinevi.com.tr\/index.php\/urun\/populer-sinemanin-mitolojisi-ii-suc-filmleri\/","title":{"rendered":"Pop\u00fcler Sinema\u2019nin Mitolojisi II Su\u00e7 Filmleri"},"content":{"rendered":"<p>Pop\u00fcler Sinema\u2019n\u0131n Mitolojisi\u2019ne ekledi\u011fimiz ikinci halka, ge\u00e7en y\u00fczy\u0131l\u0131n en kitlesel sanatsal d\u0131\u015favurum arac\u0131 olan yedinci sanat\u0131n su\u00e7la imtihan\u0131na bir bak\u0131\u015f atma denemesidir. Olgunun do\u011fu\u015fundan 70\u2019li y\u0131llara kadar ge\u00e7en d\u00f6nemin masaya yat\u0131r\u0131lmas\u0131 anlam\u0131na gelen \u201cSu\u00e7 Filmleri\u201d, t\u00fcr\u00fcn b\u00fct\u00fcn yap\u0131sal problemlerini, tasnif edilme sorunlar\u0131n\u0131, zaman i\u00e7inde birbirinin i\u00e7ine giren, da\u011f\u0131lan ve farkl\u0131 isimlerle, bak\u0131\u015f a\u00e7\u0131lar\u0131yla yeniden bir araya gelen t\u00fcr \/ alt t\u00fcr karma\u015fas\u0131n\u0131 b\u00fcnyesinde bar\u0131nd\u0131rmaktad\u0131r. \u201cWestern\u201d, \u201cKorku\u201d, \u201cKomedi\u201d, \u201cM\u00fczikal\u201d gibi adland\u0131rmalar; zaman i\u00e7inde ortaya \u00e7\u0131kard\u0131klar\u0131 g\u00f6stergeler, tematik \u00f6zellikler ve bi\u00e7imsel y\u00f6nelimlerle, di\u011fer t\u00fcrlere oranla daha net bir ayr\u0131m\u0131 ger\u00e7ekle\u015ftirirken, s\u00f6z Su\u00e7 Sinemas\u0131\u2019na geldi\u011finde s\u0131n\u0131fland\u0131rma kolay sa\u011flanamam\u0131\u015ft\u0131r. Kendi i\u00e7inde \u201cGangster\u201d, \u201cPolisiye \/ Dedektif\u201d, \u201cGerilim\u201d, \u201cKara Film\u201d, \u201cCasus\u201d, \u201c\u0130nfazc\u0131\u201d, \u201cPolitik Su\u00e7\u201d, \u201cMahkeme\u201d, \u201cSoygun\u201d gibi pek \u00e7ok kola ayr\u0131lan su\u00e7 filmlerini kronolojik bir bak\u0131\u015fla ele almak, onlar\u0131 par\u00e7alara ay\u0131r\u0131p tekrar bir araya getirmek; zahmetli ve kimi zaman da tutarl\u0131l\u0131k sorunlar\u0131n\u0131 beraberinde getiren bir \u00e7abad\u0131r. <\/p>\n","protected":false},"excerpt":{"rendered":"<p>Pop\u00fcler Sinema\u2019n\u0131n Mitolojisi\u2019ne ekledi\u011fimiz ikinci halka, ge\u00e7en y\u00fczy\u0131l\u0131n en kitlesel sanatsal d\u0131\u015favurum arac\u0131 olan yedinci sanat\u0131n su\u00e7la imtihan\u0131na bir bak\u0131\u015f atma denemesidir. Olgunun do\u011fu\u015fundan 70\u2019li y\u0131llara<span class=\"excerpt-hellip\"> [\u2026]<\/span><\/p>\n","protected":false},"featured_media":0,"template":"","meta":{"_monsterinsights_skip_tracking":false,"_monsterinsights_sitenote_active":false,"_monsterinsights_sitenote_note":"","_monsterinsights_sitenote_category":0},"product_brand":[],"product_cat":[12409,12408],"product_tag":[],"class_list":{"0":"post-731664","1":"product","2":"type-product","3":"status-publish","5":"product_cat-fotograf-sinema-tiyatro","6":"product_cat-sanat","7":"pa_cilt-ciltsiz","8":"pa_tur-kitap","9":"pa_yayinevi-ayrinti-yayinlari","10":"pa_yazar-veysel-atayman-tuncer-cetinkaya","12":"first","13":"instock","14":"sale","15":"shipping-taxable","16":"purchasable","17":"product-type-simple"},"_links":{"self":[{"href":"https:\/\/roveyayinevi.com.tr\/index.php\/wp-json\/wp\/v2\/product\/731664","targetHints":{"allow":["GET"]}}],"collection":[{"href":"https:\/\/roveyayinevi.com.tr\/index.php\/wp-json\/wp\/v2\/product"}],"about":[{"href":"https:\/\/roveyayinevi.com.tr\/index.php\/wp-json\/wp\/v2\/types\/product"}],"wp:attachment":[{"href":"https:\/\/roveyayinevi.com.tr\/index.php\/wp-json\/wp\/v2\/media?parent=731664"}],"wp:term":[{"taxonomy":"product_brand","embeddable":true,"href":"https:\/\/roveyayinevi.com.tr\/index.php\/wp-json\/wp\/v2\/product_brand?post=731664"},{"taxonomy":"product_cat","embeddable":true,"href":"https:\/\/roveyayinevi.com.tr\/index.php\/wp-json\/wp\/v2\/product_cat?post=731664"},{"taxonomy":"product_tag","embeddable":true,"href":"https:\/\/roveyayinevi.com.tr\/index.php\/wp-json\/wp\/v2\/product_tag?post=731664"}],"curies":[{"name":"wp","href":"https:\/\/api.w.org\/{rel}","templated":true}]}}