{"id":731663,"date":"2025-08-27T21:36:29","date_gmt":"2025-08-27T18:36:29","guid":{"rendered":"https:\/\/roveyayinevi.com.tr\/index.php\/urun\/yaramaz-porsuk-dani\/"},"modified":"2026-04-16T02:39:44","modified_gmt":"2026-04-15T23:39:44","slug":"yaramaz-porsuk-dani","status":"publish","type":"product","link":"https:\/\/roveyayinevi.com.tr\/index.php\/urun\/yaramaz-porsuk-dani\/","title":{"rendered":"Yaramaz Porsuk Dani"},"content":{"rendered":"<p>D\u00fcnyaca \u00fcnl\u00fc \u00e7ocuk ve gen\u00e7lik kitaplar\u0131 yazar\u0131 ve sayg\u0131n edebiyat \u00f6d\u00fclleri sahibi Christine N\u00f6stlinger\u2019in, kendine has tarz\u0131yla yazd\u0131\u011f\u0131 birbirinden e\u011flenceli ve d\u00fc\u015f\u00fcnd\u00fcr\u00fcc\u00fc \u00f6yk\u00fcler sizi bekliyor\u2026 Porsuk Dani ormandaki b\u00fct\u00fcn hayvanlarla iyi anla\u015f\u0131yordu, biri hari\u00e7. Tav\u015fan Hubs, arkas\u0131ndan kozalak f\u0131rlatmaktan tutun da komik lakaplar takmaya kadar, Dani\u2019ye etmedi\u011fini b\u0131rakm\u0131yordu. Porsuk Dani buna bir \u00e7are bulmal\u0131yd\u0131\u2026 Annesinin do\u011fum g\u00fcn\u00fcnde bir \u00e7ift\u00e7inin bah\u00e7esindeki \u00e7i\u00e7ekleri toplayan Porsuk Dani, \u00e7ift\u00e7inin ko\u015farak ona do\u011fru geldi\u011fini g\u00f6r\u00fcnce ne yapaca\u011f\u0131n\u0131 bilemedi\u2026 Anlayaca\u011f\u0131n\u0131z Porsuk Dani\u2019nin maceralar\u0131 hi\u00e7 bitmiyor\u2026<\/p>\n","protected":false},"excerpt":{"rendered":"<p>D\u00fcnyaca \u00fcnl\u00fc \u00e7ocuk ve gen\u00e7lik kitaplar\u0131 yazar\u0131 ve sayg\u0131n edebiyat \u00f6d\u00fclleri sahibi Christine N\u00f6stlinger\u2019in, kendine has tarz\u0131yla yazd\u0131\u011f\u0131 birbirinden e\u011flenceli ve d\u00fc\u015f\u00fcnd\u00fcr\u00fcc\u00fc \u00f6yk\u00fcler sizi bekliyor\u2026 Porsuk<span class=\"excerpt-hellip\"> [\u2026]<\/span><\/p>\n","protected":false},"featured_media":0,"template":"","meta":{"_monsterinsights_skip_tracking":false,"_monsterinsights_sitenote_active":false,"_monsterinsights_sitenote_note":"","_monsterinsights_sitenote_category":0},"product_brand":[],"product_cat":[12274,12518],"product_tag":[],"class_list":{"0":"post-731663","1":"product","2":"type-product","3":"status-publish","5":"product_cat-cocuk-ve-genclik-kitaplari","6":"product_cat-okul-oncesi-kitaplar","7":"pa_cilt-ciltsiz","8":"pa_tur-kitap","9":"pa_yayinevi-is-bankasi-kultur-yayinlari","10":"pa_yazar-christine-nostlinger","12":"first","13":"instock","14":"sale","15":"shipping-taxable","16":"purchasable","17":"product-type-simple"},"_links":{"self":[{"href":"https:\/\/roveyayinevi.com.tr\/index.php\/wp-json\/wp\/v2\/product\/731663","targetHints":{"allow":["GET"]}}],"collection":[{"href":"https:\/\/roveyayinevi.com.tr\/index.php\/wp-json\/wp\/v2\/product"}],"about":[{"href":"https:\/\/roveyayinevi.com.tr\/index.php\/wp-json\/wp\/v2\/types\/product"}],"wp:attachment":[{"href":"https:\/\/roveyayinevi.com.tr\/index.php\/wp-json\/wp\/v2\/media?parent=731663"}],"wp:term":[{"taxonomy":"product_brand","embeddable":true,"href":"https:\/\/roveyayinevi.com.tr\/index.php\/wp-json\/wp\/v2\/product_brand?post=731663"},{"taxonomy":"product_cat","embeddable":true,"href":"https:\/\/roveyayinevi.com.tr\/index.php\/wp-json\/wp\/v2\/product_cat?post=731663"},{"taxonomy":"product_tag","embeddable":true,"href":"https:\/\/roveyayinevi.com.tr\/index.php\/wp-json\/wp\/v2\/product_tag?post=731663"}],"curies":[{"name":"wp","href":"https:\/\/api.w.org\/{rel}","templated":true}]}}