{"id":731662,"date":"2025-08-27T21:36:28","date_gmt":"2025-08-27T18:36:28","guid":{"rendered":"https:\/\/roveyayinevi.com.tr\/index.php\/urun\/donemec-3\/"},"modified":"2026-04-11T13:59:14","modified_gmt":"2026-04-11T10:59:14","slug":"donemec-3","status":"publish","type":"product","link":"https:\/\/roveyayinevi.com.tr\/index.php\/urun\/donemec-3\/","title":{"rendered":"D\u00f6neme\u00e7"},"content":{"rendered":"<p>Yay\u0131mland\u0131\u011f\u0131 d\u00f6nemde Tahir Alangu\u2019nun \u201cSon y\u0131llarda iyice t\u0131kan\u0131p daralan ger\u00e7ek\u00e7i hik\u00e2ye anlat\u0131m\u0131na yeni bir ufuk a\u00e7\u0131yor\u201d diyerek kar\u015f\u0131lad\u0131\u011f\u0131 D\u00f6neme\u00e7\u2019teki \u00f6yk\u00fclerde \u00dcmit Kaftanc\u0131o\u011flu, insanla do\u011fan\u0131n, insanla insan\u0131n kavgas\u0131n\u0131 anlat\u0131r. Kitaba ad\u0131n\u0131 veren ve 1970 y\u0131l\u0131nda, \u00f6yk\u00fc dal\u0131nda TRT B\u00fcy\u00fck \u00d6d\u00fcl\u00fc\u2019ne de\u011fer g\u00f6r\u00fclen \u201cD\u00f6neme\u00e7\u201d \u00f6yk\u00fcs\u00fcnde Cilavuz K\u00f6y Enstit\u00fcs\u00fc&#8217;ne girebilmek i\u00e7in ger\u00e7ekle\u015ftirilen zorlu yolculu\u011fu, Ulgar Da\u011f\u0131\u2019nda amans\u0131z bir kar f\u0131rt\u0131nas\u0131 alt\u0131nda yitip giden K\u0131rklar&#8217;\u0131n trajik \u00f6yk\u00fcs\u00fcn\u00fc resmeden Kaftanc\u0131o\u011flu, edebiyat \u00e7evrelerince bir yolculuk yazar\u0131 olarak selamlan\u0131r. Hasan \u0130zzettin Dinamo, \u201cT\u00fcrk k\u00f6y\u00fcn\u00fcn b\u00fcy\u00fck edebiyat\u00e7\u0131lar\u0131na kendimce bir ad daha katm\u0131\u015f oldum\u201d diyerek ba\u015flad\u0131\u011f\u0131 yaz\u0131s\u0131n\u0131, \u201cUlgar\u201da at\u0131fta bulunarak \u015f\u00f6yle bitirir: \u201cBana koskoca bir roman havas\u0131yla konuk olmu\u015f olan bu hik\u00e2ye, toplumcu ger\u00e7ek\u00e7ili\u011fin b\u00fct\u00fcn g\u00fczelli\u011fini, etkinli\u011fini ta\u015f\u0131maktad\u0131r. Kollu k\u00f6y\u00fcn\u00fcn K\u0131rklar&#8217;\u0131, k\u0131rk \u00f6k\u00fcz\u00fcyle \u00f6l\u00fcnceye dek benim i\u00e7imden bir g\u00f6zya\u015f\u0131 kervan\u0131 gibi aral\u0131ks\u0131z ge\u00e7ip duracaklard\u0131r.\u201d <\/p>\n","protected":false},"excerpt":{"rendered":"<p>Yay\u0131mland\u0131\u011f\u0131 d\u00f6nemde Tahir Alangu\u2019nun \u201cSon y\u0131llarda iyice t\u0131kan\u0131p daralan ger\u00e7ek\u00e7i hik\u00e2ye anlat\u0131m\u0131na yeni bir ufuk a\u00e7\u0131yor\u201d diyerek kar\u015f\u0131lad\u0131\u011f\u0131 D\u00f6neme\u00e7\u2019teki \u00f6yk\u00fclerde \u00dcmit Kaftanc\u0131o\u011flu, insanla do\u011fan\u0131n, insanla insan\u0131n<span class=\"excerpt-hellip\"> [\u2026]<\/span><\/p>\n","protected":false},"featured_media":0,"template":"","meta":{"_monsterinsights_skip_tracking":false,"_monsterinsights_sitenote_active":false,"_monsterinsights_sitenote_note":"","_monsterinsights_sitenote_category":0},"product_brand":[],"product_cat":[12291,12711],"product_tag":[],"class_list":{"0":"post-731662","1":"product","2":"type-product","3":"status-publish","5":"product_cat-edebiyat","6":"product_cat-roman-oyku","7":"pa_cilt-ciltsiz","8":"pa_tur-kitap","9":"pa_yayinevi-ayrinti-yayinlari","10":"pa_yazar-umit-kaftancioglu","12":"first","13":"instock","14":"sale","15":"shipping-taxable","16":"purchasable","17":"product-type-simple"},"_links":{"self":[{"href":"https:\/\/roveyayinevi.com.tr\/index.php\/wp-json\/wp\/v2\/product\/731662","targetHints":{"allow":["GET"]}}],"collection":[{"href":"https:\/\/roveyayinevi.com.tr\/index.php\/wp-json\/wp\/v2\/product"}],"about":[{"href":"https:\/\/roveyayinevi.com.tr\/index.php\/wp-json\/wp\/v2\/types\/product"}],"wp:attachment":[{"href":"https:\/\/roveyayinevi.com.tr\/index.php\/wp-json\/wp\/v2\/media?parent=731662"}],"wp:term":[{"taxonomy":"product_brand","embeddable":true,"href":"https:\/\/roveyayinevi.com.tr\/index.php\/wp-json\/wp\/v2\/product_brand?post=731662"},{"taxonomy":"product_cat","embeddable":true,"href":"https:\/\/roveyayinevi.com.tr\/index.php\/wp-json\/wp\/v2\/product_cat?post=731662"},{"taxonomy":"product_tag","embeddable":true,"href":"https:\/\/roveyayinevi.com.tr\/index.php\/wp-json\/wp\/v2\/product_tag?post=731662"}],"curies":[{"name":"wp","href":"https:\/\/api.w.org\/{rel}","templated":true}]}}