{"id":731658,"date":"2025-08-27T21:36:24","date_gmt":"2025-08-27T18:36:24","guid":{"rendered":"https:\/\/roveyayinevi.com.tr\/index.php\/urun\/yolumuzu-degistirelim-koronavirusun-ogrettikleri\/"},"modified":"2026-04-16T02:39:44","modified_gmt":"2026-04-15T23:39:44","slug":"yolumuzu-degistirelim-koronavirusun-ogrettikleri","status":"publish","type":"product","link":"https:\/\/roveyayinevi.com.tr\/index.php\/urun\/yolumuzu-degistirelim-koronavirusun-ogrettikleri\/","title":{"rendered":"Yolumuzu De\u011fi\u015ftirelim \u2013 Koronavir\u00fcs\u00fcn \u00d6\u011frettikleri"},"content":{"rendered":"<p>\u201c\u00c7in\u2019in ismini bile duymad\u0131\u011f\u0131m\u0131z \u00fccra bir \u015fehrinde birdenbire ortaya \u00e7\u0131kan k\u00fc\u00e7\u00fcc\u00fck bir vir\u00fcs d\u00fcnya \u00e7ap\u0131nda bir faciaya yol a\u00e7t\u0131. Ku\u015fkusuz, bakterilerin k\u00fcresel \u00f6l\u00e7ekte birle\u015fmesi Amerika k\u0131talar\u0131n\u0131n ke\u015ffinden itibaren ger\u00e7ekle\u015fen bir vaka, ancak Covid-19\u2019un k\u00f6kl\u00fc yenili\u011fi siyasal, ekonomik, toplumsal, ekolojik, ulusal ve k\u00fcresel krizlerin bile\u015fimi olan bir megakrize yol a\u00e7mas\u0131 oldu.\u201d D\u00fcnyaca \u00fcnl\u00fc Frans\u0131z sosyolog Edgar Morin kar\u015f\u0131 kar\u015f\u0131ya oldu\u011fumuz salg\u0131n\u0131n gezegene yay\u0131lm\u0131\u015f Bat\u0131l\u0131 paradigman\u0131n, yani 16. y\u00fczy\u0131lda Avrupa\u2019da do\u011fmu\u015f modernitenin daha genel ve derin krizinin bir semptomu oldu\u011funu ileri s\u00fcr\u00fcyor ve bu megakrizi nas\u0131l f\u0131rsata \u00e7evirebilece\u011fimiz \u00fczerine kafa yoruyor. \u201cKoronavir\u00fcs sonras\u0131 da krizin kendisi kadar endi\u015fe verici. Umudun da yeni felaketlerin de ta\u015f\u0131y\u0131c\u0131s\u0131 olabilir. Yar\u0131n\u0131n d\u00fcnyas\u0131n\u0131n d\u00fcn\u00fcn d\u00fcnyas\u0131 olmayaca\u011f\u0131 kesin kanaatini \u00e7o\u011fu insan payla\u015f\u0131yor. Peki, nas\u0131l olacak? Sosyal hayatta, ekonomide, politikada ve sa\u011fl\u0131ktaki krizler toplumlar\u0131m\u0131z\u0131 darmaduman m\u0131 edecek? T\u00fcm insanlar\u0131 bir kader ortakl\u0131\u011f\u0131na mahk\u00fbm eden, herkesi gezegenin biyo-ekolojik yazg\u0131s\u0131na ba\u011flayan bu pandemiden ders \u00e7\u0131karabilecek miyiz?\u201d <\/p>\n","protected":false},"excerpt":{"rendered":"<p>\u201c\u00c7in\u2019in ismini bile duymad\u0131\u011f\u0131m\u0131z \u00fccra bir \u015fehrinde birdenbire ortaya \u00e7\u0131kan k\u00fc\u00e7\u00fcc\u00fck bir vir\u00fcs d\u00fcnya \u00e7ap\u0131nda bir faciaya yol a\u00e7t\u0131. Ku\u015fkusuz, bakterilerin k\u00fcresel \u00f6l\u00e7ekte birle\u015fmesi Amerika k\u0131talar\u0131n\u0131n<span class=\"excerpt-hellip\"> [\u2026]<\/span><\/p>\n","protected":false},"featured_media":0,"template":"","meta":{"_monsterinsights_skip_tracking":false,"_monsterinsights_sitenote_active":false,"_monsterinsights_sitenote_note":"","_monsterinsights_sitenote_category":0},"product_brand":[],"product_cat":[13366,13365],"product_tag":[],"class_list":{"0":"post-731658","1":"product","2":"type-product","3":"status-publish","5":"product_cat-diger-saglik","6":"product_cat-saglik","7":"pa_cilt-ciltsiz","8":"pa_tur-kitap","9":"pa_yayinevi-is-bankasi-kultur-yayinlari","10":"pa_yazar-edgar-morin","12":"first","13":"instock","14":"sale","15":"shipping-taxable","16":"purchasable","17":"product-type-simple"},"_links":{"self":[{"href":"https:\/\/roveyayinevi.com.tr\/index.php\/wp-json\/wp\/v2\/product\/731658","targetHints":{"allow":["GET"]}}],"collection":[{"href":"https:\/\/roveyayinevi.com.tr\/index.php\/wp-json\/wp\/v2\/product"}],"about":[{"href":"https:\/\/roveyayinevi.com.tr\/index.php\/wp-json\/wp\/v2\/types\/product"}],"wp:attachment":[{"href":"https:\/\/roveyayinevi.com.tr\/index.php\/wp-json\/wp\/v2\/media?parent=731658"}],"wp:term":[{"taxonomy":"product_brand","embeddable":true,"href":"https:\/\/roveyayinevi.com.tr\/index.php\/wp-json\/wp\/v2\/product_brand?post=731658"},{"taxonomy":"product_cat","embeddable":true,"href":"https:\/\/roveyayinevi.com.tr\/index.php\/wp-json\/wp\/v2\/product_cat?post=731658"},{"taxonomy":"product_tag","embeddable":true,"href":"https:\/\/roveyayinevi.com.tr\/index.php\/wp-json\/wp\/v2\/product_tag?post=731658"}],"curies":[{"name":"wp","href":"https:\/\/api.w.org\/{rel}","templated":true}]}}