{"id":731657,"date":"2025-08-27T21:36:24","date_gmt":"2025-08-27T18:36:24","guid":{"rendered":"https:\/\/roveyayinevi.com.tr\/index.php\/urun\/buyuk-matematikciler-eulerden-von-neumanna\/"},"modified":"2026-04-16T02:39:44","modified_gmt":"2026-04-15T23:39:44","slug":"buyuk-matematikciler-eulerden-von-neumanna","status":"publish","type":"product","link":"https:\/\/roveyayinevi.com.tr\/index.php\/urun\/buyuk-matematikciler-eulerden-von-neumanna\/","title":{"rendered":"B\u00fcy\u00fck Matematik\u00e7iler \u2013 Euler\u2019den Von Neumann\u2019a"},"content":{"rendered":"<p>Galilei\u2019nin dedi\u011fi gibi: Do\u011fay\u0131 ancak onun bizimle konu\u015ftu\u011fu dili ve i\u015faretleri \u00f6\u011frendi\u011fimiz takdirde anlayabiliriz ki bu dil matematik ve kullan\u0131lan i\u015faretler de matematiksel i\u015faretlerdir.\u201d Oxford \u00dcniversitesi matematik profes\u00f6rl\u00fc\u011f\u00fcnden emekli olan Ioan James bu \u00f6nemli \u00e7al\u0131\u015fmas\u0131nda, g\u00fcn\u00fcm\u00fczden 300 y\u0131l geriye uzanarak altm\u0131\u015f b\u00fcy\u00fck matematik\u00e7inin biyografilerini kaleme al\u0131yor. Kitap, matematik\u00e7ilerin bilimsel ba\u015far\u0131lar\u0131n\u0131n yan\u0131 s\u0131ra her biri olduk\u00e7a merak uyand\u0131r\u0131c\u0131 ya\u015fam \u00f6yk\u00fcleri \u00fczerinde de titizlikle duruyor. Kronolojik olarak d\u00fczenlenmi\u015f biyografilerle, matemati\u011fin y\u0131llar i\u00e7inde hangi toplumsal ko\u015fullarda geli\u015fti\u011fine dair \u00e7arp\u0131c\u0131 bir tablo sunuluyor. Bilimsel ve teknik ayr\u0131nt\u0131lar\u0131 asgaride tutan kitap, konuya ilgi duyan b\u00fct\u00fcn okurlar\u0131 modern geli\u015fmeleri kolayca izlemeye davet ediyor. Aralar\u0131nda Euler, Laplace, Cauchy, Galois, Riemann, Poincar\u00e9, Hardy, Birkhoff, Kolmogorov ve Von Neumann gibi pek \u00e7ok matematik\u00e7iye ait ilgin\u00e7 hayat hik\u00e2yelerini okurken bir yandan da matemati\u011fin kendi yolunda nas\u0131l ilerledi\u011fine ve di\u011fer bilim dallar\u0131yla ili\u015fkisine tan\u0131k olacaks\u0131n\u0131z. <\/p>\n","protected":false},"excerpt":{"rendered":"<p>Galilei\u2019nin dedi\u011fi gibi: Do\u011fay\u0131 ancak onun bizimle konu\u015ftu\u011fu dili ve i\u015faretleri \u00f6\u011frendi\u011fimiz takdirde anlayabiliriz ki bu dil matematik ve kullan\u0131lan i\u015faretler de matematiksel i\u015faretlerdir.\u201d Oxford \u00dcniversitesi<span class=\"excerpt-hellip\"> [\u2026]<\/span><\/p>\n","protected":false},"featured_media":0,"template":"","meta":{"_monsterinsights_skip_tracking":false,"_monsterinsights_sitenote_active":false,"_monsterinsights_sitenote_note":"","_monsterinsights_sitenote_category":0},"product_brand":[],"product_cat":[13005,37328],"product_tag":[],"class_list":{"0":"post-731657","1":"product","2":"type-product","3":"status-publish","5":"product_cat-bilim-muhendislik","6":"product_cat-diger-bilim-muhendislik","7":"pa_cilt-ciltsiz","8":"pa_tur-kitap","9":"pa_yayinevi-is-bankasi-kultur-yayinlari","10":"pa_yazar-ioan-james","12":"first","13":"instock","14":"sale","15":"shipping-taxable","16":"purchasable","17":"product-type-simple"},"_links":{"self":[{"href":"https:\/\/roveyayinevi.com.tr\/index.php\/wp-json\/wp\/v2\/product\/731657","targetHints":{"allow":["GET"]}}],"collection":[{"href":"https:\/\/roveyayinevi.com.tr\/index.php\/wp-json\/wp\/v2\/product"}],"about":[{"href":"https:\/\/roveyayinevi.com.tr\/index.php\/wp-json\/wp\/v2\/types\/product"}],"wp:attachment":[{"href":"https:\/\/roveyayinevi.com.tr\/index.php\/wp-json\/wp\/v2\/media?parent=731657"}],"wp:term":[{"taxonomy":"product_brand","embeddable":true,"href":"https:\/\/roveyayinevi.com.tr\/index.php\/wp-json\/wp\/v2\/product_brand?post=731657"},{"taxonomy":"product_cat","embeddable":true,"href":"https:\/\/roveyayinevi.com.tr\/index.php\/wp-json\/wp\/v2\/product_cat?post=731657"},{"taxonomy":"product_tag","embeddable":true,"href":"https:\/\/roveyayinevi.com.tr\/index.php\/wp-json\/wp\/v2\/product_tag?post=731657"}],"curies":[{"name":"wp","href":"https:\/\/api.w.org\/{rel}","templated":true}]}}