{"id":731650,"date":"2025-08-27T21:36:17","date_gmt":"2025-08-27T18:36:17","guid":{"rendered":"https:\/\/roveyayinevi.com.tr\/index.php\/urun\/ruhkoparan-morrigan-crowun-pesinde\/"},"modified":"2026-04-16T02:39:43","modified_gmt":"2026-04-15T23:39:43","slug":"ruhkoparan-morrigan-crowun-pesinde","status":"publish","type":"product","link":"https:\/\/roveyayinevi.com.tr\/index.php\/urun\/ruhkoparan-morrigan-crowun-pesinde\/","title":{"rendered":"Ruhkoparan Morrigan Crow&#8217;un Pe\u015finde"},"content":{"rendered":"<p>38 Dile \u00c7evrilen Nevermoor Serisi Devam Ediyor.  \u201c2020\u2019Nin En \u0130yi Kitabi\u201d Se\u00e7kilerinde Waterstones \u2022 Apple Book \u2022 Booktopia \u2022 Bookriot Nevermoor&#8217;da Tuhaf \u015eeyler Oluyor\u2026 Morrigan Crow Ve Arkada\u015flar\u0131 Wunderous Cemiyeti\u2019nde Ilk Senelerini Atlatt\u0131lar, Gudubet Pazar\u0131\u2019n\u0131n Ala\u015fa\u011f\u0131 Edilmesine Yard\u0131m Ettiler Ve 919. Ekip\u2019in Sad\u0131k \u00dcyeleri Olduklar\u0131n\u0131 Kan\u0131tlad\u0131lar. \u015eimdiyse Morrigan Yeni, Heyecan Verici Bir Zorlukla Kar\u015f\u0131 Kar\u015f\u0131ya: Usta Bir Wundersmith\u2019in Vazge\u00e7ilmezi Olan \u201cA\u015fa\u011f\u0131l\u0131k Y\u00f6ntemler\u201dI \u00d6\u011frenmek Ve Kendisini T\u00fcketmekle Tehdit Eden G\u00fcc\u00fc Kontrol Etmek. Ke\u015fke Hepsi Bu Kadar Olsa! Nevermoor\u2019A Garip, \u00dcrk\u00fct\u00fcc\u00fc Bir Hastal\u0131k Musallat Oldu Ve Bula\u015ft\u0131\u011f\u0131 Wunder Hayvanlar\u0131 Av Pe\u015finde Ko\u015fan Ak\u0131ls\u0131z, Y\u0131rt\u0131c\u0131 Hayvans\u0131lara D\u00f6n\u00fc\u015ft\u00fcr\u00fcyor. Bu Illetin Kurbanlar\u0131 \u00c7o\u011fald\u0131k\u00e7a Panik Yay\u0131l\u0131yor Ve Sevdi\u011fi \u015eehir Korku I\u00e7inde Bo\u011fulurken Morrigan,  Ruhkoparan\u2019A Deva Bulman\u0131n Kendisine D\u00fc\u015ft\u00fc\u011f\u00fcn\u00fc Anl\u0131yor\u2026 Bu Aray\u0131\u015f\u0131 Onu \u2013Ve Nevermoor&#8217;daki Herkesi\u2013 Ak\u0131l Edebilece\u011finden \u00c7ok Daha Fazla Tehlikeye Sokacak Olsa Bile. <\/p>\n","protected":false},"excerpt":{"rendered":"<p>38 Dile \u00c7evrilen Nevermoor Serisi Devam Ediyor. \u201c2020\u2019Nin En \u0130yi Kitabi\u201d Se\u00e7kilerinde Waterstones \u2022 Apple Book \u2022 Booktopia \u2022 Bookriot Nevermoor&#8217;da Tuhaf \u015eeyler Oluyor\u2026 Morrigan Crow<span class=\"excerpt-hellip\"> [\u2026]<\/span><\/p>\n","protected":false},"featured_media":0,"template":"","meta":{"_monsterinsights_skip_tracking":false,"_monsterinsights_sitenote_active":false,"_monsterinsights_sitenote_note":"","_monsterinsights_sitenote_category":0},"product_brand":[],"product_cat":[12275,12274],"product_tag":[],"class_list":{"0":"post-731650","1":"product","2":"type-product","3":"status-publish","5":"product_cat-6-12-yas-kitaplari","6":"product_cat-cocuk-ve-genclik-kitaplari","7":"pa_cilt-ciltsiz","8":"pa_tur-kitap","9":"pa_yayinevi-domingo-yayinevi","10":"pa_yazar-jessica-townsend","12":"first","13":"instock","14":"sale","15":"shipping-taxable","16":"purchasable","17":"product-type-simple"},"_links":{"self":[{"href":"https:\/\/roveyayinevi.com.tr\/index.php\/wp-json\/wp\/v2\/product\/731650","targetHints":{"allow":["GET"]}}],"collection":[{"href":"https:\/\/roveyayinevi.com.tr\/index.php\/wp-json\/wp\/v2\/product"}],"about":[{"href":"https:\/\/roveyayinevi.com.tr\/index.php\/wp-json\/wp\/v2\/types\/product"}],"wp:attachment":[{"href":"https:\/\/roveyayinevi.com.tr\/index.php\/wp-json\/wp\/v2\/media?parent=731650"}],"wp:term":[{"taxonomy":"product_brand","embeddable":true,"href":"https:\/\/roveyayinevi.com.tr\/index.php\/wp-json\/wp\/v2\/product_brand?post=731650"},{"taxonomy":"product_cat","embeddable":true,"href":"https:\/\/roveyayinevi.com.tr\/index.php\/wp-json\/wp\/v2\/product_cat?post=731650"},{"taxonomy":"product_tag","embeddable":true,"href":"https:\/\/roveyayinevi.com.tr\/index.php\/wp-json\/wp\/v2\/product_tag?post=731650"}],"curies":[{"name":"wp","href":"https:\/\/api.w.org\/{rel}","templated":true}]}}