{"id":731649,"date":"2025-08-27T21:36:16","date_gmt":"2025-08-27T18:36:16","guid":{"rendered":"https:\/\/roveyayinevi.com.tr\/index.php\/urun\/sen-ve-evren-uzay-yolcusu-kalmasin\/"},"modified":"2026-04-16T02:39:43","modified_gmt":"2026-04-15T23:39:43","slug":"sen-ve-evren-uzay-yolcusu-kalmasin","status":"publish","type":"product","link":"https:\/\/roveyayinevi.com.tr\/index.php\/urun\/sen-ve-evren-uzay-yolcusu-kalmasin\/","title":{"rendered":"Sen ve Evren Uzay Yolcusu Kalmas\u0131n!"},"content":{"rendered":"<p>D\u00fcnyan\u0131n en e\u011flenceli uzay yolculu\u011fu ba\u015fl\u0131yor. G\u00fcne\u015f sistemimizden GALAKS\u0130M\u0130ZE ve \u00d6TES\u0130NE uzanan bu \u0130NANILMAZ yolculukta, kafay\u0131 uzayla bozmu\u015f Dara \u00d3 Briain&#8217;a e\u015flik etmeye haz\u0131rlan\u0131n! Siz de bu sorular\u0131n yan\u0131tlar\u0131n\u0131 merak edenlerden misiniz? Nas\u0131l astronot olunur? (\u00c7ocuk oyunca\u011f\u0131! Ama abart\u0131yor da olabilirim.) Ven\u00fcs\u2019\u00fc ziyaret etmek nas\u0131l fikir? (Berbat.) Evrenin sonu nas\u0131l gelecek? (Dert etmeyin, gelmeyecek. Ger\u00e7ekten!) T\u00fcm bunlar\u0131 ve \u00e7ok ama \u00e7ok daha fazlas\u0131n\u0131 KE\u015eFETMEK i\u00e7in evdeki RAHAT koltu\u011funuzu b\u0131rakmaya kararl\u0131ysan\u0131z, \u00e7antalar toplans\u0131n, uzay yolcusu kalmas\u0131n!  Dikkat! Elinizdeki kitap, bildi\u011finiz UZAY kitaplar\u0131na hi\u00e7 benzemiyor<\/p>\n","protected":false},"excerpt":{"rendered":"<p>D\u00fcnyan\u0131n en e\u011flenceli uzay yolculu\u011fu ba\u015fl\u0131yor. G\u00fcne\u015f sistemimizden GALAKS\u0130M\u0130ZE ve \u00d6TES\u0130NE uzanan bu \u0130NANILMAZ yolculukta, kafay\u0131 uzayla bozmu\u015f Dara \u00d3 Briain&#8217;a e\u015flik etmeye haz\u0131rlan\u0131n! Siz de<span class=\"excerpt-hellip\"> [\u2026]<\/span><\/p>\n","protected":false},"featured_media":0,"template":"","meta":{"_monsterinsights_skip_tracking":false,"_monsterinsights_sitenote_active":false,"_monsterinsights_sitenote_note":"","_monsterinsights_sitenote_category":0},"product_brand":[],"product_cat":[13829,12274],"product_tag":[],"class_list":{"0":"post-731649","1":"product","2":"type-product","3":"status-publish","5":"product_cat-bilimsel-kitaplar","6":"product_cat-cocuk-ve-genclik-kitaplari","7":"pa_cilt-ciltsiz","8":"pa_tur-kitap","9":"pa_yayinevi-domingo-yayinevi","10":"pa_yazar-dara-o-briain","12":"first","13":"instock","14":"sale","15":"shipping-taxable","16":"purchasable","17":"product-type-simple"},"_links":{"self":[{"href":"https:\/\/roveyayinevi.com.tr\/index.php\/wp-json\/wp\/v2\/product\/731649","targetHints":{"allow":["GET"]}}],"collection":[{"href":"https:\/\/roveyayinevi.com.tr\/index.php\/wp-json\/wp\/v2\/product"}],"about":[{"href":"https:\/\/roveyayinevi.com.tr\/index.php\/wp-json\/wp\/v2\/types\/product"}],"wp:attachment":[{"href":"https:\/\/roveyayinevi.com.tr\/index.php\/wp-json\/wp\/v2\/media?parent=731649"}],"wp:term":[{"taxonomy":"product_brand","embeddable":true,"href":"https:\/\/roveyayinevi.com.tr\/index.php\/wp-json\/wp\/v2\/product_brand?post=731649"},{"taxonomy":"product_cat","embeddable":true,"href":"https:\/\/roveyayinevi.com.tr\/index.php\/wp-json\/wp\/v2\/product_cat?post=731649"},{"taxonomy":"product_tag","embeddable":true,"href":"https:\/\/roveyayinevi.com.tr\/index.php\/wp-json\/wp\/v2\/product_tag?post=731649"}],"curies":[{"name":"wp","href":"https:\/\/api.w.org\/{rel}","templated":true}]}}