{"id":731648,"date":"2025-08-27T21:36:15","date_gmt":"2025-08-27T18:36:15","guid":{"rendered":"https:\/\/roveyayinevi.com.tr\/index.php\/urun\/la-casa-de-papel-kacis-kitabi\/"},"modified":"2026-01-21T03:07:03","modified_gmt":"2026-01-21T00:07:03","slug":"la-casa-de-papel-kacis-kitabi","status":"publish","type":"product","link":"https:\/\/roveyayinevi.com.tr\/index.php\/urun\/la-casa-de-papel-kacis-kitabi\/","title":{"rendered":"La Casa De Papel Ka\u00e7\u0131\u015f Kitab\u0131"},"content":{"rendered":"<p>Ba\u015flad\u0131\u011f\u0131 hi\u00e7bir \u015feyi bitirememi\u015f, hayat\u0131n k\u0131y\u0131s\u0131na kadar gelip her seferinde geri d\u00f6nm\u00fc\u015f olan Jero Lamarca, son denemesi olarak g\u00f6rd\u00fc\u011f\u00fc at\u00f6lyesine kilit vurmaya haz\u0131rlan\u0131rken kap\u0131s\u0131na; i\u00e7inden imzas\u0131z bir mektup, eski bir defter, bir maske ve k\u00e2\u011f\u0131ttan, k\u0131rm\u0131z\u0131 bir ku\u015fun \u00e7\u0131kt\u0131\u011f\u0131 bir paket gelir.K\u00fc\u00e7\u00fck ya\u015fta, kendinden b\u00fcy\u00fck hastal\u0131klarla bo\u011fu\u015furken tan\u0131\u015ft\u0131\u011f\u0131, hastane ko\u011fu\u015flar\u0131n\u0131n deh\u015fetine birlikte g\u00f6\u011f\u00fcs gerip hayata tutunmay\u0131 birlikte \u00f6\u011frendikleri ve sonsuza kadar ayr\u0131lmamaya ant i\u00e7ti\u011fi Sergio Marquina\u2019dan geliyordur bu paket. D\u00fcnyan\u0131n d\u00f6rt bir yan\u0131nda aranmakta olan Robin Hood\u2019dan, tarihin en b\u00fcy\u00fck soygununun mimar\u0131ndan geliyordur. Herkesin bildi\u011fi ad\u0131yla Profes\u00f6r onu, eski g\u00fcnlerin hat\u0131r\u0131na, son bir oyuna davet ediyordur\u2026Profes\u00f6r\u2019\u00fcn kurgulad\u0131\u011f\u0131 ak\u0131l oyunlar\u0131yla maceradan maceraya at\u0131laca\u011f\u0131n\u0131z bu benzersiz kitapta hem bir dehan\u0131n ge\u00e7mi\u015fine ve olu\u015fumuna dair izleri s\u00fcrecek hem de b\u00fcy\u00fck soygunun arka plan\u0131nda ya\u015fananlar\u0131 ilk kez kendi a\u011fz\u0131ndan dinleyeceksiniz.T\u00fcm zamanlar\u0131n en \u00e7ok izlenen Netflix dizisi La Casa de Papel\u2019in, d\u00fcnya \u00e7ap\u0131nda ses getiren Ka\u00e7\u0131\u015f Kitab\u0131 ilk kez T\u00fcrkiye\u2019de.<\/p>\n","protected":false},"excerpt":{"rendered":"<p>Ba\u015flad\u0131\u011f\u0131 hi\u00e7bir \u015feyi bitirememi\u015f, hayat\u0131n k\u0131y\u0131s\u0131na kadar gelip her seferinde geri d\u00f6nm\u00fc\u015f olan Jero Lamarca, son denemesi olarak g\u00f6rd\u00fc\u011f\u00fc at\u00f6lyesine kilit vurmaya haz\u0131rlan\u0131rken kap\u0131s\u0131na; i\u00e7inden imzas\u0131z<span class=\"excerpt-hellip\"> [\u2026]<\/span><\/p>\n","protected":false},"featured_media":0,"template":"","meta":{"_monsterinsights_skip_tracking":false,"_monsterinsights_sitenote_active":false,"_monsterinsights_sitenote_note":"","_monsterinsights_sitenote_category":0},"product_brand":[],"product_cat":[12291,12711],"product_tag":[],"class_list":{"0":"post-731648","1":"product","2":"type-product","3":"status-publish","5":"product_cat-edebiyat","6":"product_cat-roman-oyku","7":"pa_cilt-ciltsiz","8":"pa_tur-kitap","9":"pa_yayinevi-teras-kitap","10":"pa_yazar-ivan-tapia-montse-linde","12":"first","13":"instock","14":"sale","15":"shipping-taxable","16":"purchasable","17":"product-type-simple"},"_links":{"self":[{"href":"https:\/\/roveyayinevi.com.tr\/index.php\/wp-json\/wp\/v2\/product\/731648","targetHints":{"allow":["GET"]}}],"collection":[{"href":"https:\/\/roveyayinevi.com.tr\/index.php\/wp-json\/wp\/v2\/product"}],"about":[{"href":"https:\/\/roveyayinevi.com.tr\/index.php\/wp-json\/wp\/v2\/types\/product"}],"wp:attachment":[{"href":"https:\/\/roveyayinevi.com.tr\/index.php\/wp-json\/wp\/v2\/media?parent=731648"}],"wp:term":[{"taxonomy":"product_brand","embeddable":true,"href":"https:\/\/roveyayinevi.com.tr\/index.php\/wp-json\/wp\/v2\/product_brand?post=731648"},{"taxonomy":"product_cat","embeddable":true,"href":"https:\/\/roveyayinevi.com.tr\/index.php\/wp-json\/wp\/v2\/product_cat?post=731648"},{"taxonomy":"product_tag","embeddable":true,"href":"https:\/\/roveyayinevi.com.tr\/index.php\/wp-json\/wp\/v2\/product_tag?post=731648"}],"curies":[{"name":"wp","href":"https:\/\/api.w.org\/{rel}","templated":true}]}}