{"id":731637,"date":"2025-08-27T21:36:04","date_gmt":"2025-08-27T18:36:04","guid":{"rendered":"https:\/\/roveyayinevi.com.tr\/index.php\/urun\/tarifsiz-nese-degerli-huzun\/"},"modified":"2026-04-16T02:39:43","modified_gmt":"2026-04-15T23:39:43","slug":"tarifsiz-nese-degerli-huzun","status":"publish","type":"product","link":"https:\/\/roveyayinevi.com.tr\/index.php\/urun\/tarifsiz-nese-degerli-huzun\/","title":{"rendered":"Tarifsiz Ne\u015fe De\u011ferli H\u00fcz\u00fcn"},"content":{"rendered":"<p>Yavuz Dizdar, Tarifsiz Ne\u015fe De\u011ferli H\u00fcz\u00fcn\u2019de g\u00fcncel konular\u0131 ya\u015famdan \u00f6rnekler vererek naif bir dille irdeliyor. Ge\u00e7mi\u015fte g\u00f6z ard\u0131 ederek b\u00fcy\u00fcmesine yol a\u00e7t\u0131\u011f\u0131m\u0131z sorunlar\u0131 geni\u015f bir \u00e7er\u00e7evede ele al\u0131yor.  Deneyimlerini de i\u00e7ine katarak bi\u00e7imlendirdi\u011fi anlat\u0131m\u0131, hayat\u0131 yeniden anlama ve anlamland\u0131rmaya y\u00f6nelik samimi bir k\u0131lavuz \u00f6zelli\u011fi ta\u015f\u0131yor. \u201cGer\u00e7ek h\u00fcz\u00fcnler ne\u015fenin aksine do\u011furgand\u0131r, ne\u015fe etrafa mutluluk tohumlar\u0131 sa\u00e7ar, ama de\u011ferli h\u00fcz\u00fcn o  tohumlar\u0131 esere d\u00f6n\u00fc\u015ft\u00fcr\u00fcr. <\/p>\n","protected":false},"excerpt":{"rendered":"<p>Yavuz Dizdar, Tarifsiz Ne\u015fe De\u011ferli H\u00fcz\u00fcn\u2019de g\u00fcncel konular\u0131 ya\u015famdan \u00f6rnekler vererek naif bir dille irdeliyor. Ge\u00e7mi\u015fte g\u00f6z ard\u0131 ederek b\u00fcy\u00fcmesine yol a\u00e7t\u0131\u011f\u0131m\u0131z sorunlar\u0131 geni\u015f bir \u00e7er\u00e7evede<span class=\"excerpt-hellip\"> [\u2026]<\/span><\/p>\n","protected":false},"featured_media":0,"template":"","meta":{"_monsterinsights_skip_tracking":false,"_monsterinsights_sitenote_active":false,"_monsterinsights_sitenote_note":"","_monsterinsights_sitenote_category":0},"product_brand":[],"product_cat":[12777,12291],"product_tag":[],"class_list":{"0":"post-731637","1":"product","2":"type-product","3":"status-publish","5":"product_cat-deneme","6":"product_cat-edebiyat","7":"pa_cilt-ciltsiz","8":"pa_tur-kitap","9":"pa_yayinevi-nemesis-kitap","10":"pa_yazar-yavuz-dizdar","12":"first","13":"instock","14":"sale","15":"shipping-taxable","16":"purchasable","17":"product-type-simple"},"_links":{"self":[{"href":"https:\/\/roveyayinevi.com.tr\/index.php\/wp-json\/wp\/v2\/product\/731637","targetHints":{"allow":["GET"]}}],"collection":[{"href":"https:\/\/roveyayinevi.com.tr\/index.php\/wp-json\/wp\/v2\/product"}],"about":[{"href":"https:\/\/roveyayinevi.com.tr\/index.php\/wp-json\/wp\/v2\/types\/product"}],"wp:attachment":[{"href":"https:\/\/roveyayinevi.com.tr\/index.php\/wp-json\/wp\/v2\/media?parent=731637"}],"wp:term":[{"taxonomy":"product_brand","embeddable":true,"href":"https:\/\/roveyayinevi.com.tr\/index.php\/wp-json\/wp\/v2\/product_brand?post=731637"},{"taxonomy":"product_cat","embeddable":true,"href":"https:\/\/roveyayinevi.com.tr\/index.php\/wp-json\/wp\/v2\/product_cat?post=731637"},{"taxonomy":"product_tag","embeddable":true,"href":"https:\/\/roveyayinevi.com.tr\/index.php\/wp-json\/wp\/v2\/product_tag?post=731637"}],"curies":[{"name":"wp","href":"https:\/\/api.w.org\/{rel}","templated":true}]}}