{"id":731635,"date":"2025-08-27T21:36:02","date_gmt":"2025-08-27T18:36:02","guid":{"rendered":"https:\/\/roveyayinevi.com.tr\/index.php\/urun\/gumus\/"},"modified":"2026-04-16T02:39:43","modified_gmt":"2026-04-15T23:39:43","slug":"gumus","status":"publish","type":"product","link":"https:\/\/roveyayinevi.com.tr\/index.php\/urun\/gumus\/","title":{"rendered":"G\u00fcm\u00fc\u015f"},"content":{"rendered":"<p>Alaska\u2019n\u0131n \u00fccra bir k\u00f6\u015fesinde annesiyle ve babas\u0131yla birlikte mutlu bir hayat s\u00fcren dokuz ya\u015f\u0131ndaki Rachel kendi k\u0131zak k\u00f6pekleriyle yar\u0131\u015flara kat\u0131laca\u011f\u0131 g\u00fcnlerin hayalini kurar. K\u0131zak k\u00f6pekleri yeti\u015ftirip yar\u0131\u015flara kat\u0131lan babas\u0131 bir g\u00fcn ona yeni do\u011fan yavrulardan birini verince Rachel hayaline biraz daha yakla\u015fm\u0131\u015f olur. Babas\u0131 bu \u00e7elimsiz yavrunun k\u0131zak k\u00f6pe\u011fi olamayaca\u011f\u0131n\u0131 d\u00fc\u015f\u00fcn\u00fcr. Rachel da G\u00fcm\u00fc\u015f ad\u0131n\u0131 verdi\u011fi yavrunun ger\u00e7ek bir \u015fampiyon oldu\u011funu kan\u0131tlamak i\u00e7in kollar\u0131 s\u0131var. <\/p>\n","protected":false},"excerpt":{"rendered":"<p>Alaska\u2019n\u0131n \u00fccra bir k\u00f6\u015fesinde annesiyle ve babas\u0131yla birlikte mutlu bir hayat s\u00fcren dokuz ya\u015f\u0131ndaki Rachel kendi k\u0131zak k\u00f6pekleriyle yar\u0131\u015flara kat\u0131laca\u011f\u0131 g\u00fcnlerin hayalini kurar. K\u0131zak k\u00f6pekleri yeti\u015ftirip<span class=\"excerpt-hellip\"> [\u2026]<\/span><\/p>\n","protected":false},"featured_media":0,"template":"","meta":{"_monsterinsights_skip_tracking":false,"_monsterinsights_sitenote_active":false,"_monsterinsights_sitenote_note":"","_monsterinsights_sitenote_category":0},"product_brand":[],"product_cat":[12275,12274],"product_tag":[],"class_list":{"0":"post-731635","1":"product","2":"type-product","3":"status-publish","5":"product_cat-6-12-yas-kitaplari","6":"product_cat-cocuk-ve-genclik-kitaplari","7":"pa_cilt-ciltsiz","8":"pa_tur-kitap","9":"pa_yayinevi-beyaz-balina-yayinlari","10":"pa_yazar-gloria-whelan","12":"first","13":"instock","14":"sale","15":"shipping-taxable","16":"purchasable","17":"product-type-simple"},"_links":{"self":[{"href":"https:\/\/roveyayinevi.com.tr\/index.php\/wp-json\/wp\/v2\/product\/731635","targetHints":{"allow":["GET"]}}],"collection":[{"href":"https:\/\/roveyayinevi.com.tr\/index.php\/wp-json\/wp\/v2\/product"}],"about":[{"href":"https:\/\/roveyayinevi.com.tr\/index.php\/wp-json\/wp\/v2\/types\/product"}],"wp:attachment":[{"href":"https:\/\/roveyayinevi.com.tr\/index.php\/wp-json\/wp\/v2\/media?parent=731635"}],"wp:term":[{"taxonomy":"product_brand","embeddable":true,"href":"https:\/\/roveyayinevi.com.tr\/index.php\/wp-json\/wp\/v2\/product_brand?post=731635"},{"taxonomy":"product_cat","embeddable":true,"href":"https:\/\/roveyayinevi.com.tr\/index.php\/wp-json\/wp\/v2\/product_cat?post=731635"},{"taxonomy":"product_tag","embeddable":true,"href":"https:\/\/roveyayinevi.com.tr\/index.php\/wp-json\/wp\/v2\/product_tag?post=731635"}],"curies":[{"name":"wp","href":"https:\/\/api.w.org\/{rel}","templated":true}]}}