{"id":731626,"date":"2025-08-27T21:35:07","date_gmt":"2025-08-27T18:35:07","guid":{"rendered":"https:\/\/roveyayinevi.com.tr\/index.php\/urun\/bassiz-beyitler\/"},"modified":"2026-04-08T02:48:11","modified_gmt":"2026-04-07T23:48:11","slug":"bassiz-beyitler","status":"publish","type":"product","link":"https:\/\/roveyayinevi.com.tr\/index.php\/urun\/bassiz-beyitler\/","title":{"rendered":"Ba\u015fs\u0131z Beyitler"},"content":{"rendered":"<p>Var olan her \u015fey fani, baki olan bir Allah \u00c2lem O\u2019nu zikreder, s\u00f6z\u00fcn \u00f6z\u00fc Bismillah Analar\u0131n a\u015fk\u0131 ak, sevgileri hep pakt\u0131r G\u00f6nl\u00fc g\u00fczel g\u00fcn gibi, ar\u0131, duru, parlakt\u0131r   Vatan ana demektir, sevgili, y\u00e2r demektir Kan bedeli \u00f6denmi\u015f, kutlu diyar demektir   Adalet ba\u015f tac\u0131d\u0131r, adil olan devlette Hak, hukuk h\u00e2kim ise huzur olur millette   Zaman batt\u0131 ba\u011fr\u0131ma, i\u00e7ten kanatt\u0131 beni Dost dedi\u011fim \u00e2lemler ucuza satt\u0131 beni   Kar kalkt\u0131 kap\u0131dan, kara g\u00f6r\u00fcnd\u00fc Say ki kabuk kalkt\u0131, yara g\u00f6r\u00fcnd\u00fc   Dalgalar durmadan deniz durulmaz Y\u00fcrek durulmadan beniz durulmaz   Dal\u0131 k\u0131r\u0131p, bir meyveyi koparma Kalbi k\u0131r\u0131p, kibir ile kabarma   Ecel bu d\u00fcnyadan hi\u00e7 gitmeyecek \u00d6l\u00fcm\u00fcn t\u00fcrk\u00fcs\u00fc hi\u00e7 bitmeyecek   Mah\u015fer g\u00fcn\u00fc adalet var, izan var Zerreleri \u00f6l\u00e7en, tartan mizan var <\/p>\n","protected":false},"excerpt":{"rendered":"<p>Var olan her \u015fey fani, baki olan bir Allah \u00c2lem O\u2019nu zikreder, s\u00f6z\u00fcn \u00f6z\u00fc Bismillah Analar\u0131n a\u015fk\u0131 ak, sevgileri hep pakt\u0131r G\u00f6nl\u00fc g\u00fczel g\u00fcn gibi, ar\u0131,<span class=\"excerpt-hellip\"> [\u2026]<\/span><\/p>\n","protected":false},"featured_media":0,"template":"","meta":{"_monsterinsights_skip_tracking":false,"_monsterinsights_sitenote_active":false,"_monsterinsights_sitenote_note":"","_monsterinsights_sitenote_category":0},"product_brand":[],"product_cat":[12291,12509],"product_tag":[],"class_list":{"0":"post-731626","1":"product","2":"type-product","3":"status-publish","5":"product_cat-edebiyat","6":"product_cat-siir","7":"pa_cilt-ciltsiz","8":"pa_tur-kitap","9":"pa_yayinevi-gulnar-yayinlari","10":"pa_yazar-hamit-goksoy","12":"first","13":"instock","14":"sale","15":"shipping-taxable","16":"purchasable","17":"product-type-simple"},"_links":{"self":[{"href":"https:\/\/roveyayinevi.com.tr\/index.php\/wp-json\/wp\/v2\/product\/731626","targetHints":{"allow":["GET"]}}],"collection":[{"href":"https:\/\/roveyayinevi.com.tr\/index.php\/wp-json\/wp\/v2\/product"}],"about":[{"href":"https:\/\/roveyayinevi.com.tr\/index.php\/wp-json\/wp\/v2\/types\/product"}],"wp:attachment":[{"href":"https:\/\/roveyayinevi.com.tr\/index.php\/wp-json\/wp\/v2\/media?parent=731626"}],"wp:term":[{"taxonomy":"product_brand","embeddable":true,"href":"https:\/\/roveyayinevi.com.tr\/index.php\/wp-json\/wp\/v2\/product_brand?post=731626"},{"taxonomy":"product_cat","embeddable":true,"href":"https:\/\/roveyayinevi.com.tr\/index.php\/wp-json\/wp\/v2\/product_cat?post=731626"},{"taxonomy":"product_tag","embeddable":true,"href":"https:\/\/roveyayinevi.com.tr\/index.php\/wp-json\/wp\/v2\/product_tag?post=731626"}],"curies":[{"name":"wp","href":"https:\/\/api.w.org\/{rel}","templated":true}]}}