{"id":731622,"date":"2025-08-27T21:35:03","date_gmt":"2025-08-27T18:35:03","guid":{"rendered":"https:\/\/roveyayinevi.com.tr\/index.php\/urun\/turizmi-haberlestirmek\/"},"modified":"2026-04-16T02:39:43","modified_gmt":"2026-04-15T23:39:43","slug":"turizmi-haberlestirmek","status":"publish","type":"product","link":"https:\/\/roveyayinevi.com.tr\/index.php\/urun\/turizmi-haberlestirmek\/","title":{"rendered":"Turizmi Haberle\u015ftirmek"},"content":{"rendered":"<p>Turizmi yaln\u0131zca tek boyutlu bir keyif ve bo\u015f zaman ge\u00e7irme faaliyeti olarak haberle\u015ftirmek, turizm habercili\u011fi say\u0131labilir mi? Turizmi haberle\u015ftirirken, yaln\u0131zca g\u00fcne\u015fin, denizin, kumun, k\u0131\u015f\u0131n\/kar\u0131n ve da\u011flar\u0131n g\u00fczelli\u011fini; yiyecek ve i\u00e7eceklerin en lezzetlilerinin sunuldu\u011fu mek\u00e2nlar\u0131, sekt\u00f6rden kazan\u0131lan paray\u0131 m\u0131 anlatacak, yoksa sekt\u00f6r\u00fcn do\u011faya, yerel k\u00fclt\u00fcr ve hayata etkisine de dikkat \u00e7ekecek miyiz? Verilen hizmetin kalitesini, hizmet alanlar\u0131n memnuniyetini \u00f6nemseyecek fakat o hizmeti veren kimi g\u00f6\u00e7men ve g\u00fcvencesiz i\u015f\u00e7ileri ilgi alan\u0131m\u0131z\u0131n d\u0131\u015f\u0131nda m\u0131 tutaca\u011f\u0131z? Turizm habercili\u011fini \u201cdo\u011fruyu s\u00f6ylemek\u201dten farkl\u0131 de\u011ferlendirip, bir destinasyonun \u201ctan\u0131t\u0131m\u0131\u201d ad\u0131na, ger\u00e7ek durumdan farkl\u0131 bir tablo \u00e7izmeyi ola\u011fan m\u0131 sayaca\u011f\u0131z? Yoksa, \u201cturizm habercili\u011fi\u201dnin kentleri, k\u00fclt\u00fcrleri, \u00fclkeleri, insanlar\u0131 birbirine tan\u0131tmak ve aralar\u0131nda k\u00f6pr\u00fcler kurmak oldu\u011fu bilinciyle mi gazetecilik yapaca\u011f\u0131z? Bu kitapta; d\u00fcnyan\u0131n farkl\u0131 \u00fclkelerinden gazeteciler, akademisyenler ve ka\u015fifler turizm habercili\u011fi konusundaki deneyimlerini aktarmaya ve yukar\u0131daki sorulara yan\u0131t aramaya \u00e7al\u0131\u015ft\u0131lar. Turizm habercili\u011finin bir aya\u011f\u0131nda hik\u00e2yelerin yarat\u0131lmas\u0131, di\u011fer aya\u011f\u0131nda da o hik\u00e2yelerin anlat\u0131lmas\u0131 oldu\u011funun, gazetecilerin de iyi bir hik\u00e2ye anlat\u0131c\u0131s\u0131 olmalar\u0131 gerekti\u011finin alt\u0131n\u0131 \u00e7izdiler. <\/p>\n","protected":false},"excerpt":{"rendered":"<p>Turizmi yaln\u0131zca tek boyutlu bir keyif ve bo\u015f zaman ge\u00e7irme faaliyeti olarak haberle\u015ftirmek, turizm habercili\u011fi say\u0131labilir mi? Turizmi haberle\u015ftirirken, yaln\u0131zca g\u00fcne\u015fin, denizin, kumun, k\u0131\u015f\u0131n\/kar\u0131n ve da\u011flar\u0131n<span class=\"excerpt-hellip\"> [\u2026]<\/span><\/p>\n","protected":false},"featured_media":0,"template":"","meta":{"_monsterinsights_skip_tracking":false,"_monsterinsights_sitenote_active":false,"_monsterinsights_sitenote_note":"","_monsterinsights_sitenote_category":0},"product_brand":[],"product_cat":[20333,13043],"product_tag":[],"class_list":{"0":"post-731622","1":"product","2":"type-product","3":"status-publish","5":"product_cat-diger-ekonomi","6":"product_cat-ekonomi","7":"pa_cilt-ciltsiz","8":"pa_tur-kitap","9":"pa_yayinevi-ayrinti-yayinlari","10":"pa_yazar-l-dogan-tilic","12":"first","13":"instock","14":"sale","15":"shipping-taxable","16":"purchasable","17":"product-type-simple"},"_links":{"self":[{"href":"https:\/\/roveyayinevi.com.tr\/index.php\/wp-json\/wp\/v2\/product\/731622","targetHints":{"allow":["GET"]}}],"collection":[{"href":"https:\/\/roveyayinevi.com.tr\/index.php\/wp-json\/wp\/v2\/product"}],"about":[{"href":"https:\/\/roveyayinevi.com.tr\/index.php\/wp-json\/wp\/v2\/types\/product"}],"wp:attachment":[{"href":"https:\/\/roveyayinevi.com.tr\/index.php\/wp-json\/wp\/v2\/media?parent=731622"}],"wp:term":[{"taxonomy":"product_brand","embeddable":true,"href":"https:\/\/roveyayinevi.com.tr\/index.php\/wp-json\/wp\/v2\/product_brand?post=731622"},{"taxonomy":"product_cat","embeddable":true,"href":"https:\/\/roveyayinevi.com.tr\/index.php\/wp-json\/wp\/v2\/product_cat?post=731622"},{"taxonomy":"product_tag","embeddable":true,"href":"https:\/\/roveyayinevi.com.tr\/index.php\/wp-json\/wp\/v2\/product_tag?post=731622"}],"curies":[{"name":"wp","href":"https:\/\/api.w.org\/{rel}","templated":true}]}}