{"id":731621,"date":"2025-08-27T21:35:02","date_gmt":"2025-08-27T18:35:02","guid":{"rendered":"https:\/\/roveyayinevi.com.tr\/index.php\/urun\/kocam-sizofren-mi\/"},"modified":"2026-03-03T02:59:15","modified_gmt":"2026-03-02T23:59:15","slug":"kocam-sizofren-mi","status":"publish","type":"product","link":"https:\/\/roveyayinevi.com.tr\/index.php\/urun\/kocam-sizofren-mi\/","title":{"rendered":"Kocam \u015eizofren Mi?"},"content":{"rendered":"<p>\u201cKocam ni\u015fan\u0131m\u0131zda ve d\u00fc\u011f\u00fcn\u00fcm\u00fczde so\u011fuk ve robot gibiydi. Hi\u00e7 konu\u015fmad\u0131. Bo\u015f bo\u015f bak\u0131yordu. Gerdek gecesinde ve sonras\u0131nda cinsel davran\u0131\u015flar\u0131 tuhaft\u0131. D\u00fc\u011f\u00fcnden sonra onu zehirleyece\u011fimizi, \u00f6ld\u00fcrece\u011fimizi, d\u00fc\u015f\u00fcncelerini \u00e7alaca\u011f\u0131m\u0131z\u0131, onu kontrol edece\u011fimizi s\u00f6ylemeye ba\u015flad\u0131. Bana yolda y\u00fcr\u00fcrken dilinin a\u011fz\u0131ndan \u00e7\u0131k\u0131p gitti\u011fini, dilinin arkas\u0131ndan ko\u015ftu\u011funu anlatt\u0131..\u201d \u201cNe yapaca\u011f\u0131m\u0131 bilmiyorum!\u201d Klinik Psikolog Dr. Ertu\u011frul Ta\u015f\u2019\u0131n ger\u00e7ek hayat hikayesinden esinlenen roman\u0131, \u00fczerine konu\u015fulmayan ama yayg\u0131n bir \u015fekilde bir \u00e7ok insan\u0131n hayat\u0131n\u0131 \u00e7ekilmez hale getiren bir olguyu ele al\u0131yor.<\/p>\n","protected":false},"excerpt":{"rendered":"<p>\u201cKocam ni\u015fan\u0131m\u0131zda ve d\u00fc\u011f\u00fcn\u00fcm\u00fczde so\u011fuk ve robot gibiydi. Hi\u00e7 konu\u015fmad\u0131. Bo\u015f bo\u015f bak\u0131yordu. Gerdek gecesinde ve sonras\u0131nda cinsel davran\u0131\u015flar\u0131 tuhaft\u0131. D\u00fc\u011f\u00fcnden sonra onu zehirleyece\u011fimizi, \u00f6ld\u00fcrece\u011fimizi, d\u00fc\u015f\u00fcncelerini<span class=\"excerpt-hellip\"> [\u2026]<\/span><\/p>\n","protected":false},"featured_media":0,"template":"","meta":{"_monsterinsights_skip_tracking":false,"_monsterinsights_sitenote_active":false,"_monsterinsights_sitenote_note":"","_monsterinsights_sitenote_category":0},"product_brand":[],"product_cat":[12291,12711],"product_tag":[],"class_list":{"0":"post-731621","1":"product","2":"type-product","3":"status-publish","5":"product_cat-edebiyat","6":"product_cat-roman-oyku","7":"pa_cilt-ciltsiz","8":"pa_tur-kitap","9":"pa_yayinevi-kirmizi-cati-yayinlari","10":"pa_yazar-ertugrul-tas","12":"first","13":"instock","14":"sale","15":"shipping-taxable","16":"purchasable","17":"product-type-simple"},"_links":{"self":[{"href":"https:\/\/roveyayinevi.com.tr\/index.php\/wp-json\/wp\/v2\/product\/731621","targetHints":{"allow":["GET"]}}],"collection":[{"href":"https:\/\/roveyayinevi.com.tr\/index.php\/wp-json\/wp\/v2\/product"}],"about":[{"href":"https:\/\/roveyayinevi.com.tr\/index.php\/wp-json\/wp\/v2\/types\/product"}],"wp:attachment":[{"href":"https:\/\/roveyayinevi.com.tr\/index.php\/wp-json\/wp\/v2\/media?parent=731621"}],"wp:term":[{"taxonomy":"product_brand","embeddable":true,"href":"https:\/\/roveyayinevi.com.tr\/index.php\/wp-json\/wp\/v2\/product_brand?post=731621"},{"taxonomy":"product_cat","embeddable":true,"href":"https:\/\/roveyayinevi.com.tr\/index.php\/wp-json\/wp\/v2\/product_cat?post=731621"},{"taxonomy":"product_tag","embeddable":true,"href":"https:\/\/roveyayinevi.com.tr\/index.php\/wp-json\/wp\/v2\/product_tag?post=731621"}],"curies":[{"name":"wp","href":"https:\/\/api.w.org\/{rel}","templated":true}]}}