{"id":731620,"date":"2025-08-27T21:35:01","date_gmt":"2025-08-27T18:35:01","guid":{"rendered":"https:\/\/roveyayinevi.com.tr\/index.php\/urun\/piyano-eslikli-viyola-sonatlari\/"},"modified":"2026-04-16T02:39:43","modified_gmt":"2026-04-15T23:39:43","slug":"piyano-eslikli-viyola-sonatlari","status":"publish","type":"product","link":"https:\/\/roveyayinevi.com.tr\/index.php\/urun\/piyano-eslikli-viyola-sonatlari\/","title":{"rendered":"Piyano E\u015flikli Viyola Sonatlar\u0131"},"content":{"rendered":"<p>Bu kitap \u00f6\u011fretmenler ve \u00f6\u011frenciler i\u00e7in senelerdir s\u00fcregelen notaya eri\u015fme zorluklar\u0131, eri\u015filebilen notalar\u0131n edisyon farkl\u0131l\u0131klar\u0131 ve bu notalar\u0131n defalarca \u00e7al\u0131\u015f\u0131lm\u0131\u015f olmas\u0131ndan kaynakl\u0131 s\u0131k\u0131nt\u0131lardan dolay\u0131 derlenen ve d\u00fczenlenen viyola sonatlar\u0131ndan olu\u015fmaktad\u0131r. Yurtd\u0131\u015f\u0131ndan edinilen farkl\u0131 edisyonlar nesilden nesile ancak fotokopi y\u00f6ntemi ile aktar\u0131labilmi\u015f ve her \u00e7al\u0131\u015fmada al\u0131nan notlar ve de\u011fi\u015ftirilen duateler notalar\u0131 neredeyse okunmaz hale getirmi\u015ftir. Ba\u015fta g\u00fczel sanatlar liseleri, e\u011fitim fak\u00fcltelerinin m\u00fczik e\u011fitimi anabilim dallar\u0131, g\u00fczel sanatlar fak\u00fclteleri ve konservatuvarlarda yap\u0131lan viyola e\u011fitimi i\u00e7in sonatlar\u0131n kolay eri\u015filebilecek temiz notalar\u0131 ve bu eserlerin piyano e\u015fliklerinin oldu\u011fu bir alb\u00fcm \u00f6nem kazanmaktad\u0131r.   Bu alb\u00fcmde Haendel, Telemann, Eccles ve Boccherini\u2019ye ait 5 sonat yer almaktad\u0131r. Ana kitapta sonatlar\u0131n piyano e\u015flikli partileri, kitab\u0131n beraberindeki ayr\u0131 kitap\u00e7\u0131kta ise sadece viyola partileri yer almaktad\u0131r. Eserler, viyola e\u011fitiminde s\u0131kl\u0131kla kullan\u0131lan sonatlar taranarak ve \u00f6\u011frencilerin teknik geli\u015fimleri g\u00f6z \u00f6n\u00fcnde bulundurularak se\u00e7ilmi\u015ftir.  \u00d6\u011frencilerin viyola e\u011fitimindeki ilk senelerinden itibaren \u00e7alabilmelerine y\u00f6nelik bir teknik i\u00e7erik g\u00f6zetilmi\u015ftir. Duateler ve konumland\u0131rmalar olabildi\u011fince \u00e7alg\u0131n\u0131n yap\u0131s\u0131na ve yorumlamaya en uygun \u015fekilde d\u00fczenlenmi\u015ftir. Sonatlar kolaydan zora do\u011fru s\u0131ralanm\u0131\u015ft\u0131r. \u00d6rne\u011fin ilk sonat sadece I. konum i\u00e7erirken en son sonat I., II., III., IV. ve V. konum ge\u00e7i\u015flidir. \u00d6\u011frencilerin bir piyaniste ihtiya\u00e7 duymadan birlikte m\u00fczik yapma zevkini tatmas\u0131 i\u00e7in eserlerin piyano e\u015flikleri karekod \u015feklinde eserlerin ba\u015f\u0131na eklenmi\u015ftir.  Bu e\u015fliklere karekod okutarak ula\u015fabilirsiniz. <\/p>\n","protected":false},"excerpt":{"rendered":"<p>Bu kitap \u00f6\u011fretmenler ve \u00f6\u011frenciler i\u00e7in senelerdir s\u00fcregelen notaya eri\u015fme zorluklar\u0131, eri\u015filebilen notalar\u0131n edisyon farkl\u0131l\u0131klar\u0131 ve bu notalar\u0131n defalarca \u00e7al\u0131\u015f\u0131lm\u0131\u015f olmas\u0131ndan kaynakl\u0131 s\u0131k\u0131nt\u0131lardan dolay\u0131 derlenen ve<span class=\"excerpt-hellip\"> [\u2026]<\/span><\/p>\n","protected":false},"featured_media":0,"template":"","meta":{"_monsterinsights_skip_tracking":false,"_monsterinsights_sitenote_active":false,"_monsterinsights_sitenote_note":"","_monsterinsights_sitenote_category":0},"product_brand":[],"product_cat":[14556,14557],"product_tag":[],"class_list":{"0":"post-731620","1":"product","2":"type-product","3":"status-publish","5":"product_cat-muzik","6":"product_cat-nota-kitaplari","7":"pa_cilt-ciltsiz","8":"pa_tur-kitap","9":"pa_yayinevi-muzik-egitimi-yayinlari","10":"pa_yazar-bilgehan-sonsel-gorkem-kumtepe","12":"first","13":"instock","14":"sale","15":"shipping-taxable","16":"purchasable","17":"product-type-simple"},"_links":{"self":[{"href":"https:\/\/roveyayinevi.com.tr\/index.php\/wp-json\/wp\/v2\/product\/731620","targetHints":{"allow":["GET"]}}],"collection":[{"href":"https:\/\/roveyayinevi.com.tr\/index.php\/wp-json\/wp\/v2\/product"}],"about":[{"href":"https:\/\/roveyayinevi.com.tr\/index.php\/wp-json\/wp\/v2\/types\/product"}],"wp:attachment":[{"href":"https:\/\/roveyayinevi.com.tr\/index.php\/wp-json\/wp\/v2\/media?parent=731620"}],"wp:term":[{"taxonomy":"product_brand","embeddable":true,"href":"https:\/\/roveyayinevi.com.tr\/index.php\/wp-json\/wp\/v2\/product_brand?post=731620"},{"taxonomy":"product_cat","embeddable":true,"href":"https:\/\/roveyayinevi.com.tr\/index.php\/wp-json\/wp\/v2\/product_cat?post=731620"},{"taxonomy":"product_tag","embeddable":true,"href":"https:\/\/roveyayinevi.com.tr\/index.php\/wp-json\/wp\/v2\/product_tag?post=731620"}],"curies":[{"name":"wp","href":"https:\/\/api.w.org\/{rel}","templated":true}]}}