{"id":731619,"date":"2025-08-27T21:35:01","date_gmt":"2025-08-27T18:35:01","guid":{"rendered":"https:\/\/roveyayinevi.com.tr\/index.php\/urun\/nurettin-sazi-kosemihalin-muzik-dusunceleri\/"},"modified":"2026-04-16T02:39:43","modified_gmt":"2026-04-15T23:39:43","slug":"nurettin-sazi-kosemihalin-muzik-dusunceleri","status":"publish","type":"product","link":"https:\/\/roveyayinevi.com.tr\/index.php\/urun\/nurettin-sazi-kosemihalin-muzik-dusunceleri\/","title":{"rendered":"Nurettin \u015eazi K\u00f6semihal\u2019in M\u00fczik D\u00fc\u015f\u00fcnceleri"},"content":{"rendered":"<p>Nurettin \u015eazi, m\u00fczik konusunda \u00e7a\u011fda\u015flar\u0131na g\u00f6re olduk\u00e7a donan\u0131ml\u0131 bir sosyologdur. M\u00fczisyen bir ailenin i\u00e7erisine do\u011far. Babas\u0131 sayesinde kanun ve kemanla tan\u0131\u015f\u0131r. \u00c7ocukluk y\u0131llar\u0131nda ba\u015flayan keman e\u011fitimini uzun y\u0131llar ara vermeden ilerletir. \u0130lk hocas\u0131 Mahmut Rag\u0131p Gazimihal\u2019dir. Sonras\u0131nda Ekrem Zeki \u00dcn ve Karl Berger gibi m\u00fczikolog ve sanat\u00e7\u0131lardan uzun y\u0131llar dersler al\u0131r. Yurt i\u00e7i ve yurt d\u0131\u015f\u0131nda bir\u00e7ok konser verir. Mahmut Rag\u0131p Gazimihal\u2019le amca \u00e7ocuklar\u0131d\u0131r. \u0130dil Biret ise kuzeninin k\u0131z\u0131d\u0131r. Hatta \u0130dil Biret\u2019in d\u00f6rt ya\u015f\u0131nda m\u00fczik dehas\u0131n\u0131 ke\u015ffeden ve onun hakk\u0131nda ilk yaz\u0131y\u0131 yazan Nurettin \u015eazi\u2019dir. Elinizdeki kitap Nurettin \u015eazi\u2019nin gizli kald\u0131\u011f\u0131n\u0131 d\u00fc\u015f\u00fcnd\u00fc\u011f\u00fcm\u00fcz m\u00fczik kimli\u011fini ve m\u00fczik d\u00fc\u015f\u00fcncesini m\u00fczikoloji ve sosyoloji camias\u0131na tan\u0131tmak i\u00e7in haz\u0131rlanm\u0131\u015ft\u0131r. Amac\u0131m\u0131z T\u00fcrk sosyolojisinin m\u00fczik konusunda en \u00fcretken yazarlar\u0131ndan biri olan Nurettin \u015eazi\u2019nin, sahip oldu\u011fu m\u00fczikal donan\u0131mlar\u0131 ve savundu\u011fu m\u00fczik idealini ara\u015ft\u0131rmac\u0131larla bulu\u015fturmakt\u0131r. Bu kitapta incelenen m\u00fczik makaleleri ve y\u00fcr\u00fct\u00fclen tart\u0131\u015fma konular\u0131ndan sadece m\u00fczikoloji camias\u0131 de\u011fil bir o kadar da sosyoloji ara\u015ft\u0131rmac\u0131lar\u0131 da istifade edeceklerdir. \u00c7\u00fcnk\u00fc bu kitap sayesinde Cumhuriyet\u2019in ilk ku\u015fak sosyologlar\u0131n\u0131n m\u00fczik d\u00fc\u015f\u00fcncesi ve d\u00f6nemin m\u00fczik tart\u0131\u015fmalar\u0131ndaki konumunu, Nurettin \u015eazi \u00f6zelinde inceleyebilmek m\u00fcmk\u00fcnd\u00fcr. Ayr\u0131ca T\u00fcrkiye\u2019de m\u00fczik sosyolojisi d\u00fc\u015f\u00fcncesine ait ilk mevcut metinler ve m\u00fczik sosyologlar\u0131 hakk\u0131nda \u00e7al\u0131\u015fan gerek m\u00fczikoloji gerekse sosyoloji ara\u015ft\u0131rmac\u0131lar\u0131 da bu kitaptan faydalanabileceklerdir.<\/p>\n","protected":false},"excerpt":{"rendered":"<p>Nurettin \u015eazi, m\u00fczik konusunda \u00e7a\u011fda\u015flar\u0131na g\u00f6re olduk\u00e7a donan\u0131ml\u0131 bir sosyologdur. M\u00fczisyen bir ailenin i\u00e7erisine do\u011far. Babas\u0131 sayesinde kanun ve kemanla tan\u0131\u015f\u0131r. \u00c7ocukluk y\u0131llar\u0131nda ba\u015flayan keman e\u011fitimini<span class=\"excerpt-hellip\"> [\u2026]<\/span><\/p>\n","protected":false},"featured_media":0,"template":"","meta":{"_monsterinsights_skip_tracking":false,"_monsterinsights_sitenote_active":false,"_monsterinsights_sitenote_note":"","_monsterinsights_sitenote_category":0},"product_brand":[],"product_cat":[14556,20810],"product_tag":[],"class_list":{"0":"post-731619","1":"product","2":"type-product","3":"status-publish","5":"product_cat-muzik","6":"product_cat-ogrenim-kitaplari","7":"pa_cilt-ciltsiz","8":"pa_tur-kitap","9":"pa_yayinevi-muzik-egitimi-yayinlari","10":"pa_yazar-tuncay-yildirim","12":"first","13":"instock","14":"sale","15":"shipping-taxable","16":"purchasable","17":"product-type-simple"},"_links":{"self":[{"href":"https:\/\/roveyayinevi.com.tr\/index.php\/wp-json\/wp\/v2\/product\/731619","targetHints":{"allow":["GET"]}}],"collection":[{"href":"https:\/\/roveyayinevi.com.tr\/index.php\/wp-json\/wp\/v2\/product"}],"about":[{"href":"https:\/\/roveyayinevi.com.tr\/index.php\/wp-json\/wp\/v2\/types\/product"}],"wp:attachment":[{"href":"https:\/\/roveyayinevi.com.tr\/index.php\/wp-json\/wp\/v2\/media?parent=731619"}],"wp:term":[{"taxonomy":"product_brand","embeddable":true,"href":"https:\/\/roveyayinevi.com.tr\/index.php\/wp-json\/wp\/v2\/product_brand?post=731619"},{"taxonomy":"product_cat","embeddable":true,"href":"https:\/\/roveyayinevi.com.tr\/index.php\/wp-json\/wp\/v2\/product_cat?post=731619"},{"taxonomy":"product_tag","embeddable":true,"href":"https:\/\/roveyayinevi.com.tr\/index.php\/wp-json\/wp\/v2\/product_tag?post=731619"}],"curies":[{"name":"wp","href":"https:\/\/api.w.org\/{rel}","templated":true}]}}