{"id":731614,"date":"2025-08-27T21:34:56","date_gmt":"2025-08-27T18:34:56","guid":{"rendered":"https:\/\/roveyayinevi.com.tr\/index.php\/urun\/piyano-icin-polifonik-duzenlemeler\/"},"modified":"2026-04-16T02:39:43","modified_gmt":"2026-04-15T23:39:43","slug":"piyano-icin-polifonik-duzenlemeler","status":"publish","type":"product","link":"https:\/\/roveyayinevi.com.tr\/index.php\/urun\/piyano-icin-polifonik-duzenlemeler\/","title":{"rendered":"Piyano \u0130\u00e7in Polifonik D\u00fczenlemeler"},"content":{"rendered":"<p>\u00c7e\u00e7en K\u0131z\u0131 G\u00fcvercin U\u00e7uverdi Ey B\u00fct-i Nev Eda Yine Bir G\u00fclnihal Tuti Mucize Guyem \u015eu Dereler \u015eu D\u00fczler K\u00fcrdilihicazkar Saz Semaisi <\/p>\n","protected":false},"excerpt":{"rendered":"<p>\u00c7e\u00e7en K\u0131z\u0131 G\u00fcvercin U\u00e7uverdi Ey B\u00fct-i Nev Eda Yine Bir G\u00fclnihal Tuti Mucize Guyem \u015eu Dereler \u015eu D\u00fczler K\u00fcrdilihicazkar Saz Semaisi<\/p>\n","protected":false},"featured_media":0,"template":"","meta":{"_monsterinsights_skip_tracking":false,"_monsterinsights_sitenote_active":false,"_monsterinsights_sitenote_note":"","_monsterinsights_sitenote_category":0},"product_brand":[],"product_cat":[14556,14557],"product_tag":[],"class_list":{"0":"post-731614","1":"product","2":"type-product","3":"status-publish","5":"product_cat-muzik","6":"product_cat-nota-kitaplari","7":"pa_cilt-ciltsiz","8":"pa_tur-kitap","9":"pa_yayinevi-gazi-kitabevi","10":"pa_yazar-sabutay-ugur","12":"first","13":"instock","14":"sale","15":"shipping-taxable","16":"purchasable","17":"product-type-simple"},"_links":{"self":[{"href":"https:\/\/roveyayinevi.com.tr\/index.php\/wp-json\/wp\/v2\/product\/731614","targetHints":{"allow":["GET"]}}],"collection":[{"href":"https:\/\/roveyayinevi.com.tr\/index.php\/wp-json\/wp\/v2\/product"}],"about":[{"href":"https:\/\/roveyayinevi.com.tr\/index.php\/wp-json\/wp\/v2\/types\/product"}],"wp:attachment":[{"href":"https:\/\/roveyayinevi.com.tr\/index.php\/wp-json\/wp\/v2\/media?parent=731614"}],"wp:term":[{"taxonomy":"product_brand","embeddable":true,"href":"https:\/\/roveyayinevi.com.tr\/index.php\/wp-json\/wp\/v2\/product_brand?post=731614"},{"taxonomy":"product_cat","embeddable":true,"href":"https:\/\/roveyayinevi.com.tr\/index.php\/wp-json\/wp\/v2\/product_cat?post=731614"},{"taxonomy":"product_tag","embeddable":true,"href":"https:\/\/roveyayinevi.com.tr\/index.php\/wp-json\/wp\/v2\/product_tag?post=731614"}],"curies":[{"name":"wp","href":"https:\/\/api.w.org\/{rel}","templated":true}]}}