{"id":731613,"date":"2025-08-27T21:34:55","date_gmt":"2025-08-27T18:34:55","guid":{"rendered":"https:\/\/roveyayinevi.com.tr\/index.php\/urun\/balikci-ve-oglu\/"},"modified":"2026-04-16T02:39:43","modified_gmt":"2026-04-15T23:39:43","slug":"balikci-ve-oglu","status":"publish","type":"product","link":"https:\/\/roveyayinevi.com.tr\/index.php\/urun\/balikci-ve-oglu\/","title":{"rendered":"Bal\u0131k\u00e7\u0131 ve O\u011flu"},"content":{"rendered":"<p>Toplumsal konulara duyarl\u0131l\u0131\u011f\u0131 ile tan\u0131nan edebiyat\u00e7\u0131 ve fikir adam\u0131 Z\u00fclf\u00fc Livaneli, bu kez Ege bal\u0131k\u00e7\u0131lar\u0131n\u0131n ve hayal kurmaktan bile mahrum b\u0131rak\u0131lan g\u00f6\u00e7menlerin kaderine e\u011filiyor. Usta edebiyat\u00e7\u0131 Livaneli, Bal\u0131k\u00e7\u0131 ve O\u011flu ile son y\u0131llar\u0131n en can yak\u0131c\u0131 ve b\u00fcy\u00fck dram\u0131 \u201cg\u00f6\u00e7menli\u011fi\u201d bal\u0131k\u00e7\u0131 Mustafa, Mesude ve Samir bebek \u00fczerinden anlat\u0131yor. O g\u00fcne dek s\u0131cak evlerinde televizyondan izledikleri haberlerden a\u015fina olduklar\u0131 \u00f6l\u00fc insan bedenleri ve yar\u0131 \u00f6l\u00fc bir bebek evliliklerinin tam ortas\u0131na d\u00fc\u015ferek bir bomba etkisi yarat\u0131yor; aile ili\u015fkilerini bamba\u015fka bir \u00e7ehreye b\u00fcr\u00fcnd\u00fcr\u00fcyor. Bal\u0131k\u00e7\u0131 ve O\u011flu, Ege\u2019nin tarihinden bug\u00fcn\u00fcne, bal\u0131k \u00e7iftliklerine ve rant h\u0131rs\u0131yla da\u011flara, k\u0131y\u0131lara sald\u0131ran \u015firketlerin yaratt\u0131\u011f\u0131 ekolojik y\u0131k\u0131ma dair \u00e7ok \u015fey s\u00f6yl\u00fcyor. Bunun \u00f6tesinde g\u00f6\u00e7menlerin bir bilinmeze do\u011fru g\u00f6ze ald\u0131klar\u0131 yolculu\u011fu, hayatta kalma \u00e7abalar\u0131n\u0131 ya da \u00f6l\u00fcm\u00fc; k\u0131sacas\u0131 \u201cderyaya yak\u0131n, d\u00fcnyadan uzak\u201d ya\u015famlar\u0131n\u0131 oda\u011f\u0131na al\u0131yor. Livaneli\u2019nin belki de en \u015fiirsel roman\u0131 olan Bal\u0131k\u00e7\u0131 ve O\u011flu; aile, a\u015fk, ebeveynlik, evlat, kad\u0131n dayan\u0131\u015fmas\u0131, dostluk, g\u00f6\u00e7, do\u011fa \u00fczerine \u00e7a\u011fda\u015f bir epope. Z\u00fclf\u00fc Livaneli\u2019nin, uzun bir aradan sonra yazd\u0131\u011f\u0131 ve heyecanla beklenen yeni roman\u0131 Bal\u0131k\u00e7\u0131 ve O\u011flu, ustal\u0131kla se\u00e7ilen tasvirlerle okurun zihninde capcanl\u0131 bir anlat\u0131 olu\u015fturuyor<\/p>\n","protected":false},"excerpt":{"rendered":"<p>Toplumsal konulara duyarl\u0131l\u0131\u011f\u0131 ile tan\u0131nan edebiyat\u00e7\u0131 ve fikir adam\u0131 Z\u00fclf\u00fc Livaneli, bu kez Ege bal\u0131k\u00e7\u0131lar\u0131n\u0131n ve hayal kurmaktan bile mahrum b\u0131rak\u0131lan g\u00f6\u00e7menlerin kaderine e\u011filiyor. Usta edebiyat\u00e7\u0131<span class=\"excerpt-hellip\"> [\u2026]<\/span><\/p>\n","protected":false},"featured_media":0,"template":"","meta":{"_monsterinsights_skip_tracking":false,"_monsterinsights_sitenote_active":false,"_monsterinsights_sitenote_note":"","_monsterinsights_sitenote_category":0},"product_brand":[],"product_cat":[12291,12711],"product_tag":[],"class_list":{"0":"post-731613","1":"product","2":"type-product","3":"status-publish","5":"product_cat-edebiyat","6":"product_cat-roman-oyku","7":"pa_cilt-ciltsiz","8":"pa_tur-kitap","9":"pa_yayinevi-inkilap-kitabevi","10":"pa_yazar-zulfu-livaneli","12":"first","13":"instock","14":"sale","15":"shipping-taxable","16":"purchasable","17":"product-type-simple"},"_links":{"self":[{"href":"https:\/\/roveyayinevi.com.tr\/index.php\/wp-json\/wp\/v2\/product\/731613","targetHints":{"allow":["GET"]}}],"collection":[{"href":"https:\/\/roveyayinevi.com.tr\/index.php\/wp-json\/wp\/v2\/product"}],"about":[{"href":"https:\/\/roveyayinevi.com.tr\/index.php\/wp-json\/wp\/v2\/types\/product"}],"wp:attachment":[{"href":"https:\/\/roveyayinevi.com.tr\/index.php\/wp-json\/wp\/v2\/media?parent=731613"}],"wp:term":[{"taxonomy":"product_brand","embeddable":true,"href":"https:\/\/roveyayinevi.com.tr\/index.php\/wp-json\/wp\/v2\/product_brand?post=731613"},{"taxonomy":"product_cat","embeddable":true,"href":"https:\/\/roveyayinevi.com.tr\/index.php\/wp-json\/wp\/v2\/product_cat?post=731613"},{"taxonomy":"product_tag","embeddable":true,"href":"https:\/\/roveyayinevi.com.tr\/index.php\/wp-json\/wp\/v2\/product_tag?post=731613"}],"curies":[{"name":"wp","href":"https:\/\/api.w.org\/{rel}","templated":true}]}}