{"id":731609,"date":"2025-08-27T21:34:51","date_gmt":"2025-08-27T18:34:51","guid":{"rendered":"https:\/\/roveyayinevi.com.tr\/index.php\/urun\/makedonyadan-fransaya-hakimin-yolculugu-3\/"},"modified":"2026-04-16T02:39:43","modified_gmt":"2026-04-15T23:39:43","slug":"makedonyadan-fransaya-hakimin-yolculugu-3","status":"publish","type":"product","link":"https:\/\/roveyayinevi.com.tr\/index.php\/urun\/makedonyadan-fransaya-hakimin-yolculugu-3\/","title":{"rendered":"Makedonya&#8217;dan Fransa&#8217;ya &#8211; Hakim&#8217;in Yolculu\u011fu 3"},"content":{"rendered":"<p>Y\u00fcre\u011finin sesinden gidince daha m\u0131 kolay kavu\u015fur insan sevdi\u011fine?Fabien Toulm\u00e9&#8217;nin ger\u00e7ek ki\u015filerden ve ya\u015fanm\u0131\u015f olaylardan esin alarak \u00fc\u00e7 ciltlik bir seriye d\u00f6n\u00fc\u015ft\u00fcrd\u00fc\u011f\u00fc Hakim&#8217;in Yolculu\u011fu, s\u0131\u011f\u0131nacak bir liman bulamadan yitip giden g\u00f6\u00e7menlere adanm\u0131\u015f etkileyici bir grafik roman.Sanat\u00e7\u0131n\u0131n uzun ara\u015ft\u0131rmalar\u0131 ve bir bu\u00e7uk y\u0131la yay\u0131lan ikili g\u00f6r\u00fc\u015fmeleri sonucu \u015fekillenen anlat\u0131s\u0131, Suriye&#8217;deki sava\u015f nedeniyle sahip oldu\u011fu her \u015feyi geride b\u0131rak\u0131p yeni ve daha \u201cya\u015fanabilir\u201d bir hayat kurma hayaliyle yollara d\u00fc\u015fen kendi h\u00e2linde bir bah\u00e7\u0131van\u0131n m\u00fccadelesine tan\u0131kl\u0131k ediyor. Seri, gen\u00e7 adam\u0131n \u015eam&#8217;\u0131n g\u00fcney banliy\u00f6s\u00fcnden ba\u015flayarak L\u00fcbnan, \u00dcrd\u00fcn, T\u00fcrkiye, Yunanistan, Makedonya, S\u0131rbistan, Macaristan, Avusturya ve \u0130svi\u00e7re \u00fczerinden Fransa&#8217;n\u0131n Aix-en-Provence \u015fehrinde noktalanan zorlu yolculu\u011funu oda\u011f\u0131na al\u0131yor.Toplumsal yans\u0131malar\u0131 k\u00fcresel boyutta hissedilen m\u00fclteci krizini farkl\u0131 a\u00e7\u0131lardan ele alan Toulm\u00e9, pek \u00e7oklar\u0131 i\u00e7in birer \u201c\u00f6teki\u201d olarak nitelenen m\u00fcltecilerin ya\u015fad\u0131klar\u0131n\u0131 anlamak ve anlatmak i\u00e7in \u00e7aba g\u00f6stermekle kalm\u0131yor; insanl\u0131k onuru gibi \u00f6nemli bir konuya da dikkat \u00e7ekiyor.Evimi terk edeli nerdeyse \u00fc\u00e7 y\u0131l oluyor.Serinin \u00fc\u00e7\u00fcnc\u00fc cildi, 2015 y\u0131l\u0131n\u0131n eyl\u00fcl ay\u0131na uzan\u0131yor ve Hakim&#8217;in yasad\u0131\u015f\u0131 yollarla Makedonya&#8217;dan Fransa&#8217;ya ka\u00e7\u0131\u015f\u0131n\u0131 sayfalar\u0131na ta\u015f\u0131yor. Baba ve o\u011ful Atina&#8217;ya varm\u0131\u015f olsalar da Fransa&#8217;ya ula\u015fabilmeleri i\u00e7in katetmeleri gereken yol uzun ve \u00e7etrefillidir. Orta Avrupa&#8217;da y\u00fckselen yabanc\u0131 d\u00fc\u015fmanl\u0131\u011f\u0131na ba\u011fl\u0131 olarak Hakim ve o\u011flu, yolculuk boyunca insanl\u0131k d\u0131\u015f\u0131 muamelelerle kar\u015f\u0131la\u015f\u0131rlar. Bal\u0131k istifi ara\u00e7lara bindirilip m\u00fclteci kamplar\u0131nda zorlu g\u00fcnler ge\u00e7irirler. A\u00e7l\u0131k ve dondurucu so\u011fukla s\u0131nan\u0131p kimi zaman parklarda kimi zaman sokaklarda sabahlarlar. S\u0131n\u0131rlar\u0131, gecenin zifiri karanl\u0131\u011f\u0131nda y\u00fcr\u00fcyerek ge\u00e7erler. \u00c7aresizlik ve korku hissi t\u00fcm h\u00fccrelerini kaplam\u0131\u015f olsa da Hakim asla kaderine teslim olmaz. Kalbinde ye\u015fertti\u011fi umut, o\u011flu Hadi&#8217;nin varl\u0131\u011f\u0131 ve di\u011fer m\u00fcltecilerle aras\u0131ndaki ko\u015fulsuz dayan\u0131\u015fma onu ge\u00e7 de olsa hedefine, ailesine kavu\u015fturacakt\u0131r&#8230;Yak\u0131n ge\u00e7mi\u015fimizde ve co\u011frafyam\u0131zda ya\u015fanan \u201ci\u00e7 ac\u0131t\u0131c\u0131\u201d olaylar\u0131 en do\u011fru ve tarafs\u0131z \u015fekilde aktarabilmek i\u00e7in bir m\u00fcltecinin tan\u0131kl\u0131\u011f\u0131na ba\u015fvuran Hakim&#8217;in Yolculu\u011fu, g\u00f6\u00e7menlere yard\u0131m eli uzatanlara ve d\u00fcnyan\u0131n daha insani bir yer olmas\u0131na katk\u0131da bulunanlara i\u00e7ten bir selam g\u00f6nderiyor.Ya\u015fanm\u0131\u015f bir hik\u00e2yeye dayanmas\u0131ndan \u00f6t\u00fcr\u00fc hem bir belgesel hem de merak uyand\u0131r\u0131c\u0131 bir haber r\u00f6portaj niteli\u011fi ta\u015f\u0131yan ve ya\u015fama dair her duyguyu i\u00e7inde bar\u0131nd\u0131ran seri, usta bir \u00e7izer ve hik\u00e2ye anlat\u0131c\u0131s\u0131 olan Fabien Toulm\u00e9&#8217;nin g\u00fc\u00e7l\u00fc g\u00f6rselleriyle m\u00fcthi\u015f bir sinematografik anlat\u0131m sergiliyor.Art\u0131k beraberiz!Sonsuza dek!<\/p>\n","protected":false},"excerpt":{"rendered":"<p>Y\u00fcre\u011finin sesinden gidince daha m\u0131 kolay kavu\u015fur insan sevdi\u011fine?Fabien Toulm\u00e9&#8217;nin ger\u00e7ek ki\u015filerden ve ya\u015fanm\u0131\u015f olaylardan esin alarak \u00fc\u00e7 ciltlik bir seriye d\u00f6n\u00fc\u015ft\u00fcrd\u00fc\u011f\u00fc Hakim&#8217;in Yolculu\u011fu, s\u0131\u011f\u0131nacak bir<span class=\"excerpt-hellip\"> [\u2026]<\/span><\/p>\n","protected":false},"featured_media":0,"template":"","meta":{"_monsterinsights_skip_tracking":false,"_monsterinsights_sitenote_active":false,"_monsterinsights_sitenote_note":"","_monsterinsights_sitenote_category":0},"product_brand":[],"product_cat":[12291,12711],"product_tag":[],"class_list":{"0":"post-731609","1":"product","2":"type-product","3":"status-publish","5":"product_cat-edebiyat","6":"product_cat-roman-oyku","7":"pa_cilt-ciltsiz","8":"pa_tur-kitap","9":"pa_yayinevi-desen-yayinlari","10":"pa_yazar-fabien-toulme","12":"first","13":"instock","14":"sale","15":"shipping-taxable","16":"purchasable","17":"product-type-simple"},"_links":{"self":[{"href":"https:\/\/roveyayinevi.com.tr\/index.php\/wp-json\/wp\/v2\/product\/731609","targetHints":{"allow":["GET"]}}],"collection":[{"href":"https:\/\/roveyayinevi.com.tr\/index.php\/wp-json\/wp\/v2\/product"}],"about":[{"href":"https:\/\/roveyayinevi.com.tr\/index.php\/wp-json\/wp\/v2\/types\/product"}],"wp:attachment":[{"href":"https:\/\/roveyayinevi.com.tr\/index.php\/wp-json\/wp\/v2\/media?parent=731609"}],"wp:term":[{"taxonomy":"product_brand","embeddable":true,"href":"https:\/\/roveyayinevi.com.tr\/index.php\/wp-json\/wp\/v2\/product_brand?post=731609"},{"taxonomy":"product_cat","embeddable":true,"href":"https:\/\/roveyayinevi.com.tr\/index.php\/wp-json\/wp\/v2\/product_cat?post=731609"},{"taxonomy":"product_tag","embeddable":true,"href":"https:\/\/roveyayinevi.com.tr\/index.php\/wp-json\/wp\/v2\/product_tag?post=731609"}],"curies":[{"name":"wp","href":"https:\/\/api.w.org\/{rel}","templated":true}]}}