{"id":731606,"date":"2025-08-27T21:34:48","date_gmt":"2025-08-27T18:34:48","guid":{"rendered":"https:\/\/roveyayinevi.com.tr\/index.php\/urun\/altin-madeni\/"},"modified":"2026-04-16T02:39:43","modified_gmt":"2026-04-15T23:39:43","slug":"altin-madeni","status":"publish","type":"product","link":"https:\/\/roveyayinevi.com.tr\/index.php\/urun\/altin-madeni\/","title":{"rendered":"Alt\u0131n Madeni"},"content":{"rendered":"<p>\u201cL\u00fctfen unutma Ada, bir a\u011faca ancak kesilmeden \u00f6nce yard\u0131m edebilirsin. Sular kirlenirse&#8230; Sonra ne suyu ne ya\u011fmuru ne topra\u011f\u0131 temizleyebilirsin.\u201d Bu kitapta ressam Asl\u0131 Sinman Kutluay&#8217;\u0131n rengarenk resimleri e\u015fli\u011finde topra\u011f\u0131n\u0131, suyunu, a\u011fac\u0131n\u0131 korumak i\u00e7in el ele tutu\u015fanlar\u0131n \u00f6yk\u00fcs\u00fcn\u00fc okuyacaks\u0131n\u0131z. <\/p>\n","protected":false},"excerpt":{"rendered":"<p>\u201cL\u00fctfen unutma Ada, bir a\u011faca ancak kesilmeden \u00f6nce yard\u0131m edebilirsin. Sular kirlenirse&#8230; Sonra ne suyu ne ya\u011fmuru ne topra\u011f\u0131 temizleyebilirsin.\u201d Bu kitapta ressam Asl\u0131 Sinman Kutluay&#8217;\u0131n<span class=\"excerpt-hellip\"> [\u2026]<\/span><\/p>\n","protected":false},"featured_media":0,"template":"","meta":{"_monsterinsights_skip_tracking":false,"_monsterinsights_sitenote_active":false,"_monsterinsights_sitenote_note":"","_monsterinsights_sitenote_category":0},"product_brand":[],"product_cat":[12275,12274],"product_tag":[],"class_list":{"0":"post-731606","1":"product","2":"type-product","3":"status-publish","5":"product_cat-6-12-yas-kitaplari","6":"product_cat-cocuk-ve-genclik-kitaplari","7":"pa_cilt-ciltsiz","8":"pa_tur-kitap","9":"pa_yayinevi-bilgi-yayinevi-cocuk","10":"pa_yazar-burak-kaya","12":"first","13":"instock","14":"sale","15":"shipping-taxable","16":"purchasable","17":"product-type-simple"},"_links":{"self":[{"href":"https:\/\/roveyayinevi.com.tr\/index.php\/wp-json\/wp\/v2\/product\/731606","targetHints":{"allow":["GET"]}}],"collection":[{"href":"https:\/\/roveyayinevi.com.tr\/index.php\/wp-json\/wp\/v2\/product"}],"about":[{"href":"https:\/\/roveyayinevi.com.tr\/index.php\/wp-json\/wp\/v2\/types\/product"}],"wp:attachment":[{"href":"https:\/\/roveyayinevi.com.tr\/index.php\/wp-json\/wp\/v2\/media?parent=731606"}],"wp:term":[{"taxonomy":"product_brand","embeddable":true,"href":"https:\/\/roveyayinevi.com.tr\/index.php\/wp-json\/wp\/v2\/product_brand?post=731606"},{"taxonomy":"product_cat","embeddable":true,"href":"https:\/\/roveyayinevi.com.tr\/index.php\/wp-json\/wp\/v2\/product_cat?post=731606"},{"taxonomy":"product_tag","embeddable":true,"href":"https:\/\/roveyayinevi.com.tr\/index.php\/wp-json\/wp\/v2\/product_tag?post=731606"}],"curies":[{"name":"wp","href":"https:\/\/api.w.org\/{rel}","templated":true}]}}