{"id":731605,"date":"2025-08-27T21:34:47","date_gmt":"2025-08-27T18:34:47","guid":{"rendered":"https:\/\/roveyayinevi.com.tr\/index.php\/urun\/hukuk-sosyolojisinin-antropolojik-temelleri\/"},"modified":"2026-04-16T02:39:43","modified_gmt":"2026-04-15T23:39:43","slug":"hukuk-sosyolojisinin-antropolojik-temelleri","status":"publish","type":"product","link":"https:\/\/roveyayinevi.com.tr\/index.php\/urun\/hukuk-sosyolojisinin-antropolojik-temelleri\/","title":{"rendered":"Hukuk Sosyolojisinin Antropolojik Temelleri"},"content":{"rendered":"<p>\u201cGerek ba\u015flang\u0131\u00e7ta genel olarak belirlenmi\u015f ana \u00e7izgilerinden gerekse tarihsel su\u0308re\u00e7 i\u00e7erisinde ortaya \u00e7\u0131km\u0131\u015f bulunan hukuk okullar\u0131n\u0131n dolayl\u0131 hukuk sosyolojisi anlay\u0131\u015flar\u0131ndan yola \u00e7\u0131k\u0131larak bir hukuk sosyolojisi tan\u0131m\u0131 yap\u0131labilir. Ancak burada hemen belirtilmesi gereken \u00f6nemli nokta \u015fudur; yakla\u015f\u0131m farkl\u0131l\u0131klar\u0131 nedeniyle hukukun kesin bir tan\u0131m\u0131n\u0131n yap\u0131lamay\u0131\u015f\u0131na ko\u015fut olarak, hukuk sosyolojisi alan\u0131nda da ayn\u0131 gu\u0308\u00e7lu\u0308k ortaya \u00e7\u0131kmakta, bak\u0131\u015f a\u00e7\u0131s\u0131 ayr\u0131l\u0131klar\u0131 nedeniyle birbirinden \u00e7ok de\u011fi\u015fik hukuk sosyolojisi anlay\u0131\u015flar\u0131 varl\u0131klar\u0131n\u0131 birlikte su\u0308rdu\u0308rmektedir.\u201d  Elinizdeki kitap, Prof. Dr. Cahit Can\u2019\u0131n \u201cHukuk Sosyolojisinin Antropolojik Temelleri ve Genel Geli\u015fim \u00c7izgisi\u201d kitab\u0131n\u0131n en son bask\u0131s\u0131ndan daha geni\u015f bir i\u00e7eri\u011fe sahip olacak \u015fekilde yay\u0131ma haz\u0131rlanm\u0131\u015ft\u0131r. Can\u2019\u0131n \u00e7e\u015fitli teredd\u00fctlerle daha evvelki bask\u0131lardan \u00e7\u0131kard\u0131\u011f\u0131 baz\u0131 ba\u015fl\u0131klar bu kitaba yeniden dahil edilirken, baz\u0131 ba\u015fl\u0131klar ve b\u00f6l\u00fcmler ise \u00e7\u0131kar\u0131lm\u0131\u015ft\u0131r. Bu hususlarda karar verilirken, hukuk sosyolojisinin antropolojik temellerinin daha sa\u011flam in\u015fa edilebilmesi d\u00fc\u015f\u00fcncesiyle hareket edilmi\u015ftir. 2016 y\u0131l\u0131nda kaybetti\u011fimiz Cahit Can, eserleriyle hukuk sosyolojisi alan\u0131n\u0131n geli\u015fimine hizmet etmeyi s\u00fcrd\u00fcr\u00fcyor.<\/p>\n","protected":false},"excerpt":{"rendered":"<p>\u201cGerek ba\u015flang\u0131\u00e7ta genel olarak belirlenmi\u015f ana \u00e7izgilerinden gerekse tarihsel su\u0308re\u00e7 i\u00e7erisinde ortaya \u00e7\u0131km\u0131\u015f bulunan hukuk okullar\u0131n\u0131n dolayl\u0131 hukuk sosyolojisi anlay\u0131\u015flar\u0131ndan yola \u00e7\u0131k\u0131larak bir hukuk sosyolojisi tan\u0131m\u0131<span class=\"excerpt-hellip\"> [\u2026]<\/span><\/p>\n","protected":false},"featured_media":0,"template":"","meta":{"_monsterinsights_skip_tracking":false,"_monsterinsights_sitenote_active":false,"_monsterinsights_sitenote_note":"","_monsterinsights_sitenote_category":0},"product_brand":[],"product_cat":[15350,17602],"product_tag":[],"class_list":{"0":"post-731605","1":"product","2":"type-product","3":"status-publish","5":"product_cat-hukuk","6":"product_cat-hukuk-uzerine","7":"pa_cilt-ciltsiz","8":"pa_tur-kitap","9":"pa_yayinevi-pinhan-yayincilik","10":"pa_yazar-cahit-can","12":"first","13":"instock","14":"sale","15":"shipping-taxable","16":"purchasable","17":"product-type-simple"},"_links":{"self":[{"href":"https:\/\/roveyayinevi.com.tr\/index.php\/wp-json\/wp\/v2\/product\/731605","targetHints":{"allow":["GET"]}}],"collection":[{"href":"https:\/\/roveyayinevi.com.tr\/index.php\/wp-json\/wp\/v2\/product"}],"about":[{"href":"https:\/\/roveyayinevi.com.tr\/index.php\/wp-json\/wp\/v2\/types\/product"}],"wp:attachment":[{"href":"https:\/\/roveyayinevi.com.tr\/index.php\/wp-json\/wp\/v2\/media?parent=731605"}],"wp:term":[{"taxonomy":"product_brand","embeddable":true,"href":"https:\/\/roveyayinevi.com.tr\/index.php\/wp-json\/wp\/v2\/product_brand?post=731605"},{"taxonomy":"product_cat","embeddable":true,"href":"https:\/\/roveyayinevi.com.tr\/index.php\/wp-json\/wp\/v2\/product_cat?post=731605"},{"taxonomy":"product_tag","embeddable":true,"href":"https:\/\/roveyayinevi.com.tr\/index.php\/wp-json\/wp\/v2\/product_tag?post=731605"}],"curies":[{"name":"wp","href":"https:\/\/api.w.org\/{rel}","templated":true}]}}