{"id":731604,"date":"2025-08-27T21:34:46","date_gmt":"2025-08-27T18:34:46","guid":{"rendered":"https:\/\/roveyayinevi.com.tr\/index.php\/urun\/sahit-ve-anlattiklari\/"},"modified":"2026-04-16T02:39:43","modified_gmt":"2026-04-15T23:39:43","slug":"sahit-ve-anlattiklari","status":"publish","type":"product","link":"https:\/\/roveyayinevi.com.tr\/index.php\/urun\/sahit-ve-anlattiklari\/","title":{"rendered":"\u015eahit Ve Anlatt\u0131klar\u0131"},"content":{"rendered":"<p>Me\u015f\u00e2hid\u00fc\u2019l-esr\u00e2r \u0130bn\u00fc\u2019l-Arab\u00ee\u2019nin yirmili ya\u015flar\u0131nda iken End\u00fcl\u00fcs\u2019te ba\u015flayan yaz\u0131 hayat\u0131n\u0131n ilk \u00f6rnekleri aras\u0131ndad\u0131r. Bu eserde \u0130bn\u00fc\u2019l-Arab\u00ee ger\u00e7eklikle do\u011frudan kar\u015f\u0131la\u015fan ve onunla s\u00f6yle\u015fmelerini aktaran bir \u015fahit olarak kar\u015f\u0131m\u0131za \u00e7\u0131kar. Dilin g\u00fcndelik i\u015fleyi\u015fini bozan, de\u011findi\u011fi konulara ili\u015fkin yerle\u015fik anlat\u0131mlar\u0131n d\u0131\u015f\u0131na \u00e7\u0131kan, z\u0131tlar\u0131 bir araya getirerek farkl\u0131 bir varl\u0131k durumunu ve ger\u00e7eklik kavray\u0131\u015f\u0131n\u0131 ortaya koyan Me\u015f\u00e2hid\u00fc\u2019l-esr\u00e2r kaleme d\u00f6k\u00fcld\u00fc\u011f\u00fcnden itibaren ilgi \u00e7ekmi\u015f, \u00f6zenle \u00e7o\u011falt\u0131lm\u0131\u015f ve \u00fczerine a\u00e7\u0131klamalar yaz\u0131lm\u0131\u015ft\u0131r. Elinizdeki kitap Me\u015f\u00e2hid\u00fc\u2019l-esr\u00e2r\u2019\u0131 hem klasik d\u00f6nemdeki okuyucu ve yorumcular\u0131 hem de modern d\u00f6nemdeki ilgilileri ve ara\u015ft\u0131rmac\u0131lar\u0131yla birlikte de\u011ferlendirme amac\u0131 ta\u015f\u0131makta; eserin a\u00e7\u0131klamal\u0131 \u00e7evirisini y\u00fczy\u0131llara yay\u0131lm\u0131\u015f bu kapsaml\u0131 literat\u00fcr\u00fc dikkate alarak sunmaktad\u0131r<\/p>\n","protected":false},"excerpt":{"rendered":"<p>Me\u015f\u00e2hid\u00fc\u2019l-esr\u00e2r \u0130bn\u00fc\u2019l-Arab\u00ee\u2019nin yirmili ya\u015flar\u0131nda iken End\u00fcl\u00fcs\u2019te ba\u015flayan yaz\u0131 hayat\u0131n\u0131n ilk \u00f6rnekleri aras\u0131ndad\u0131r. Bu eserde \u0130bn\u00fc\u2019l-Arab\u00ee ger\u00e7eklikle do\u011frudan kar\u015f\u0131la\u015fan ve onunla s\u00f6yle\u015fmelerini aktaran bir \u015fahit olarak kar\u015f\u0131m\u0131za<span class=\"excerpt-hellip\"> [\u2026]<\/span><\/p>\n","protected":false},"featured_media":0,"template":"","meta":{"_monsterinsights_skip_tracking":false,"_monsterinsights_sitenote_active":false,"_monsterinsights_sitenote_note":"","_monsterinsights_sitenote_category":0},"product_brand":[],"product_cat":[13072,12291],"product_tag":[],"class_list":{"0":"post-731604","1":"product","2":"type-product","3":"status-publish","5":"product_cat-arastirma-inceleme-referans","6":"product_cat-edebiyat","7":"pa_cilt-ciltsiz","8":"pa_tur-kitap","9":"pa_yayinevi-pinhan-yayincilik","10":"pa_yazar-ibn-i-arabi","12":"first","13":"instock","14":"sale","15":"shipping-taxable","16":"purchasable","17":"product-type-simple"},"_links":{"self":[{"href":"https:\/\/roveyayinevi.com.tr\/index.php\/wp-json\/wp\/v2\/product\/731604","targetHints":{"allow":["GET"]}}],"collection":[{"href":"https:\/\/roveyayinevi.com.tr\/index.php\/wp-json\/wp\/v2\/product"}],"about":[{"href":"https:\/\/roveyayinevi.com.tr\/index.php\/wp-json\/wp\/v2\/types\/product"}],"wp:attachment":[{"href":"https:\/\/roveyayinevi.com.tr\/index.php\/wp-json\/wp\/v2\/media?parent=731604"}],"wp:term":[{"taxonomy":"product_brand","embeddable":true,"href":"https:\/\/roveyayinevi.com.tr\/index.php\/wp-json\/wp\/v2\/product_brand?post=731604"},{"taxonomy":"product_cat","embeddable":true,"href":"https:\/\/roveyayinevi.com.tr\/index.php\/wp-json\/wp\/v2\/product_cat?post=731604"},{"taxonomy":"product_tag","embeddable":true,"href":"https:\/\/roveyayinevi.com.tr\/index.php\/wp-json\/wp\/v2\/product_tag?post=731604"}],"curies":[{"name":"wp","href":"https:\/\/api.w.org\/{rel}","templated":true}]}}