{"id":731599,"date":"2025-08-27T21:34:42","date_gmt":"2025-08-27T18:34:42","guid":{"rendered":"https:\/\/roveyayinevi.com.tr\/index.php\/urun\/avrupali-seyyahlarin-gozuyle-kafkasya\/"},"modified":"2026-04-16T02:39:42","modified_gmt":"2026-04-15T23:39:42","slug":"avrupali-seyyahlarin-gozuyle-kafkasya","status":"publish","type":"product","link":"https:\/\/roveyayinevi.com.tr\/index.php\/urun\/avrupali-seyyahlarin-gozuyle-kafkasya\/","title":{"rendered":"Avrupal\u0131 Seyyahlar\u0131n G\u00f6z\u00fcyle Kafkasya"},"content":{"rendered":"<p>Diller da\u011f\u0131&#8221; olarak literat\u00fcre ge\u00e7en Kafkasya, gerek yer alt\u0131 ve yer \u00fcst\u00fc zenginlikleri gerek jeo-stratejik ve jeo-politik konumu ger ekse etnik ve k\u00fclt\u00fcr el zenginlikleriyle ge\u00e7mi\u015ften g\u00fcn\u00fcm\u00fcze s\u00fcrekli ilgi oda\u011f\u0131 olmu\u015ftur. Bu y\u00fczden olsa gerek, pek \u00e7ok Do\u011fulu ve Bat\u0131l\u0131 seyyah ve ara\u015ft\u0131rmac\u0131, Kafkasya&#8217;y\u0131 gezmi\u015f, b\u00f6lgenin fiziksel, jeo-politik, jeo-stratejik ve k\u00fclt\u00fcrel dokusu hakk\u0131nda eserler kaleme alm\u0131\u015ft\u0131r. \u00d6zellikle 19. y\u00fczy\u0131lda, de\u011fi\u015fen d\u00fcnya konjonkt\u00fcr\u00fc ve s\u00f6m\u00fcrgeci anlay\u0131\u015f\u0131n da etkisiyle Bat\u0131l\u0131lar\u0131n Kafkasya&#8217;ya olan ilgisinde b\u00fcy\u00fck bir s\u0131\u00e7rama olmu\u015f, b\u00f6lge adeta seyyah ve ara\u015ft\u0131rmac\u0131 ak\u0131n\u0131na u\u011fram\u0131\u015ft\u0131r. \u0130\u015fte bu kitap, \u00e7e\u015fitli ama\u00e7larla Kafkasya&#8217;da bulunan ve oray\u0131 inceleyen Bat\u0131l\u0131 seyyah ve ara\u015ft\u0131rmac\u0131lar\u0131n yap\u0131tlar\u0131ndan yola \u00e7\u0131karak, ama onlardaki bilgileri yap\u0131s\u00f6k\u00fcme u\u011fratarak, Kafkasya&#8217;da ya\u015fayan \u00c7erkesler, Abhazlar, Kara\u00e7ay-Malkarlar, Osetler, \u00c7e\u00e7enler, Lezgiler, Avarlar ve Kumuklar gibi topluluklar\u0131n etnik k\u00f6kenleri, dini inan\u00e7lar\u0131, sosyo-k\u00fclt\u00fcrel ya\u015famlar\u0131 (giyimku\u015famlar\u0131, evlilik adetleri, yeme-i\u00e7me k\u00fclt\u00fcrleri, m\u00fczik anlay\u0131\u015flar\u0131 ve danslar\u0131) gibi kendilerine \u00f6zg\u00fc folklorik \u00f6zelliklerinin izlerini s\u00fcrmektedir. <\/p>\n","protected":false},"excerpt":{"rendered":"<p>Diller da\u011f\u0131&#8221; olarak literat\u00fcre ge\u00e7en Kafkasya, gerek yer alt\u0131 ve yer \u00fcst\u00fc zenginlikleri gerek jeo-stratejik ve jeo-politik konumu ger ekse etnik ve k\u00fclt\u00fcr el zenginlikleriyle ge\u00e7mi\u015ften<span class=\"excerpt-hellip\"> [\u2026]<\/span><\/p>\n","protected":false},"featured_media":0,"template":"","meta":{"_monsterinsights_skip_tracking":false,"_monsterinsights_sitenote_active":false,"_monsterinsights_sitenote_note":"","_monsterinsights_sitenote_category":0},"product_brand":[],"product_cat":[12370,12304],"product_tag":[],"class_list":{"0":"post-731599","1":"product","2":"type-product","3":"status-publish","5":"product_cat-arastirma-inceleme","6":"product_cat-tarih","7":"pa_cilt-ciltsiz","8":"pa_tur-kitap","9":"pa_yayinevi-bilge-kultur-sanat","10":"pa_yazar-aysegul-kus","12":"first","13":"instock","14":"sale","15":"shipping-taxable","16":"purchasable","17":"product-type-simple"},"_links":{"self":[{"href":"https:\/\/roveyayinevi.com.tr\/index.php\/wp-json\/wp\/v2\/product\/731599","targetHints":{"allow":["GET"]}}],"collection":[{"href":"https:\/\/roveyayinevi.com.tr\/index.php\/wp-json\/wp\/v2\/product"}],"about":[{"href":"https:\/\/roveyayinevi.com.tr\/index.php\/wp-json\/wp\/v2\/types\/product"}],"wp:attachment":[{"href":"https:\/\/roveyayinevi.com.tr\/index.php\/wp-json\/wp\/v2\/media?parent=731599"}],"wp:term":[{"taxonomy":"product_brand","embeddable":true,"href":"https:\/\/roveyayinevi.com.tr\/index.php\/wp-json\/wp\/v2\/product_brand?post=731599"},{"taxonomy":"product_cat","embeddable":true,"href":"https:\/\/roveyayinevi.com.tr\/index.php\/wp-json\/wp\/v2\/product_cat?post=731599"},{"taxonomy":"product_tag","embeddable":true,"href":"https:\/\/roveyayinevi.com.tr\/index.php\/wp-json\/wp\/v2\/product_tag?post=731599"}],"curies":[{"name":"wp","href":"https:\/\/api.w.org\/{rel}","templated":true}]}}