{"id":731598,"date":"2025-08-27T21:34:41","date_gmt":"2025-08-27T18:34:41","guid":{"rendered":"https:\/\/roveyayinevi.com.tr\/index.php\/urun\/cihanname\/"},"modified":"2026-04-16T02:39:42","modified_gmt":"2026-04-15T23:39:42","slug":"cihanname","status":"publish","type":"product","link":"https:\/\/roveyayinevi.com.tr\/index.php\/urun\/cihanname\/","title":{"rendered":"Cihanname"},"content":{"rendered":"<p>Konstantine\u2019ye Sitanbul derler, Rum kasabas\u0131d\u0131r. Eskiden o \u015fehrin ad\u0131 Bizantiye idi ondan sonra ona Sitanbul dediler.\u201d Daha hicr\u00ee 605 gibi erken tarihlerde \u0130stanbul\u2019un konu\u015fma dilinde g\u00fcn\u00fcm\u00fczdeki h\u00e2li ile kaydedildi\u011fi Cihann\u00e2me, tarih\u00ee co\u011frafya alan\u0131nda \u015fimdiye kadar yeterince tevecc\u00fch g\u00f6sterilmemi\u015f bir kaynak olsa da ihtiva etti\u011fi zengin ve \u00f6zg\u00fcn malumat itibariyle bizlere bu \u00e7al\u0131\u015fma hakk\u0131nda daha fazlas\u0131n\u0131 yapma sorumlulu\u011fu y\u00fcklemi\u015ftir. Muhammed b. Nec\u00eeb Bekr\u00e2n devrin muktedir h\u00fck\u00fcmdar\u0131 Sultan Muhammed H\u00e2rezm\u015fah\u2019\u0131n derg\u00e2h\u0131na yakla\u015fmak i\u00e7in kuma\u015f\u0131n \u00fczerine \u00e7izdi\u011fi b\u00fcy\u00fck d\u00fcnya haritas\u0131 co\u011frafi \u00f6l\u00e7ek ile haz\u0131rlanm\u0131\u015f Orta \u00c7a\u011f\u2019\u0131n ilk ve en kadim haritas\u0131 olarak telakki edilmektedir. M\u00fcellifin harita \u00fczerinedeki noktalar\u0131 izah etmek i\u00e7in bir risale olarak kaleme ald\u0131\u011f\u0131 Cihann\u00e2me ise gerek kulland\u0131\u011f\u0131 metodoloji gerekse konu \u00e7e\u015fitlili\u011fi itibariyle klasik \u0130slam co\u011frafyac\u0131lar\u0131n\u0131n eserleri aras\u0131ndan temay\u00fcz eder. Bu t\u00fcr eserlerin T\u00fcrk\u00e7eye kazand\u0131r\u0131lmas\u0131, alan\u0131nda b\u00fcy\u00fck bir bo\u015flu\u011fu kapatmakla birlikte bundan sonra yap\u0131lacak olan \u00e7al\u0131\u015fmalar i\u00e7in de bir basamak mesabesindedir. Bu minvalde Cihann\u00e2me\u2019nin Fars\u00e7adan T\u00fcrk\u00e7eye terc\u00fcmesinin tarih\u00e7ili\u011fimize na\u00e7iz bir fayda olarak k\u00fct\u00fcphanelerimizde yerini alaca\u011f\u0131na dair \u00fcmit bakidir. <\/p>\n","protected":false},"excerpt":{"rendered":"<p>Konstantine\u2019ye Sitanbul derler, Rum kasabas\u0131d\u0131r. Eskiden o \u015fehrin ad\u0131 Bizantiye idi ondan sonra ona Sitanbul dediler.\u201d Daha hicr\u00ee 605 gibi erken tarihlerde \u0130stanbul\u2019un konu\u015fma dilinde g\u00fcn\u00fcm\u00fczdeki<span class=\"excerpt-hellip\"> [\u2026]<\/span><\/p>\n","protected":false},"featured_media":0,"template":"","meta":{"_monsterinsights_skip_tracking":false,"_monsterinsights_sitenote_active":false,"_monsterinsights_sitenote_note":"","_monsterinsights_sitenote_category":0},"product_brand":[],"product_cat":[12370,12304],"product_tag":[],"class_list":{"0":"post-731598","1":"product","2":"type-product","3":"status-publish","5":"product_cat-arastirma-inceleme","6":"product_cat-tarih","7":"pa_cilt-ciltsiz","8":"pa_tur-kitap","9":"pa_yayinevi-bilge-kultur-sanat","10":"pa_yazar-muhammed-b-necib-bekran","12":"first","13":"instock","14":"sale","15":"shipping-taxable","16":"purchasable","17":"product-type-simple"},"_links":{"self":[{"href":"https:\/\/roveyayinevi.com.tr\/index.php\/wp-json\/wp\/v2\/product\/731598","targetHints":{"allow":["GET"]}}],"collection":[{"href":"https:\/\/roveyayinevi.com.tr\/index.php\/wp-json\/wp\/v2\/product"}],"about":[{"href":"https:\/\/roveyayinevi.com.tr\/index.php\/wp-json\/wp\/v2\/types\/product"}],"wp:attachment":[{"href":"https:\/\/roveyayinevi.com.tr\/index.php\/wp-json\/wp\/v2\/media?parent=731598"}],"wp:term":[{"taxonomy":"product_brand","embeddable":true,"href":"https:\/\/roveyayinevi.com.tr\/index.php\/wp-json\/wp\/v2\/product_brand?post=731598"},{"taxonomy":"product_cat","embeddable":true,"href":"https:\/\/roveyayinevi.com.tr\/index.php\/wp-json\/wp\/v2\/product_cat?post=731598"},{"taxonomy":"product_tag","embeddable":true,"href":"https:\/\/roveyayinevi.com.tr\/index.php\/wp-json\/wp\/v2\/product_tag?post=731598"}],"curies":[{"name":"wp","href":"https:\/\/api.w.org\/{rel}","templated":true}]}}