{"id":731596,"date":"2025-08-27T21:34:39","date_gmt":"2025-08-27T18:34:39","guid":{"rendered":"https:\/\/roveyayinevi.com.tr\/index.php\/urun\/levelup-2-ciftlik-hayvanlari-sudoku\/"},"modified":"2026-04-16T02:39:42","modified_gmt":"2026-04-15T23:39:42","slug":"levelup-2-ciftlik-hayvanlari-sudoku","status":"publish","type":"product","link":"https:\/\/roveyayinevi.com.tr\/index.php\/urun\/levelup-2-ciftlik-hayvanlari-sudoku\/","title":{"rendered":"LevelUp! 2 &#8211; \u00c7iftlik Hayvanlar\u0131 Sudoku"},"content":{"rendered":"<p>Sudoku, her g\u00fcn oynayabilece\u011fimiz en pop\u00fcler bellek ve mant\u0131k oyunlar\u0131ndan biridir. \u00c7ocuklarda ve yeti\u015fkinlerde t\u0131pk\u0131 fiziksel egzersiz gibi beyin egzersizi sa\u011flar. Sudoku, bulmaca \u00e7\u00f6zme s\u00fcreci boyunca beyni harekete ge\u00e7iren bir oyun oldu\u011fundan beyne daha h\u0131zl\u0131 d\u00fc\u015f\u00fcnmeyi \u00f6\u011fretmeye yard\u0131mc\u0131 olur. Ne kadar \u00e7ok oynarsan\u0131z d\u00fc\u015f\u00fcnme ve problem \u00e7\u00f6zme becerileriniz o kadar h\u0131zl\u0131 olur. 4&#215;4 manyetik \u00e7iftlik hayvanlar\u0131 sudoku oyunu kolay, orta ve zor seviyelerden olu\u015fur. Kutu \u0130\u00e7eri\u011fi:1 adet manyetik oyun tablas\u0131, 20 adet \u00e7ift tarafl\u0131 4&#215;4 oyun kart\u0131, 16 adet manyetik oyun pulu, 1 adet oyun kitap\u00e7\u0131\u011f\u0131. Ya\u015f Grubu:3+ Ya\u015f<\/p>\n","protected":false},"excerpt":{"rendered":"<p>Sudoku, her g\u00fcn oynayabilece\u011fimiz en pop\u00fcler bellek ve mant\u0131k oyunlar\u0131ndan biridir. \u00c7ocuklarda ve yeti\u015fkinlerde t\u0131pk\u0131 fiziksel egzersiz gibi beyin egzersizi sa\u011flar. Sudoku, bulmaca \u00e7\u00f6zme s\u00fcreci boyunca<span class=\"excerpt-hellip\"> [\u2026]<\/span><\/p>\n","protected":false},"featured_media":0,"template":"","meta":{"_monsterinsights_skip_tracking":false,"_monsterinsights_sitenote_active":false,"_monsterinsights_sitenote_note":"","_monsterinsights_sitenote_category":0},"product_brand":[],"product_cat":[12274,24599],"product_tag":[],"class_list":{"0":"post-731596","1":"product","2":"type-product","3":"status-publish","5":"product_cat-cocuk-ve-genclik-kitaplari","6":"product_cat-zeka-gelisimi","7":"pa_cilt-ciltsiz","8":"pa_tur-kitap20","9":"pa_yayinevi-dikkat-atolyesi-yayinlari","10":"pa_yazar-dikkat-atolyesi-kolektif","12":"first","13":"instock","14":"sale","15":"shipping-taxable","16":"purchasable","17":"product-type-simple"},"_links":{"self":[{"href":"https:\/\/roveyayinevi.com.tr\/index.php\/wp-json\/wp\/v2\/product\/731596","targetHints":{"allow":["GET"]}}],"collection":[{"href":"https:\/\/roveyayinevi.com.tr\/index.php\/wp-json\/wp\/v2\/product"}],"about":[{"href":"https:\/\/roveyayinevi.com.tr\/index.php\/wp-json\/wp\/v2\/types\/product"}],"wp:attachment":[{"href":"https:\/\/roveyayinevi.com.tr\/index.php\/wp-json\/wp\/v2\/media?parent=731596"}],"wp:term":[{"taxonomy":"product_brand","embeddable":true,"href":"https:\/\/roveyayinevi.com.tr\/index.php\/wp-json\/wp\/v2\/product_brand?post=731596"},{"taxonomy":"product_cat","embeddable":true,"href":"https:\/\/roveyayinevi.com.tr\/index.php\/wp-json\/wp\/v2\/product_cat?post=731596"},{"taxonomy":"product_tag","embeddable":true,"href":"https:\/\/roveyayinevi.com.tr\/index.php\/wp-json\/wp\/v2\/product_tag?post=731596"}],"curies":[{"name":"wp","href":"https:\/\/api.w.org\/{rel}","templated":true}]}}