{"id":731594,"date":"2025-08-27T21:34:37","date_gmt":"2025-08-27T18:34:37","guid":{"rendered":"https:\/\/roveyayinevi.com.tr\/index.php\/urun\/levelup-1-thinkup-mantik-sudoku\/"},"modified":"2026-04-16T02:39:42","modified_gmt":"2026-04-15T23:39:42","slug":"levelup-1-thinkup-mantik-sudoku","status":"publish","type":"product","link":"https:\/\/roveyayinevi.com.tr\/index.php\/urun\/levelup-1-thinkup-mantik-sudoku\/","title":{"rendered":"LevelUp! 1 &#8211; ThinkUp! Mant\u0131k Sudoku"},"content":{"rendered":"<p>3&#215;3 Manyetik Mant\u0131k SudokuSudoku mant\u0131\u011f\u0131n\u0131 olu\u015fturmak i\u00e7in haz\u0131rlanan 3&#215;3 manyetik mant\u0131k sudoku oyunu, 9 adet manyetik oyun puluyla oynan\u0131r. Her sat\u0131r ve her s\u00fctunda verilen say\u0131+hayvan resimlerine g\u00f6re o sat\u0131r veya o s\u00fctuna belirtilen adette hayvan fig\u00fcrlerinin gelmesi hedeflenir. Ayn\u0131 hayvan fig\u00fcrlerinin kesi\u015fti\u011fi noktalar \u00f6nemli bir ipucu i\u00e7erir. Sadece oyun kart\u0131nda belirtilen hayvan fig\u00fcrleri kullan\u0131larak oyun tamamlan\u0131r.Mant\u0131ksal d\u00fc\u015f\u00fcnme becerisini geli\u015ftiren bu oyun \u00e7ocuklarda dikkat ve odaklanma, bellek, ak\u0131l y\u00fcr\u00fctme, mant\u0131k ve muhakeme becerilerinin geli\u015fmesini sa\u011flar.3&#215;3 manyetik mant\u0131k sudoku oyunu kolay, orta ve zor seviyelerden olu\u015fur.Kutu \u0130\u00e7eri\u011fi1 adet manyetik oyun tablas\u0131, 12 adet manyetik oyun pulu, 25 adet \u00e7ift tarafl\u0131 3&#215;3 oyun kart\u0131, 1 adet oyun kitap\u00e7\u0131\u011f\u0131.<\/p>\n","protected":false},"excerpt":{"rendered":"<p>3&#215;3 Manyetik Mant\u0131k SudokuSudoku mant\u0131\u011f\u0131n\u0131 olu\u015fturmak i\u00e7in haz\u0131rlanan 3&#215;3 manyetik mant\u0131k sudoku oyunu, 9 adet manyetik oyun puluyla oynan\u0131r. Her sat\u0131r ve her s\u00fctunda verilen say\u0131+hayvan<span class=\"excerpt-hellip\"> [\u2026]<\/span><\/p>\n","protected":false},"featured_media":0,"template":"","meta":{"_monsterinsights_skip_tracking":false,"_monsterinsights_sitenote_active":false,"_monsterinsights_sitenote_note":"","_monsterinsights_sitenote_category":0},"product_brand":[],"product_cat":[12274,24599],"product_tag":[],"class_list":{"0":"post-731594","1":"product","2":"type-product","3":"status-publish","5":"product_cat-cocuk-ve-genclik-kitaplari","6":"product_cat-zeka-gelisimi","7":"pa_cilt-ciltsiz","8":"pa_tur-kitap20","9":"pa_yayinevi-dikkat-atolyesi-yayinlari","10":"pa_yazar-dikkat-atolyesi-kolektif","12":"first","13":"instock","14":"sale","15":"shipping-taxable","16":"purchasable","17":"product-type-simple"},"_links":{"self":[{"href":"https:\/\/roveyayinevi.com.tr\/index.php\/wp-json\/wp\/v2\/product\/731594","targetHints":{"allow":["GET"]}}],"collection":[{"href":"https:\/\/roveyayinevi.com.tr\/index.php\/wp-json\/wp\/v2\/product"}],"about":[{"href":"https:\/\/roveyayinevi.com.tr\/index.php\/wp-json\/wp\/v2\/types\/product"}],"wp:attachment":[{"href":"https:\/\/roveyayinevi.com.tr\/index.php\/wp-json\/wp\/v2\/media?parent=731594"}],"wp:term":[{"taxonomy":"product_brand","embeddable":true,"href":"https:\/\/roveyayinevi.com.tr\/index.php\/wp-json\/wp\/v2\/product_brand?post=731594"},{"taxonomy":"product_cat","embeddable":true,"href":"https:\/\/roveyayinevi.com.tr\/index.php\/wp-json\/wp\/v2\/product_cat?post=731594"},{"taxonomy":"product_tag","embeddable":true,"href":"https:\/\/roveyayinevi.com.tr\/index.php\/wp-json\/wp\/v2\/product_tag?post=731594"}],"curies":[{"name":"wp","href":"https:\/\/api.w.org\/{rel}","templated":true}]}}