{"id":731593,"date":"2025-08-27T21:34:36","date_gmt":"2025-08-27T18:34:36","guid":{"rendered":"https:\/\/roveyayinevi.com.tr\/index.php\/urun\/su-gunlukleri-2-ben-kiskanc-miyim\/"},"modified":"2026-04-16T02:39:42","modified_gmt":"2026-04-15T23:39:42","slug":"su-gunlukleri-2-ben-kiskanc-miyim","status":"publish","type":"product","link":"https:\/\/roveyayinevi.com.tr\/index.php\/urun\/su-gunlukleri-2-ben-kiskanc-miyim\/","title":{"rendered":"Su G\u00fcnl\u00fckleri &#8211; 2 Ben K\u0131skan\u00e7 m\u0131y\u0131m?"},"content":{"rendered":"<p>Hemen aynaya ko\u015fun ve birini k\u0131skan\u0131rken nas\u0131l g\u00f6r\u00fcnd\u00fc\u011f\u00fcn\u00fcze bak\u0131n! Hanzade Servi&#8217;nin ne\u015feli anlat\u0131m\u0131 ve Ali Benice&#8217;nin ele avuca s\u0131\u011fmayan resimleriyle kahkahay\u0131 garantileyen Ben K\u0131skan\u00e7 m\u0131y\u0131m?, dijital \u00e7a\u011f\u0131n \u00e7ocuklar\u0131na okumay\u0131 sevdirme konusunda fillere bale yapt\u0131rabilecek kadar iddial\u0131 \u201cSu G\u00fcnl\u00fckleri\u201d serisinin ikinci kitab\u0131. Su Ho\u015feda EnMutlu ad\u0131nda on bir ya\u015f\u0131ndaki bir k\u0131z\u0131n delidolu g\u00fcnl\u00fck yaz\u0131lar\u0131n\u0131 sayfalar\u0131na ta\u015f\u0131yan bu e\u011flenceli seri; aile ba\u011flar\u0131, arkada\u015fl\u0131k, okul hayat\u0131 gibi konulara e\u011filirken hem g\u00fcld\u00fcr\u00fcyor hem de d\u00fc\u015f\u00fcnd\u00fcr\u00fcyor. K\u0131skan\u00e7l\u0131k duygusunu arkada\u015f ve karde\u015f ili\u015fkileri ekseninde enine boyuna irdeleyen Ben K\u0131skan\u00e7 m\u0131y\u0131m?, kendini tan\u0131ma ve i\u00e7indeki potansiyeli fark etme hususunda okurlara \u00f6nemli \u00f6neriler sunuyor; ba\u015fkalar\u0131n\u0131n g\u00f6z\u00fcnde k\u00fc\u00e7\u00fck d\u00fc\u015fme ve utanma endi\u015felerinin yersizli\u011fine vurgu yap\u0131yor.   Su Ho\u015feda EnMutlu&#8217;nun (yoksa EnK\u0131skan\u00e7 m\u0131 demeliydik?) HAR\u0130KULATE\u015eEM (hem harika hem harikulade hem de muhte\u015fem olan \u015fey) g\u00fcnl\u00fc\u011f\u00fcn\u00fc okumak i\u00e7in yeniden bir araday\u0131z! Su, yar\u0131y\u0131l tatilinde \u0130zci kul\u00fcb\u00fcndeki arkada\u015flar\u0131yla birlikte kampa gidecektir. Ah, ke\u015fke bir mucize ger\u00e7ekle\u015fse de bu i\u015ften kurtulabilse&#8230; Mesela bir hortum tsunamisi \u00e7\u0131ksa ya da orman alan\u0131 uzayl\u0131 istilas\u0131na u\u011frasa! Bu arada, Su hari\u00e7 herkes, hipnotize olmu\u015f gibi Krizantem Alone adl\u0131 yazar\u0131 okuyor! Su&#8217;ya g\u00f6re Krizantem&#8217;in yeni kitab\u0131 kesinlikle iyi falan de\u011fil. Zaten on be\u015f ya\u015f\u0131nda bir k\u0131z\u0131n yazd\u0131klar\u0131ndan ne beklenebilir? \u015eey&#8230; yoksa Su az\u0131c\u0131k KISKAN\u00c7 olabilir mi? Eyvah! Tamam, herkes bir \u015feyleri k\u0131skan\u0131r ama \u00f6nemli olan \u015fu: Acaba Su, \u201csinkan\u00e7\u201d m\u0131, yoksa \u201cverikan\u00e7\u201d m\u0131? T\u00fcm bu kar\u0131\u015f\u0131kl\u0131klar yetmezmi\u015f gibi bir de Gulyabani efsanesi dadan\u0131yor Su&#8217;nun sa\u00e7lar\u0131na. Gulyabani kamp alan\u0131n\u0131n as\u0131rl\u0131k sakiniymi\u015f de, k\u0131v\u0131rc\u0131k sa\u00e7l\u0131 k\u0131zlar\u0131 ka\u00e7\u0131r\u0131rm\u0131\u015f da&#8230; Kim inan\u0131r? Yoksa anlat\u0131lanlar ger\u00e7ek mi? Su&#8217;nun size verece\u011fi s\u0131rlar\u0131 bir sincab\u0131n cevizleri gibi saklayaca\u011f\u0131n\u0131za s\u00f6z verirseniz bu g\u00fcnl\u00fc\u011f\u00fcn tad\u0131n\u0131 doyas\u0131ya \u00e7\u0131karabilirsiniz. Bizden s\u00f6ylemesi&#8230;    Mizahtan beslenen hareketli \u00f6yk\u00fcs\u00fc, \u00e7\u0131lg\u0131n tiplemeleri ve matrak \u00e7izimleriyle okurunu daha ilk sayfalar\u0131ndan i\u00e7ine \u00e7ekmeyi ba\u015faran bu a\u015f\u0131r\u0131 komik kitap, payla\u015ft\u0131\u011f\u0131 yarat\u0131c\u0131 ileti\u015fim \u00f6nerileri ve ilham verici fikirlerle de zihinleri uyan\u0131k tutuyor.     Bo\u015f zamanlar\u0131n\u0131 sosyal medyada s\u00f6rf yaparak ge\u00e7iren g\u00fcn\u00fcm\u00fcz \u00e7ocuklar\u0131n\u0131n ekran ba\u011f\u0131ml\u0131l\u0131\u011f\u0131na k\u0131sa ve tatl\u0131 bir ara verdirmeyi hedefleyen \u201cSu G\u00fcnl\u00fckleri\u201d serisi, sorgulamaya ve yeni \u015feyler ke\u015ffetmeye dayal\u0131 maceralar ya\u015fatarak bu t\u00fcrde kaleme al\u0131nm\u0131\u015f eserlerden farkl\u0131la\u015f\u0131yor.<\/p>\n","protected":false},"excerpt":{"rendered":"<p>Hemen aynaya ko\u015fun ve birini k\u0131skan\u0131rken nas\u0131l g\u00f6r\u00fcnd\u00fc\u011f\u00fcn\u00fcze bak\u0131n! Hanzade Servi&#8217;nin ne\u015feli anlat\u0131m\u0131 ve Ali Benice&#8217;nin ele avuca s\u0131\u011fmayan resimleriyle kahkahay\u0131 garantileyen Ben K\u0131skan\u00e7 m\u0131y\u0131m?, dijital<span class=\"excerpt-hellip\"> [\u2026]<\/span><\/p>\n","protected":false},"featured_media":0,"template":"","meta":{"_monsterinsights_skip_tracking":false,"_monsterinsights_sitenote_active":false,"_monsterinsights_sitenote_note":"","_monsterinsights_sitenote_category":0},"product_brand":[],"product_cat":[12275,12274],"product_tag":[],"class_list":{"0":"post-731593","1":"product","2":"type-product","3":"status-publish","5":"product_cat-6-12-yas-kitaplari","6":"product_cat-cocuk-ve-genclik-kitaplari","7":"pa_cilt-ciltli","8":"pa_tur-kitap","9":"pa_yayinevi-tudem-yayinlari","10":"pa_yazar-hanzade-servi","12":"first","13":"instock","14":"sale","15":"shipping-taxable","16":"purchasable","17":"product-type-simple"},"_links":{"self":[{"href":"https:\/\/roveyayinevi.com.tr\/index.php\/wp-json\/wp\/v2\/product\/731593","targetHints":{"allow":["GET"]}}],"collection":[{"href":"https:\/\/roveyayinevi.com.tr\/index.php\/wp-json\/wp\/v2\/product"}],"about":[{"href":"https:\/\/roveyayinevi.com.tr\/index.php\/wp-json\/wp\/v2\/types\/product"}],"wp:attachment":[{"href":"https:\/\/roveyayinevi.com.tr\/index.php\/wp-json\/wp\/v2\/media?parent=731593"}],"wp:term":[{"taxonomy":"product_brand","embeddable":true,"href":"https:\/\/roveyayinevi.com.tr\/index.php\/wp-json\/wp\/v2\/product_brand?post=731593"},{"taxonomy":"product_cat","embeddable":true,"href":"https:\/\/roveyayinevi.com.tr\/index.php\/wp-json\/wp\/v2\/product_cat?post=731593"},{"taxonomy":"product_tag","embeddable":true,"href":"https:\/\/roveyayinevi.com.tr\/index.php\/wp-json\/wp\/v2\/product_tag?post=731593"}],"curies":[{"name":"wp","href":"https:\/\/api.w.org\/{rel}","templated":true}]}}