{"id":731592,"date":"2025-08-27T21:34:35","date_gmt":"2025-08-27T18:34:35","guid":{"rendered":"https:\/\/roveyayinevi.com.tr\/index.php\/urun\/levelup-9-zincir-sudoku\/"},"modified":"2026-04-16T02:39:42","modified_gmt":"2026-04-15T23:39:42","slug":"levelup-9-zincir-sudoku","status":"publish","type":"product","link":"https:\/\/roveyayinevi.com.tr\/index.php\/urun\/levelup-9-zincir-sudoku\/","title":{"rendered":"LevelUp! 9 &#8211; Zincir Sudoku"},"content":{"rendered":"<p>Dikkat At\u00f6lyesi Yay\u0131nlar\u0131 Level Up! 9 &#8211; Zincir Sudoku Zincir sudoku, her g\u00fcn oynayabilece\u011fimiz en pop\u00fcler bellek ve mant\u0131k oyunlar\u0131ndan biridir. \u00c7ocuklarda ve yeti\u015fkinlerde t\u0131pk\u0131 fiziksel egzersiz gibi beyin egzersizi sa\u011flar. Zincir sudoku, bulmaca \u00e7\u00f6zme s\u00fcreci boyunca beyni harekete ge\u00e7iren bir oyun oldu\u011fundan beyne daha h\u0131zl\u0131 d\u00fc\u015f\u00fcnmeyi \u00f6\u011fretmeye yard\u0131mc\u0131 olur. Ne kadar \u00e7ok oynarsan\u0131z d\u00fc\u015f\u00fcnme ve problem \u00e7\u00f6zme becerileriniz o kadar h\u0131zl\u0131 olur. Oyunda kartlardaki seviyeye g\u00f6re \u00e7izgilerle birbirine ba\u011flanm\u0131\u015f her d\u00f6rtl\u00fc grupta 1\u2019den 4\u2019e kadar, her be\u015fli grupta 1\u2019den 5\u2019e kadar her rakam sadece bir kez kullan\u0131l\u0131r. 4&#215;4 &#8211; 5&#215;5 manyetik zincir sudoku oyunu kolay, orta ve zor seviyelerden olu\u015fur. Kutu \u0130\u00e7eri\u011fi: 1 adet manyetik oyun tablas\u0131, toplam 20 adet \u00e7ift tarafl\u0131 4&#215;4 &#8211; 5&#215;5 oyun kart\u0131, 25 adet manyetik oyun pulu, 1 adet oyun kitap\u00e7\u0131\u011f\u0131. Ya\u015f Grubu:7+ Ya\u015f<\/p>\n","protected":false},"excerpt":{"rendered":"<p>Dikkat At\u00f6lyesi Yay\u0131nlar\u0131 Level Up! 9 &#8211; Zincir Sudoku Zincir sudoku, her g\u00fcn oynayabilece\u011fimiz en pop\u00fcler bellek ve mant\u0131k oyunlar\u0131ndan biridir. \u00c7ocuklarda ve yeti\u015fkinlerde t\u0131pk\u0131 fiziksel<span class=\"excerpt-hellip\"> [\u2026]<\/span><\/p>\n","protected":false},"featured_media":0,"template":"","meta":{"_monsterinsights_skip_tracking":false,"_monsterinsights_sitenote_active":false,"_monsterinsights_sitenote_note":"","_monsterinsights_sitenote_category":0},"product_brand":[],"product_cat":[12492,12274],"product_tag":[],"class_list":{"0":"post-731592","1":"product","2":"type-product","3":"status-publish","5":"product_cat-bilmece-bulmaca","6":"product_cat-cocuk-ve-genclik-kitaplari","7":"pa_cilt-ciltsiz","8":"pa_tur-kitap20","9":"pa_yayinevi-dikkat-atolyesi-yayinlari","10":"pa_yazar-dikkat-atolyesi-kolektif","12":"first","13":"instock","14":"sale","15":"shipping-taxable","16":"purchasable","17":"product-type-simple"},"_links":{"self":[{"href":"https:\/\/roveyayinevi.com.tr\/index.php\/wp-json\/wp\/v2\/product\/731592","targetHints":{"allow":["GET"]}}],"collection":[{"href":"https:\/\/roveyayinevi.com.tr\/index.php\/wp-json\/wp\/v2\/product"}],"about":[{"href":"https:\/\/roveyayinevi.com.tr\/index.php\/wp-json\/wp\/v2\/types\/product"}],"wp:attachment":[{"href":"https:\/\/roveyayinevi.com.tr\/index.php\/wp-json\/wp\/v2\/media?parent=731592"}],"wp:term":[{"taxonomy":"product_brand","embeddable":true,"href":"https:\/\/roveyayinevi.com.tr\/index.php\/wp-json\/wp\/v2\/product_brand?post=731592"},{"taxonomy":"product_cat","embeddable":true,"href":"https:\/\/roveyayinevi.com.tr\/index.php\/wp-json\/wp\/v2\/product_cat?post=731592"},{"taxonomy":"product_tag","embeddable":true,"href":"https:\/\/roveyayinevi.com.tr\/index.php\/wp-json\/wp\/v2\/product_tag?post=731592"}],"curies":[{"name":"wp","href":"https:\/\/api.w.org\/{rel}","templated":true}]}}